{"id":45540,"date":"2026-04-22T00:22:15","date_gmt":"2026-04-21T23:22:15","guid":{"rendered":"https:\/\/racefinder.pt\/?post_type=product&#038;p=45540"},"modified":"2026-04-22T10:00:43","modified_gmt":"2026-04-22T09:00:43","slug":"3o-grande-premio-de-santo-antonio-de-reguengos-de-monsaraz","status":"publish","type":"product","link":"https:\/\/racefinder.pt\/pt\/event\/3o-grande-premio-de-santo-antonio-de-reguengos-de-monsaraz\/","title":{"rendered":"3\u00ba Grande Pr\u00e9mio de Santo Ant\u00f3nio de Reguengos de Monsaraz"},"content":{"rendered":"","protected":false},"excerpt":{"rendered":"","protected":false},"featured_media":45094,"comment_status":"open","ping_status":"closed","template":"","meta":{"_acf_changed":false,"footnotes":""},"product_brand":[],"product_cat":[140,129,225],"product_tag":[],"class_list":{"0":"post-45540","1":"product","2":"type-product","3":"status-publish","4":"has-post-thumbnail","6":"product_cat-caminhada","7":"product_cat-corrida","8":"product_cat-10-km-pt","10":"first","11":"instock","12":"shipping-taxable","13":"purchasable","14":"product-type-variable"},"acf":{"event_location_text":"Reguengos De Monsaraz, \u00c9vora","event_short_description":"<p>O 3\u00ba Grande Pr\u00e9mio de Atletismo Santo Ant\u00f3nio de Reguengos de Monsaraz realiza-se a 14 de junho de 2026 na Pra\u00e7a da Liberdade, Reguengos de Monsaraz, \u00c9vora. A prova inclui uma corrida de 10 km e uma caminhada de 5 km.<\/p>\n<p>O evento est\u00e1 aberto a todos os atletas, federados e n\u00e3o federados, incluindo representa\u00e7\u00f5es de coletividades, organiza\u00e7\u00f5es populares, grupos desportivos, escolas e indiv\u00edduos. Os participantes competem em v\u00e1rias categorias et\u00e1rias, incluindo juniores, seniores e veteranos.<\/p>\n<p>A prova oferece classifica\u00e7\u00f5es individuais e coletivas para homens e mulheres, com pr\u00e9mios monet\u00e1rios e trof\u00e9us para os melhores classificados. A atmosfera \u00e9 competitiva e inclusiva, com apoio das autoridades locais e volunt\u00e1rios.<\/p>\n","organizer_description":"<p><strong><a class=\"\" href=\"https:\/\/assets.acorrer.pt\/media\/9261\/69df5229caa3c_Regulamento.pdf\" target=\"_new\" rel=\"noopener\">Regulamento \u2197<\/a><\/strong><\/p>\n<p><strong>Escal\u00f5es\/categorias:<\/strong><br \/>\n\u2022 Juniores M\/F (nascidos em 2007 e 2008)<br \/>\n\u2022 Seniores M\/F (nascidos em 2006 at\u00e9 34 anos)<br \/>\n\u2022 Veteranos F35 (35-39)<br \/>\n\u2022 Veteranas F40 (40-44)<br \/>\n\u2022 Veteranas F45 (45-49)<br \/>\n\u2022 Veteranas F50 (50-54)<br \/>\n\u2022 Veteranas F55 (55-59)<br \/>\n\u2022 Veteranas F60 (60-64)<br \/>\n\u2022 Veteranas F65 (65+)<br \/>\n\u2022 Veteranos M-35 (35-39)<br \/>\n\u2022 Veteranos M-40 (40-44)<br \/>\n\u2022 Veteranos M-45 (45-49)<br \/>\n\u2022 Veteranos M-50 (50-54)<br \/>\n\u2022 Veteranos M-55 (55-59)<br \/>\n\u2022 Veteranos-60 (60-64)<br \/>\n\u2022 Veteranos M-65 (65+)<\/p>\n<p><strong>Locais de partida\/chegada:<\/strong> Pra\u00e7a da Liberdade, Reguengos de Monsaraz<\/p>\n<p><strong>Hor\u00e1rios de partida por categoria\/dist\u00e2ncia:<\/strong> 09:30 para Juniores, Seniores e Veteranos (Masculinos e Femininos)<\/p>\n<p><strong>Levantamento de dorsais (data\/hora e local):<\/strong><br \/>\n\u2022 13 de junho, 16:00\u201320:00 na Casa do Benfica de Reguengos de Monsaraz<br \/>\n\u2022 14 de junho, a partir das 07:30 na Pra\u00e7a da Liberdade<\/p>\n<p><strong>Prazo de inscri\u00e7\u00e3o:<\/strong> 8 de junho de 2026<\/p>\n<p><strong>Tipos de piso:<\/strong> Corrida em estrada<\/p>\n<p><strong>Formato do percurso:<\/strong> Corrida de 10 km com 3 voltas<\/p>\n<p><strong>WC e localiza\u00e7\u00e3o dos abastecimentos:<\/strong> Um abastecimento de \u00e1gua aos 5 km e na chegada<\/p>\n<p><strong>Pr\u00e9mios:<\/strong><br \/>\n\u2022 Pr\u00e9mios monet\u00e1rios e trof\u00e9us para categorias individuais (Juniores, Seniores, Veteranos masculino e feminino)<br \/>\n\u2022 Trof\u00e9us para as 3 melhores equipas (masculinas e femininas)<br \/>\n\u2022 T-shirt t\u00e9cnica para todos os participantes<br \/>\n\u2022 Medalha de finisher para todos os que conclu\u00edrem a prova<\/p>\n","race_benefits":"<p>\ud83c\udfbd Kit do atleta: dorsal e t-shirt para participantes da caminhada<br \/>\n\ud83c\udfc5 Pr\u00e9mio de finalista: medalha para todos os atletas que conclu\u00edrem a prova<br \/>\n\ud83e\udd64 Abastecimentos: \u00e1gua aos 5 km e na chegada<br \/>\n\ud83d\udedf Apoio de seguran\u00e7a: Bombeiros volunt\u00e1rios presentes na partida e chegada<br \/>\n\ud83d\udee1\ufe0f Seguro: todos os atletas cobertos por seguro desportivo durante a competi\u00e7\u00e3o<br \/>\n\ud83d\udebf Acesso \u00e0s piscinas municipais para banho p\u00f3s-prova<\/p>\n","event_faq_headline":"FAQ","event_faq_items":[{"item_title":"Como chegar ao evento?","item_description":"O evento realiza-se na Pra\u00e7a da Liberdade, Reguengos de Monsaraz. N\u00e3o h\u00e1 detalhes espec\u00edficos de transporte."},{"item_title":"Podem participar crian\u00e7as?","item_description":"Sim, existem categorias juniores para nascidos em 2007 e 2008."},{"item_title":"Como fa\u00e7o a inscri\u00e7\u00e3o?","item_description":"A inscri\u00e7\u00e3o \u00e9 feita online em www.acorrer.pt at\u00e9 8 de junho de 2026."},{"item_title":"Quais as dist\u00e2ncias dispon\u00edveis?","item_description":"Corrida de 10 km e caminhada de 5 km."},{"item_title":"\u00c9 necess\u00e1ria roupa especial?","item_description":"N\u00e3o \u00e9 mencionada roupa especial; presume-se vestu\u00e1rio desportivo comum."}],"event_date_start":"20260614","event_date_end":"20260614","event_start_time":"","event_country":"portugal","event_ticket_url":"https:\/\/acorrer.pt\/eventos\/4312\/info","event_latitude":"38.4245","event_longitude":"-7.5347","event_rating":"","is_hot_event":false,"event_participants_count":"0","organizer_avatar":false,"event_gallery":false,"purchasing_all_variations_through_woocommerce":false,"optional_extras":false,"organizer_website":{"title":"","url":"","target":"","0":""}},"_links":{"self":[{"href":"https:\/\/racefinder.pt\/pt\/wp-json\/wp\/v2\/product\/45540","targetHints":{"allow":["GET"]}}],"collection":[{"href":"https:\/\/racefinder.pt\/pt\/wp-json\/wp\/v2\/product"}],"about":[{"href":"https:\/\/racefinder.pt\/pt\/wp-json\/wp\/v2\/types\/product"}],"replies":[{"embeddable":true,"href":"https:\/\/racefinder.pt\/pt\/wp-json\/wp\/v2\/comments?post=45540"}],"version-history":[{"count":1,"href":"https:\/\/racefinder.pt\/pt\/wp-json\/wp\/v2\/product\/45540\/revisions"}],"predecessor-version":[{"id":45541,"href":"https:\/\/racefinder.pt\/pt\/wp-json\/wp\/v2\/product\/45540\/revisions\/45541"}],"wp:featuredmedia":[{"embeddable":true,"href":"https:\/\/racefinder.pt\/pt\/wp-json\/wp\/v2\/media\/45094"}],"wp:attachment":[{"href":"https:\/\/racefinder.pt\/pt\/wp-json\/wp\/v2\/media?parent=45540"}],"wp:term":[{"taxonomy":"product_brand","embeddable":true,"href":"https:\/\/racefinder.pt\/pt\/wp-json\/wp\/v2\/product_brand?post=45540"},{"taxonomy":"product_cat","embeddable":true,"href":"https:\/\/racefinder.pt\/pt\/wp-json\/wp\/v2\/product_cat?post=45540"},{"taxonomy":"product_tag","embeddable":true,"href":"https:\/\/racefinder.pt\/pt\/wp-json\/wp\/v2\/product_tag?post=45540"}],"curies":[{"name":"wp","href":"https:\/\/api.w.org\/{rel}","templated":true}]}}