{"id":45398,"date":"2026-04-21T00:24:43","date_gmt":"2026-04-20T23:24:43","guid":{"rendered":"https:\/\/racefinder.pt\/?post_type=product&#038;p=45398"},"modified":"2026-04-21T12:18:29","modified_gmt":"2026-04-21T11:18:29","slug":"7-o-grande-premio-de-agualva-mira-sintra","status":"publish","type":"product","link":"https:\/\/racefinder.pt\/pt\/event\/7-o-grande-premio-de-agualva-mira-sintra\/","title":{"rendered":"7.\u00ba GRANDE PR\u00c9MIO DE AGUALVA MIRA SINTRA"},"content":{"rendered":"","protected":false},"excerpt":{"rendered":"","protected":false},"featured_media":45183,"comment_status":"open","ping_status":"closed","template":"","meta":{"_acf_changed":false,"footnotes":""},"product_brand":[],"product_cat":[129,246,2697,161],"product_tag":[],"class_list":{"0":"post-45398","1":"product","2":"type-product","3":"status-publish","4":"has-post-thumbnail","6":"product_cat-corrida","7":"product_cat-corrida-de-rua","8":"product_cat-jovens","9":"product_cat-kids-pt","11":"first","12":"instock","13":"shipping-taxable","14":"product-type-variable"},"acf":{"event_location_text":"Sintra, Lisboa","event_short_description":"<p>O 7.\u00ba Grande Pr\u00e9mio de Agualva Mira Sintra, integrado no Trof\u00e9u Sintra a Correr, realiza-se a 17 de maio de 2026, em Agualva e Mira Sintra, Portugal. Esta prova de corrida promove h\u00e1bitos saud\u00e1veis, conv\u00edvio e a pr\u00e1tica regular de atividade f\u00edsica.<\/p>\n<p>O evento \u00e9 uma das 11 provas realizadas entre mar\u00e7o e junho no \u00e2mbito do Trof\u00e9u Sintra a Correr, incentivando a participa\u00e7\u00e3o da comunidade local. \u00c9 organizado pela C\u00e2mara Municipal de Sintra e pela Junta de Freguesia de Agualva e Mira Sintra.<\/p>\n","organizer_description":"","race_benefits":"","event_faq_headline":"FAQ","event_faq_items":false,"event_date_start":"20260517","event_date_end":"20260517","event_start_time":"","event_country":"portugal","event_ticket_url":"https:\/\/cm-sintra.pt\/atualidade\/agenda\/desporto\/3903-7-grande-premio-de-agualva-mira-sintra\/2026-05-17-18-15","event_latitude":"38.7823","event_longitude":"-9.3005","event_rating":"","is_hot_event":false,"event_participants_count":"0","organizer_avatar":false,"event_gallery":false,"purchasing_all_variations_through_woocommerce":false,"optional_extras":false,"organizer_website":{"title":"","url":"","target":"","0":""}},"_links":{"self":[{"href":"https:\/\/racefinder.pt\/pt\/wp-json\/wp\/v2\/product\/45398","targetHints":{"allow":["GET"]}}],"collection":[{"href":"https:\/\/racefinder.pt\/pt\/wp-json\/wp\/v2\/product"}],"about":[{"href":"https:\/\/racefinder.pt\/pt\/wp-json\/wp\/v2\/types\/product"}],"replies":[{"embeddable":true,"href":"https:\/\/racefinder.pt\/pt\/wp-json\/wp\/v2\/comments?post=45398"}],"version-history":[{"count":1,"href":"https:\/\/racefinder.pt\/pt\/wp-json\/wp\/v2\/product\/45398\/revisions"}],"predecessor-version":[{"id":45399,"href":"https:\/\/racefinder.pt\/pt\/wp-json\/wp\/v2\/product\/45398\/revisions\/45399"}],"wp:featuredmedia":[{"embeddable":true,"href":"https:\/\/racefinder.pt\/pt\/wp-json\/wp\/v2\/media\/45183"}],"wp:attachment":[{"href":"https:\/\/racefinder.pt\/pt\/wp-json\/wp\/v2\/media?parent=45398"}],"wp:term":[{"taxonomy":"product_brand","embeddable":true,"href":"https:\/\/racefinder.pt\/pt\/wp-json\/wp\/v2\/product_brand?post=45398"},{"taxonomy":"product_cat","embeddable":true,"href":"https:\/\/racefinder.pt\/pt\/wp-json\/wp\/v2\/product_cat?post=45398"},{"taxonomy":"product_tag","embeddable":true,"href":"https:\/\/racefinder.pt\/pt\/wp-json\/wp\/v2\/product_tag?post=45398"}],"curies":[{"name":"wp","href":"https:\/\/api.w.org\/{rel}","templated":true}]}}