{"id":45386,"date":"2026-04-21T00:22:56","date_gmt":"2026-04-20T23:22:56","guid":{"rendered":"https:\/\/racefinder.pt\/?post_type=product&#038;p=45386"},"modified":"2026-04-21T12:18:20","modified_gmt":"2026-04-21T11:18:20","slug":"rio-de-mouro-cross-run-11-o-grande-premio-carlos-correia","status":"publish","type":"product","link":"https:\/\/racefinder.pt\/pt\/event\/rio-de-mouro-cross-run-11-o-grande-premio-carlos-correia\/","title":{"rendered":"RIO DE MOURO CROSS RUN 11.\u00ba GRANDE PR\u00c9MIO CARLOS CORREIA"},"content":{"rendered":"","protected":false},"excerpt":{"rendered":"","protected":false},"featured_media":45170,"comment_status":"open","ping_status":"closed","template":"","meta":{"_acf_changed":false,"footnotes":""},"product_brand":[],"product_cat":[129,246,2697,161],"product_tag":[],"class_list":{"0":"post-45386","1":"product","2":"type-product","3":"status-publish","4":"has-post-thumbnail","6":"product_cat-corrida","7":"product_cat-corrida-de-rua","8":"product_cat-jovens","9":"product_cat-kids-pt","11":"first","12":"instock","13":"shipping-taxable","14":"product-type-variable"},"acf":{"event_location_text":"Sintra, Lisboa","event_short_description":"<p>A Corrida Cross de Rio de Mouro, parte do 11.\u00ba Grande Pr\u00e9mio Carlos Correia e do Trof\u00e9u Sintra a Correr, \u00e9 um evento de corrida realizado em Sintra, Portugal. Acontece a 9 de maio de 2026, promovendo h\u00e1bitos saud\u00e1veis e a pr\u00e1tica regular de atividade f\u00edsica.<\/p>\n<p>Este evento \u00e9 uma das 11 provas da s\u00e9rie realizadas entre mar\u00e7o e junho, incentivando o conv\u00edvio e a participa\u00e7\u00e3o desportiva. \u00c9 organizado pela C\u00e2mara Municipal de Sintra e destina-se a corredores interessados em competir em formato de corrida cross.<\/p>\n","organizer_description":"","race_benefits":"","event_faq_headline":"FAQ","event_faq_items":false,"event_date_start":"20260509","event_date_end":"20260509","event_start_time":"","event_country":"portugal","event_ticket_url":"https:\/\/cm-sintra.pt\/atualidade\/agenda\/desporto\/3901-12-grande-premio-de-atletismo-de-almargem-do-bispo-estrada-2\/2026-05-09-18-15","event_latitude":"38.7838","event_longitude":"-9.3203","event_rating":"","is_hot_event":false,"event_participants_count":"0","organizer_avatar":false,"event_gallery":false,"purchasing_all_variations_through_woocommerce":false,"optional_extras":false,"organizer_website":{"title":"","url":"","target":"","0":""}},"_links":{"self":[{"href":"https:\/\/racefinder.pt\/pt\/wp-json\/wp\/v2\/product\/45386","targetHints":{"allow":["GET"]}}],"collection":[{"href":"https:\/\/racefinder.pt\/pt\/wp-json\/wp\/v2\/product"}],"about":[{"href":"https:\/\/racefinder.pt\/pt\/wp-json\/wp\/v2\/types\/product"}],"replies":[{"embeddable":true,"href":"https:\/\/racefinder.pt\/pt\/wp-json\/wp\/v2\/comments?post=45386"}],"version-history":[{"count":1,"href":"https:\/\/racefinder.pt\/pt\/wp-json\/wp\/v2\/product\/45386\/revisions"}],"predecessor-version":[{"id":45387,"href":"https:\/\/racefinder.pt\/pt\/wp-json\/wp\/v2\/product\/45386\/revisions\/45387"}],"wp:featuredmedia":[{"embeddable":true,"href":"https:\/\/racefinder.pt\/pt\/wp-json\/wp\/v2\/media\/45170"}],"wp:attachment":[{"href":"https:\/\/racefinder.pt\/pt\/wp-json\/wp\/v2\/media?parent=45386"}],"wp:term":[{"taxonomy":"product_brand","embeddable":true,"href":"https:\/\/racefinder.pt\/pt\/wp-json\/wp\/v2\/product_brand?post=45386"},{"taxonomy":"product_cat","embeddable":true,"href":"https:\/\/racefinder.pt\/pt\/wp-json\/wp\/v2\/product_cat?post=45386"},{"taxonomy":"product_tag","embeddable":true,"href":"https:\/\/racefinder.pt\/pt\/wp-json\/wp\/v2\/product_tag?post=45386"}],"curies":[{"name":"wp","href":"https:\/\/api.w.org\/{rel}","templated":true}]}}