{"id":45339,"date":"2026-04-21T00:15:39","date_gmt":"2026-04-20T23:15:39","guid":{"rendered":"https:\/\/racefinder.pt\/?post_type=product&#038;p=45339"},"modified":"2026-04-21T10:26:51","modified_gmt":"2026-04-21T09:26:51","slug":"vi-triatlo-de-alhandra","status":"publish","type":"product","link":"https:\/\/racefinder.pt\/pt\/event\/vi-triatlo-de-alhandra\/","title":{"rendered":"VI Triatlo de Alhandra"},"content":{"rendered":"","protected":false},"excerpt":{"rendered":"","protected":false},"featured_media":45418,"comment_status":"open","ping_status":"closed","template":"","meta":{"_acf_changed":false,"footnotes":""},"product_brand":[],"product_cat":[254,132],"product_tag":[],"class_list":{"0":"post-45339","1":"product","2":"type-product","3":"status-publish","4":"has-post-thumbnail","6":"product_cat-sprint-pt","7":"product_cat-triatlo","9":"first","10":"instock","11":"shipping-taxable","12":"product-type-variable"},"acf":{"event_location_text":"Vila Franca de Xira, Lisboa","event_short_description":"<p>O VI Triatlo de Alhandra \u00e9 uma competi\u00e7\u00e3o nacional de triatlo marcada para setembro de 2026 em Alhandra, Portugal. Este evento integra a Ta\u00e7a de Portugal de Triatlo, atraindo triatletas competitivos de todo o pa\u00eds.<\/p>\n<p>A prova apresenta o formato cl\u00e1ssico de triatlo, incluindo nata\u00e7\u00e3o, ciclismo e corrida. \u00c9 destinada a atletas licenciados, destacando um ambiente competitivo e de elite.<\/p>\n","organizer_description":"<p><strong>Locais de partida\/chegada:<\/strong> Alameda do Sabugueiro, 1-B Murganhal, 2760\u2013128 Caxias, Portugal<\/p>\n<p><strong>Hor\u00e1rios de partida por categoria\/dist\u00e2ncia:<\/strong> 14:58 (s\u00e1bado)<\/p>\n<p><strong>Formato do percurso:<\/strong> Triatlo (nata\u00e7\u00e3o, ciclismo, corrida)<\/p>\n","race_benefits":"","event_faq_headline":"FAQ","event_faq_items":false,"event_date_start":"20260905","event_date_end":"20260905","event_start_time":"","event_country":"portugal","event_ticket_url":"https:\/\/www.federacao-triatlo.pt\/ftp2015\/events\/vi-triatlo-de-alhandra\/","event_latitude":"38.9239","event_longitude":"-9.0113","event_rating":"","is_hot_event":false,"event_participants_count":"0","organizer_avatar":false,"event_gallery":false,"purchasing_all_variations_through_woocommerce":false,"optional_extras":false,"organizer_website":{"title":"","url":"","target":"","0":""}},"_links":{"self":[{"href":"https:\/\/racefinder.pt\/pt\/wp-json\/wp\/v2\/product\/45339","targetHints":{"allow":["GET"]}}],"collection":[{"href":"https:\/\/racefinder.pt\/pt\/wp-json\/wp\/v2\/product"}],"about":[{"href":"https:\/\/racefinder.pt\/pt\/wp-json\/wp\/v2\/types\/product"}],"replies":[{"embeddable":true,"href":"https:\/\/racefinder.pt\/pt\/wp-json\/wp\/v2\/comments?post=45339"}],"version-history":[{"count":1,"href":"https:\/\/racefinder.pt\/pt\/wp-json\/wp\/v2\/product\/45339\/revisions"}],"predecessor-version":[{"id":45340,"href":"https:\/\/racefinder.pt\/pt\/wp-json\/wp\/v2\/product\/45339\/revisions\/45340"}],"wp:featuredmedia":[{"embeddable":true,"href":"https:\/\/racefinder.pt\/pt\/wp-json\/wp\/v2\/media\/45418"}],"wp:attachment":[{"href":"https:\/\/racefinder.pt\/pt\/wp-json\/wp\/v2\/media?parent=45339"}],"wp:term":[{"taxonomy":"product_brand","embeddable":true,"href":"https:\/\/racefinder.pt\/pt\/wp-json\/wp\/v2\/product_brand?post=45339"},{"taxonomy":"product_cat","embeddable":true,"href":"https:\/\/racefinder.pt\/pt\/wp-json\/wp\/v2\/product_cat?post=45339"},{"taxonomy":"product_tag","embeddable":true,"href":"https:\/\/racefinder.pt\/pt\/wp-json\/wp\/v2\/product_tag?post=45339"}],"curies":[{"name":"wp","href":"https:\/\/api.w.org\/{rel}","templated":true}]}}