{"id":45285,"date":"2026-04-21T00:05:59","date_gmt":"2026-04-20T23:05:59","guid":{"rendered":"https:\/\/racefinder.pt\/?post_type=product&#038;p=45285"},"modified":"2026-04-21T09:42:54","modified_gmt":"2026-04-21T08:42:54","slug":"9-grande-premio-de-atletismo-do-clube-desportivo-do-arneiro-alcindo-moreira","status":"publish","type":"product","link":"https:\/\/racefinder.pt\/pt\/event\/9-grande-premio-de-atletismo-do-clube-desportivo-do-arneiro-alcindo-moreira\/","title":{"rendered":"9\u00ba Grande Pr\u00e9mio de Atletismo do Clube Desportivo do Arneiro \u201cAlcindo Moreira\u201d"},"content":{"rendered":"","protected":false},"excerpt":{"rendered":"","protected":false},"featured_media":45192,"comment_status":"open","ping_status":"closed","template":"","meta":{"_acf_changed":false,"footnotes":""},"product_brand":[],"product_cat":[129,246],"product_tag":[],"class_list":{"0":"post-45285","1":"product","2":"type-product","3":"status-publish","4":"has-post-thumbnail","6":"product_cat-corrida","7":"product_cat-corrida-de-rua","9":"first","10":"instock","11":"shipping-taxable","12":"product-type-variable"},"acf":{"event_location_text":"Cascais, Lisboa","event_short_description":"<p>O 9\u00ba Grande Pr\u00e9mio de Atletismo do Clube Desportivo do Arneiro \u201cAlcindo Moreira\u201d \u00e9 uma prova de atletismo agendada para 17 de maio de 2026, com in\u00edcio \u00e0s 09:30 na Zona da Ab\u00f3boda, Portugal.<\/p>\n","organizer_description":"","race_benefits":"","event_faq_headline":"FAQ","event_faq_items":false,"event_date_start":"20260517","event_date_end":"20260517","event_start_time":"","event_country":"portugal","event_ticket_url":"https:\/\/trofeuatletismocascais.pt\/Competicoes\/807","event_latitude":"38.7304","event_longitude":"-9.3365","event_rating":"","is_hot_event":false,"event_participants_count":"0","organizer_avatar":false,"event_gallery":false,"purchasing_all_variations_through_woocommerce":false,"optional_extras":false,"organizer_website":{"title":"","url":"","target":"","0":""}},"_links":{"self":[{"href":"https:\/\/racefinder.pt\/pt\/wp-json\/wp\/v2\/product\/45285","targetHints":{"allow":["GET"]}}],"collection":[{"href":"https:\/\/racefinder.pt\/pt\/wp-json\/wp\/v2\/product"}],"about":[{"href":"https:\/\/racefinder.pt\/pt\/wp-json\/wp\/v2\/types\/product"}],"replies":[{"embeddable":true,"href":"https:\/\/racefinder.pt\/pt\/wp-json\/wp\/v2\/comments?post=45285"}],"version-history":[{"count":2,"href":"https:\/\/racefinder.pt\/pt\/wp-json\/wp\/v2\/product\/45285\/revisions"}],"predecessor-version":[{"id":45411,"href":"https:\/\/racefinder.pt\/pt\/wp-json\/wp\/v2\/product\/45285\/revisions\/45411"}],"wp:featuredmedia":[{"embeddable":true,"href":"https:\/\/racefinder.pt\/pt\/wp-json\/wp\/v2\/media\/45192"}],"wp:attachment":[{"href":"https:\/\/racefinder.pt\/pt\/wp-json\/wp\/v2\/media?parent=45285"}],"wp:term":[{"taxonomy":"product_brand","embeddable":true,"href":"https:\/\/racefinder.pt\/pt\/wp-json\/wp\/v2\/product_brand?post=45285"},{"taxonomy":"product_cat","embeddable":true,"href":"https:\/\/racefinder.pt\/pt\/wp-json\/wp\/v2\/product_cat?post=45285"},{"taxonomy":"product_tag","embeddable":true,"href":"https:\/\/racefinder.pt\/pt\/wp-json\/wp\/v2\/product_tag?post=45285"}],"curies":[{"name":"wp","href":"https:\/\/api.w.org\/{rel}","templated":true}]}}