{"id":45269,"date":"2026-04-21T00:02:26","date_gmt":"2026-04-20T23:02:26","guid":{"rendered":"https:\/\/racefinder.pt\/?post_type=product&#038;p=45269"},"modified":"2026-04-21T09:37:52","modified_gmt":"2026-04-21T08:37:52","slug":"deka-lisboa-2026","status":"publish","type":"product","link":"https:\/\/racefinder.pt\/pt\/event\/deka-lisboa-2026\/","title":{"rendered":"DEKA LISBOA 2026"},"content":{"rendered":"","protected":false},"excerpt":{"rendered":"","protected":false},"featured_media":45073,"comment_status":"open","ping_status":"closed","template":"","meta":{"_acf_changed":false,"footnotes":""},"product_brand":[],"product_cat":[129,3769],"product_tag":[],"class_list":{"0":"post-45269","1":"product","2":"type-product","3":"status-publish","4":"has-post-thumbnail","6":"product_cat-corrida","7":"product_cat-corrida-de-obstaculos","9":"first","10":"instock","11":"shipping-taxable","12":"purchasable","13":"product-type-variable"},"acf":{"organizer_description":"<p><strong><a class=\"\" href=\"https:\/\/pt.spartan.com\/pt\/races\/lisboa\" target=\"_new\" rel=\"noopener\">Regulamento \u2197<\/a><\/strong><\/p>\n<p><strong>Locais de partida\/chegada:<\/strong> Pala do Pavilh\u00e3o de Portugal (Parque das Na\u00e7\u00f5es), Alameda dos Oceanos 47a, Lisboa<\/p>\n<p><strong>Hor\u00e1rios de partida por categoria\/dist\u00e2ncia:<\/strong><br \/>\n\u2022 DEKA FIT Age Group: 08:00 &#8211; 12:30<br \/>\n\u2022 DEKA FIT Elite: 13:10 &#8211; 13:45<br \/>\n\u2022 DEKA FIT Equipas: 15:00 &#8211; 18:30<br \/>\n\u2022 DEKA MILE: 19:30 &#8211; 20:30<\/p>\n<p><strong>Levantamento de dorsais (data\/hora e local):<\/strong> 07:00 &#8211; 20:00 no dia da prova<\/p>\n<p><strong>Formato do percurso:<\/strong> Dist\u00e2ncia de 5 km dividida em 10 zonas<\/p>\n","race_benefits":"","event_faq_headline":"FAQ","event_faq_items":false,"event_date_start":"20260613","event_start_time":"","event_country":"portugal","event_ticket_url":"https:\/\/pt.spartan.com\/pt\/races\/lisboa","event_latitude":"38.7166","event_longitude":"-9.1333","organizer_avatar":false,"event_gallery":false,"optional_extras":false,"organizer_website":{"title":"","url":"","target":"","0":""}},"_links":{"self":[{"href":"https:\/\/racefinder.pt\/pt\/wp-json\/wp\/v2\/product\/45269","targetHints":{"allow":["GET"]}}],"collection":[{"href":"https:\/\/racefinder.pt\/pt\/wp-json\/wp\/v2\/product"}],"about":[{"href":"https:\/\/racefinder.pt\/pt\/wp-json\/wp\/v2\/types\/product"}],"replies":[{"embeddable":true,"href":"https:\/\/racefinder.pt\/pt\/wp-json\/wp\/v2\/comments?post=45269"}],"version-history":[{"count":1,"href":"https:\/\/racefinder.pt\/pt\/wp-json\/wp\/v2\/product\/45269\/revisions"}],"predecessor-version":[{"id":45270,"href":"https:\/\/racefinder.pt\/pt\/wp-json\/wp\/v2\/product\/45269\/revisions\/45270"}],"wp:featuredmedia":[{"embeddable":true,"href":"https:\/\/racefinder.pt\/pt\/wp-json\/wp\/v2\/media\/45073"}],"wp:attachment":[{"href":"https:\/\/racefinder.pt\/pt\/wp-json\/wp\/v2\/media?parent=45269"}],"wp:term":[{"taxonomy":"product_brand","embeddable":true,"href":"https:\/\/racefinder.pt\/pt\/wp-json\/wp\/v2\/product_brand?post=45269"},{"taxonomy":"product_cat","embeddable":true,"href":"https:\/\/racefinder.pt\/pt\/wp-json\/wp\/v2\/product_cat?post=45269"},{"taxonomy":"product_tag","embeddable":true,"href":"https:\/\/racefinder.pt\/pt\/wp-json\/wp\/v2\/product_tag?post=45269"}],"curies":[{"name":"wp","href":"https:\/\/api.w.org\/{rel}","templated":true}]}}