{"id":44936,"date":"2026-04-18T01:12:55","date_gmt":"2026-04-18T00:12:55","guid":{"rendered":"https:\/\/racefinder.pt\/?post_type=product&#038;p=44936"},"modified":"2026-04-20T15:55:58","modified_gmt":"2026-04-20T14:55:58","slug":"8o-gp-do-clube-dosargento-da-armada","status":"publish","type":"product","link":"https:\/\/racefinder.pt\/pt\/event\/8o-gp-do-clube-dosargento-da-armada\/","title":{"rendered":"8\u00ba GP DO CLUBE DOSARGENTO DA ARMADA"},"content":{"rendered":"","protected":false},"excerpt":{"rendered":"","protected":false},"featured_media":45152,"comment_status":"open","ping_status":"closed","template":"","meta":{"_acf_changed":false,"footnotes":""},"product_brand":[],"product_cat":[129,246,2697,161],"product_tag":[],"class_list":{"0":"post-44936","1":"product","2":"type-product","3":"status-publish","4":"has-post-thumbnail","6":"product_cat-corrida","7":"product_cat-corrida-de-rua","8":"product_cat-jovens","9":"product_cat-kids-pt","11":"first","12":"instock","13":"shipping-taxable","14":"purchasable","15":"product-type-variable"},"acf":{"event_location_text":"Almada, Lisboa","event_short_description":"<p>O 8\u00ba Grande Pr\u00e9mio do Clube do Sargento da Armada \u00e9 uma prova de corrida que se realiza a 7 de junho de 2026, na Pista do CEFA, em Alfeite. Este evento integra o Trof\u00e9u de Atletismo Almada \u2018M\u00e1rio Pinto Claro\u2019 2025\/2026.<\/p>\n<p>Os participantes podem esperar uma atmosfera competitiva apoiada pelo Clube do Sargento da Armada, C\u00e2mara Municipal de Almada e Junta de Freguesia Laranjeiro Feij\u00f3. A prova tem in\u00edcio \u00e0s 09h30 e a entrega de dorsais ocorre no dia do evento.<\/p>\n","organizer_description":"<p><strong><a class=\"\" href=\"https:\/\/tatletismo-almada.pt\/index.php\/trofeu\/9a-prova-25-26\/\" target=\"_new\" rel=\"noopener\">Regulamento \u2197<\/a><\/strong><\/p>\n<p><strong>Locais de partida\/chegada:<\/strong> Pista do CEFA, Alfeite<\/p>\n<p><strong>Hor\u00e1rios de partida por categoria\/dist\u00e2ncia:<\/strong> 09h30<\/p>\n<p><strong>Levantamento de dorsais (data\/hora e local):<\/strong> No dia do evento das 08h00 \u00e0s 09h00 no Espa\u00e7o do Secretariado<\/p>\n<p><strong>Prazo de inscri\u00e7\u00e3o:<\/strong> 27 de fevereiro de 2026<\/p>\n<p><strong>Estacionamento e shuttles:<\/strong> Acesso para participantes e treinadores pelo Port\u00e3o da Romeira a partir das 08h00 mediante apresenta\u00e7\u00e3o do Cart\u00e3o de Cidad\u00e3o atualizado<\/p>\n","race_benefits":"","event_faq_headline":"FAQ","event_faq_items":false,"event_date_start":"20260607","event_date_end":"20260607","event_start_time":"","event_country":"portugal","event_ticket_url":"https:\/\/tatletismo-almada.pt\/index.php\/trofeu\/9a-prova-25-26\/","event_latitude":"38.6683","event_longitude":"-9.14249","event_rating":"","is_hot_event":false,"event_participants_count":"0","organizer_avatar":false,"event_gallery":false,"purchasing_all_variations_through_woocommerce":false,"optional_extras":false,"organizer_website":{"title":"","url":"","target":"","0":""}},"_links":{"self":[{"href":"https:\/\/racefinder.pt\/pt\/wp-json\/wp\/v2\/product\/44936","targetHints":{"allow":["GET"]}}],"collection":[{"href":"https:\/\/racefinder.pt\/pt\/wp-json\/wp\/v2\/product"}],"about":[{"href":"https:\/\/racefinder.pt\/pt\/wp-json\/wp\/v2\/types\/product"}],"replies":[{"embeddable":true,"href":"https:\/\/racefinder.pt\/pt\/wp-json\/wp\/v2\/comments?post=44936"}],"version-history":[{"count":3,"href":"https:\/\/racefinder.pt\/pt\/wp-json\/wp\/v2\/product\/44936\/revisions"}],"predecessor-version":[{"id":45224,"href":"https:\/\/racefinder.pt\/pt\/wp-json\/wp\/v2\/product\/44936\/revisions\/45224"}],"wp:featuredmedia":[{"embeddable":true,"href":"https:\/\/racefinder.pt\/pt\/wp-json\/wp\/v2\/media\/45152"}],"wp:attachment":[{"href":"https:\/\/racefinder.pt\/pt\/wp-json\/wp\/v2\/media?parent=44936"}],"wp:term":[{"taxonomy":"product_brand","embeddable":true,"href":"https:\/\/racefinder.pt\/pt\/wp-json\/wp\/v2\/product_brand?post=44936"},{"taxonomy":"product_cat","embeddable":true,"href":"https:\/\/racefinder.pt\/pt\/wp-json\/wp\/v2\/product_cat?post=44936"},{"taxonomy":"product_tag","embeddable":true,"href":"https:\/\/racefinder.pt\/pt\/wp-json\/wp\/v2\/product_tag?post=44936"}],"curies":[{"name":"wp","href":"https:\/\/api.w.org\/{rel}","templated":true}]}}