{"id":44853,"date":"2026-04-18T00:54:31","date_gmt":"2026-04-17T23:54:31","guid":{"rendered":"https:\/\/racefinder.pt\/?post_type=product&#038;p=44853"},"modified":"2026-04-20T15:40:02","modified_gmt":"2026-04-20T14:40:02","slug":"gp-caxias","status":"publish","type":"product","link":"https:\/\/racefinder.pt\/pt\/event\/gp-caxias\/","title":{"rendered":"GP Caxias"},"content":{"rendered":"","protected":false},"excerpt":{"rendered":"","protected":false},"featured_media":45190,"comment_status":"open","ping_status":"closed","template":"","meta":{"_acf_changed":false,"footnotes":""},"product_brand":[],"product_cat":[129,246,2697,161],"product_tag":[],"class_list":{"0":"post-44853","1":"product","2":"type-product","3":"status-publish","4":"has-post-thumbnail","6":"product_cat-corrida","7":"product_cat-corrida-de-rua","8":"product_cat-jovens","9":"product_cat-kids-pt","11":"first","12":"instock","13":"shipping-taxable","14":"product-type-variable"},"acf":{"event_location_text":"Oeiras, Lisboa","event_short_description":"<p>O Grande Pr\u00e9mio de Caxias Run Tejo \u00e9 uma prova de corrida de estrada que se realiza a 26 de abril de 2026, em Oeiras, Lisboa. Faz parte do 43\u00ba Trof\u00e9u C\u00e2mara Municipal de Oeiras \u2013 Corridas das Localidades.<\/p>\n<p>O evento oferece v\u00e1rias dist\u00e2ncias, incluindo 7 km, 4 km, 2,1 km, 1 km e dois percursos de 0,45 km, adequados para diferentes tipos de corredores. Organizado pela Associa\u00e7\u00e3o Run Tejo com o apoio da C\u00e2mara Municipal de Oeiras, proporciona uma atmosfera competitiva e comunit\u00e1ria.<\/p>\n","organizer_description":"<p>\u2022 Percurso 1: 7 km<br \/>\n\u2022 Percurso 2: 4 km<br \/>\n\u2022 Percurso 3: 2,1 km<br \/>\n\u2022 Percurso 4: 1 km<br \/>\n\u2022 Percurso 5: 0,45 km<br \/>\n\u2022 Percurso 6: 0,45 km<\/p>\n","race_benefits":"","event_faq_headline":"FAQ","event_faq_items":false,"event_date_start":"20260426","event_date_end":"20260426","event_start_time":"","event_country":"portugal","event_ticket_url":"https:\/\/trofeu.oeiras.pt\/evento\/gp-caxias","event_latitude":"38.6987","event_longitude":"-9.2743","event_rating":"","is_hot_event":false,"event_participants_count":"0","organizer_avatar":false,"event_gallery":false,"purchasing_all_variations_through_woocommerce":false,"optional_extras":false,"organizer_website":{"title":"","url":"","target":"","0":""}},"_links":{"self":[{"href":"https:\/\/racefinder.pt\/pt\/wp-json\/wp\/v2\/product\/44853","targetHints":{"allow":["GET"]}}],"collection":[{"href":"https:\/\/racefinder.pt\/pt\/wp-json\/wp\/v2\/product"}],"about":[{"href":"https:\/\/racefinder.pt\/pt\/wp-json\/wp\/v2\/types\/product"}],"replies":[{"embeddable":true,"href":"https:\/\/racefinder.pt\/pt\/wp-json\/wp\/v2\/comments?post=44853"}],"version-history":[{"count":1,"href":"https:\/\/racefinder.pt\/pt\/wp-json\/wp\/v2\/product\/44853\/revisions"}],"predecessor-version":[{"id":44854,"href":"https:\/\/racefinder.pt\/pt\/wp-json\/wp\/v2\/product\/44853\/revisions\/44854"}],"wp:featuredmedia":[{"embeddable":true,"href":"https:\/\/racefinder.pt\/pt\/wp-json\/wp\/v2\/media\/45190"}],"wp:attachment":[{"href":"https:\/\/racefinder.pt\/pt\/wp-json\/wp\/v2\/media?parent=44853"}],"wp:term":[{"taxonomy":"product_brand","embeddable":true,"href":"https:\/\/racefinder.pt\/pt\/wp-json\/wp\/v2\/product_brand?post=44853"},{"taxonomy":"product_cat","embeddable":true,"href":"https:\/\/racefinder.pt\/pt\/wp-json\/wp\/v2\/product_cat?post=44853"},{"taxonomy":"product_tag","embeddable":true,"href":"https:\/\/racefinder.pt\/pt\/wp-json\/wp\/v2\/product_tag?post=44853"}],"curies":[{"name":"wp","href":"https:\/\/api.w.org\/{rel}","templated":true}]}}