{"id":44838,"date":"2026-04-18T00:50:58","date_gmt":"2026-04-17T23:50:58","guid":{"rendered":"https:\/\/racefinder.pt\/?post_type=product&#038;p=44838"},"modified":"2026-04-20T15:33:58","modified_gmt":"2026-04-20T14:33:58","slug":"9o-grande-premio-de-atiba-luis-candeias","status":"publish","type":"product","link":"https:\/\/racefinder.pt\/pt\/event\/9o-grande-premio-de-atiba-luis-candeias\/","title":{"rendered":"9\u00ba GRANDE PR\u00c9MIO DE ATIB\u00c1 \u201cLuis Candeias\u201d"},"content":{"rendered":"","protected":false},"excerpt":{"rendered":"","protected":false},"featured_media":45159,"comment_status":"open","ping_status":"closed","template":"","meta":{"_acf_changed":false,"footnotes":""},"product_brand":[],"product_cat":[129,246],"product_tag":[],"class_list":{"0":"post-44838","1":"product","2":"type-product","3":"status-publish","4":"has-post-thumbnail","6":"product_cat-corrida","7":"product_cat-corrida-de-rua","9":"first","10":"instock","11":"shipping-taxable","12":"product-type-variable"},"acf":{"event_location_text":"Cascais, Lisboa","event_short_description":"<p>O 9\u00ba Grande Pr\u00e9mio de Atib\u00e1 &#8220;Luis Candeias&#8221; \u00e9 uma corrida agendada para 14 de junho de 2026, em Atib\u00e1, Portugal. A prova tem in\u00edcio \u00e0s 09:30.<\/p>\n","organizer_description":"","race_benefits":"","event_faq_headline":"FAQ","event_faq_items":false,"event_date_start":"20260614","event_date_end":"20260614","event_start_time":"","event_country":"portugal","event_ticket_url":"https:\/\/trofeuatletismocascais.pt\/Competicoes\/808","event_latitude":"38.7193","event_longitude":"-9.3777","event_rating":"","is_hot_event":false,"event_participants_count":"0","organizer_avatar":false,"event_gallery":false,"purchasing_all_variations_through_woocommerce":false,"optional_extras":false,"organizer_website":{"title":"","url":"","target":"","0":""}},"_links":{"self":[{"href":"https:\/\/racefinder.pt\/pt\/wp-json\/wp\/v2\/product\/44838","targetHints":{"allow":["GET"]}}],"collection":[{"href":"https:\/\/racefinder.pt\/pt\/wp-json\/wp\/v2\/product"}],"about":[{"href":"https:\/\/racefinder.pt\/pt\/wp-json\/wp\/v2\/types\/product"}],"replies":[{"embeddable":true,"href":"https:\/\/racefinder.pt\/pt\/wp-json\/wp\/v2\/comments?post=44838"}],"version-history":[{"count":1,"href":"https:\/\/racefinder.pt\/pt\/wp-json\/wp\/v2\/product\/44838\/revisions"}],"predecessor-version":[{"id":44839,"href":"https:\/\/racefinder.pt\/pt\/wp-json\/wp\/v2\/product\/44838\/revisions\/44839"}],"wp:featuredmedia":[{"embeddable":true,"href":"https:\/\/racefinder.pt\/pt\/wp-json\/wp\/v2\/media\/45159"}],"wp:attachment":[{"href":"https:\/\/racefinder.pt\/pt\/wp-json\/wp\/v2\/media?parent=44838"}],"wp:term":[{"taxonomy":"product_brand","embeddable":true,"href":"https:\/\/racefinder.pt\/pt\/wp-json\/wp\/v2\/product_brand?post=44838"},{"taxonomy":"product_cat","embeddable":true,"href":"https:\/\/racefinder.pt\/pt\/wp-json\/wp\/v2\/product_cat?post=44838"},{"taxonomy":"product_tag","embeddable":true,"href":"https:\/\/racefinder.pt\/pt\/wp-json\/wp\/v2\/product_tag?post=44838"}],"curies":[{"name":"wp","href":"https:\/\/api.w.org\/{rel}","templated":true}]}}