{"id":44787,"date":"2026-04-18T00:38:27","date_gmt":"2026-04-17T23:38:27","guid":{"rendered":"https:\/\/racefinder.pt\/?post_type=product&#038;p=44787"},"modified":"2026-04-20T15:07:08","modified_gmt":"2026-04-20T14:07:08","slug":"xxi-circuito-da-rota-do-dragoeiros","status":"publish","type":"product","link":"https:\/\/racefinder.pt\/pt\/event\/xxi-circuito-da-rota-do-dragoeiros\/","title":{"rendered":"XXI Circuito da Rota do Dragoeiros"},"content":{"rendered":"","protected":false},"excerpt":{"rendered":"","protected":false},"featured_media":45166,"comment_status":"open","ping_status":"closed","template":"","meta":{"_acf_changed":false,"footnotes":""},"product_brand":[],"product_cat":[129,246],"product_tag":[],"class_list":{"0":"post-44787","1":"product","2":"type-product","3":"status-publish","4":"has-post-thumbnail","6":"product_cat-corrida","7":"product_cat-corrida-de-rua","9":"first","10":"instock","11":"shipping-taxable","12":"product-type-variable"},"acf":{"event_location_text":"Funchal, Madeira","event_short_description":"<p>O XXI Circuito da Rota dos Dragoeiros \u00e9 uma prova de corrida que se realiza a 3 de maio de 2026 em S\u00e3o Gon\u00e7alo \/ Funchal, Madeira. A prova tem uma dist\u00e2ncia aproximada de 5,7 km.<\/p>\n<p>Destinada exclusivamente a atletas federados nascidos em 2006 ou antes, com situa\u00e7\u00e3o regularizada. Faz parte do circuito Madeira a Correr, contando para a classifica\u00e7\u00e3o individual.<\/p>\n<p>O percurso inicia no Largo Jo\u00e3o Caldeira Leal, desce a Rua Conde Carvalhal, com pontos de retorno e chegada na zona habitual do Largo Jo\u00e3o Caldeira Leal. A prova oferece classifica\u00e7\u00f5es individuais e coletivas, com pr\u00e9mios para os melhores classificados e equipas.<\/p>\n","organizer_description":"<p><strong><a class=\"\" href=\"https:\/\/atletismodamadeira.pt\/wp-content\/uploads\/2026\/04\/E26-26_Circuito_Dragoeiros.pdf\" target=\"_new\" rel=\"noopener\">Regulamento \u2197<\/a><\/strong><\/p>\n<p><strong>Escal\u00f5es\/categorias:<\/strong><br \/>\n\u2022 Sub-20<br \/>\n\u2022 Sub-23<br \/>\n\u2022 Seniores<br \/>\n\u2022 Veteranos (35 a 75+)<\/p>\n<p><strong>Locais de partida\/chegada:<\/strong> Partida e chegada no Largo Jo\u00e3o Caldeira Leal, S\u00e3o Gon\u00e7alo \/ Funchal<\/p>\n<p><strong>Hor\u00e1rios de partida por categoria\/dist\u00e2ncia:<\/strong> 09:00 para todos os escal\u00f5es<\/p>\n<p><strong>Percursos da prova:<\/strong> Percurso de aproximadamente 5,7 km descendo a Rua Conde Carvalhal, retornando pela mesma rua, passando pelo Largo Jo\u00e3o Caldeira Leal, Miradouro do Pin\u00e1culo, e chegada no Largo Jo\u00e3o Caldeira Leal<\/p>\n<p><strong>M\u00e9todo de cronometragem:<\/strong> Uso obrigat\u00f3rio de dorsal com chip fornecido pela AARAM<\/p>\n<p><strong>Pr\u00e9mios:<\/strong><br \/>\n\u2022 Tr\u00eas primeiros classificados individuais em ambos os sexos<br \/>\n\u2022 Tr\u00eas primeiras equipas<br \/>\n\u2022 Tr\u00eas primeiros por escal\u00e3o<br \/>\n\u2022 Trof\u00e9u para o clube com maior n\u00famero de participantes classificados na prova principal<\/p>\n","race_benefits":"","event_faq_headline":"FAQ","event_faq_items":false,"event_date_start":"20260503","event_date_end":"20260503","event_start_time":"","event_country":"portugal","event_ticket_url":"https:\/\/beta.fpacompeticoes.pt\/competition\/5977\/schedule","event_latitude":"32.6497","event_longitude":"-16.8822","event_rating":"","is_hot_event":false,"event_participants_count":"0","organizer_avatar":false,"event_gallery":false,"optional_extras":false,"organizer_website":{"title":"","url":"","target":"","0":""}},"_links":{"self":[{"href":"https:\/\/racefinder.pt\/pt\/wp-json\/wp\/v2\/product\/44787","targetHints":{"allow":["GET"]}}],"collection":[{"href":"https:\/\/racefinder.pt\/pt\/wp-json\/wp\/v2\/product"}],"about":[{"href":"https:\/\/racefinder.pt\/pt\/wp-json\/wp\/v2\/types\/product"}],"replies":[{"embeddable":true,"href":"https:\/\/racefinder.pt\/pt\/wp-json\/wp\/v2\/comments?post=44787"}],"version-history":[{"count":1,"href":"https:\/\/racefinder.pt\/pt\/wp-json\/wp\/v2\/product\/44787\/revisions"}],"predecessor-version":[{"id":44788,"href":"https:\/\/racefinder.pt\/pt\/wp-json\/wp\/v2\/product\/44787\/revisions\/44788"}],"wp:featuredmedia":[{"embeddable":true,"href":"https:\/\/racefinder.pt\/pt\/wp-json\/wp\/v2\/media\/45166"}],"wp:attachment":[{"href":"https:\/\/racefinder.pt\/pt\/wp-json\/wp\/v2\/media?parent=44787"}],"wp:term":[{"taxonomy":"product_brand","embeddable":true,"href":"https:\/\/racefinder.pt\/pt\/wp-json\/wp\/v2\/product_brand?post=44787"},{"taxonomy":"product_cat","embeddable":true,"href":"https:\/\/racefinder.pt\/pt\/wp-json\/wp\/v2\/product_cat?post=44787"},{"taxonomy":"product_tag","embeddable":true,"href":"https:\/\/racefinder.pt\/pt\/wp-json\/wp\/v2\/product_tag?post=44787"}],"curies":[{"name":"wp","href":"https:\/\/api.w.org\/{rel}","templated":true}]}}