{"id":44748,"date":"2026-04-18T00:30:47","date_gmt":"2026-04-17T23:30:47","guid":{"rendered":"https:\/\/racefinder.pt\/?post_type=product&#038;p=44748"},"modified":"2026-04-20T14:59:45","modified_gmt":"2026-04-20T13:59:45","slug":"sabugal-a-correr","status":"publish","type":"product","link":"https:\/\/racefinder.pt\/pt\/event\/sabugal-a-correr\/","title":{"rendered":"Sabugal a Correr"},"content":{"rendered":"","protected":false},"excerpt":{"rendered":"","protected":false},"featured_media":45092,"comment_status":"open","ping_status":"closed","template":"","meta":{"_acf_changed":false,"footnotes":""},"product_brand":[],"product_cat":[129,246,2697,161],"product_tag":[],"class_list":{"0":"post-44748","1":"product","2":"type-product","3":"status-publish","4":"has-post-thumbnail","6":"product_cat-corrida","7":"product_cat-corrida-de-rua","8":"product_cat-jovens","9":"product_cat-kids-pt","11":"first","12":"instock","13":"shipping-taxable","14":"purchasable","15":"product-type-variable"},"acf":{"event_location_text":"Sabugal, Guarda","event_short_description":"<p>Sabugal a Correr \u00e9 um evento de corrida agendado para 26 de abril de 2026, no Sabugal, Portugal. Apresenta provas para todos os escal\u00f5es et\u00e1rios e sexos, com dist\u00e2ncias que variam de 0,5 km para corridas l\u00fadicas familiares at\u00e9 aproximadamente 10 km para seniores e veteranos.<\/p>\n<p>O evento est\u00e1 aberto a atletas federados e n\u00e3o federados, permitindo participa\u00e7\u00e3o individual e coletiva. Inclui uma prova especial de 7,5 km para atletas pertencentes \u00e0 Uni\u00e3o das Freguesias do Sabugal e Aldeia de Santo Ant\u00f3nio, com pr\u00e9mios monet\u00e1rios.<\/p>\n<p>A atmosfera da prova \u00e9 inclusiva e familiar, com almo\u00e7o conv\u00edvio e cerim\u00f3nia de entrega de pr\u00e9mios ap\u00f3s as competi\u00e7\u00f5es. Estar\u00e3o dispon\u00edveis balne\u00e1rios no Pavilh\u00e3o das Piscinas Municipais do Sabugal.<\/p>\n","organizer_description":"<p><strong><a class=\"\" href=\"http:\/\/www.aag.pt\/fotos\/agenda\/ag_8808.PDF\" target=\"_new\" rel=\"noopener\">Regulamento \u2197<\/a><\/strong><\/p>\n<p><strong>Locais de partida\/chegada:<\/strong> Em frente ao Tribunal Judicial do Sabugal<\/p>\n<p><strong>Hor\u00e1rios de partida por categoria\/dist\u00e2ncia:<\/strong><br \/>\n\u2022 10h30 Corrida da Fam\u00edlia (0,5 km, sem competi\u00e7\u00e3o)<br \/>\n\u2022 10h40 Sub-12 \/ Benjamins B (1 km, 2 voltas pequenas)<br \/>\n\u2022 10h50 Sub-14 \/ Infantis (1,5 km, 3 voltas pequenas)<br \/>\n\u2022 10h50 Sub-16 \/ Iniciados (3 km, 1 volta pequena + 1 volta grande)<br \/>\n\u2022 11h10 Sub-18 \/ Juvenis (5 km, 2 voltas grandes)<br \/>\n\u2022 11h45 Sub-20 \/ Juniores e Corrida da Freguesia (7,5 km, 3 voltas grandes)<br \/>\n\u2022 11h45 Seniores (10 km aprox., 4 voltas grandes)<br \/>\n\u2022 11h45 Veteranos A (35-49 anos) e Veteranos B (\u2265 50 anos) (10 km aprox., 4 voltas grandes)<\/p>\n<p><strong>Prazo de inscri\u00e7\u00e3o:<\/strong> 23 de abril de 2026<\/p>\n<p><strong>Formato do percurso:<\/strong> Percurso em voltas, pequenas e grandes, conforme categoria<\/p>\n<p><strong>Pr\u00e9mios:<\/strong> Ta\u00e7as, trof\u00e9us, medalhas para todos os escal\u00f5es; pr\u00e9mios monet\u00e1rios para participantes da Corrida da Freguesia<\/p>\n<p><strong>WC e localiza\u00e7\u00e3o dos abastecimentos:<\/strong> Balne\u00e1rios dispon\u00edveis no Pavilh\u00e3o das Piscinas Municipais do Sabugal<\/p>\n","race_benefits":"","event_faq_headline":"FAQ","event_faq_items":false,"event_date_start":"20260426","event_date_end":"20260426","event_start_time":"","event_country":"portugal","event_ticket_url":"https:\/\/beta.fpacompeticoes.pt\/inscriptions\/5874?index","event_latitude":"40.4034","event_longitude":"-7.0501","event_rating":"","is_hot_event":false,"event_participants_count":"0","organizer_avatar":false,"event_gallery":false,"purchasing_all_variations_through_woocommerce":false,"optional_extras":false,"organizer_website":{"title":"","url":"","target":"","0":""}},"_links":{"self":[{"href":"https:\/\/racefinder.pt\/pt\/wp-json\/wp\/v2\/product\/44748","targetHints":{"allow":["GET"]}}],"collection":[{"href":"https:\/\/racefinder.pt\/pt\/wp-json\/wp\/v2\/product"}],"about":[{"href":"https:\/\/racefinder.pt\/pt\/wp-json\/wp\/v2\/types\/product"}],"replies":[{"embeddable":true,"href":"https:\/\/racefinder.pt\/pt\/wp-json\/wp\/v2\/comments?post=44748"}],"version-history":[{"count":1,"href":"https:\/\/racefinder.pt\/pt\/wp-json\/wp\/v2\/product\/44748\/revisions"}],"predecessor-version":[{"id":44749,"href":"https:\/\/racefinder.pt\/pt\/wp-json\/wp\/v2\/product\/44748\/revisions\/44749"}],"wp:featuredmedia":[{"embeddable":true,"href":"https:\/\/racefinder.pt\/pt\/wp-json\/wp\/v2\/media\/45092"}],"wp:attachment":[{"href":"https:\/\/racefinder.pt\/pt\/wp-json\/wp\/v2\/media?parent=44748"}],"wp:term":[{"taxonomy":"product_brand","embeddable":true,"href":"https:\/\/racefinder.pt\/pt\/wp-json\/wp\/v2\/product_brand?post=44748"},{"taxonomy":"product_cat","embeddable":true,"href":"https:\/\/racefinder.pt\/pt\/wp-json\/wp\/v2\/product_cat?post=44748"},{"taxonomy":"product_tag","embeddable":true,"href":"https:\/\/racefinder.pt\/pt\/wp-json\/wp\/v2\/product_tag?post=44748"}],"curies":[{"name":"wp","href":"https:\/\/api.w.org\/{rel}","templated":true}]}}