{"id":44659,"date":"2026-04-18T00:07:50","date_gmt":"2026-04-17T23:07:50","guid":{"rendered":"https:\/\/racefinder.pt\/?post_type=product&#038;p=44659"},"modified":"2026-04-20T12:41:01","modified_gmt":"2026-04-20T11:41:01","slug":"dual-round-2","status":"publish","type":"product","link":"https:\/\/racefinder.pt\/pt\/event\/dual-round-2\/","title":{"rendered":"Dual Round 2"},"content":{"rendered":"","protected":false},"excerpt":{"rendered":"","protected":false},"featured_media":45126,"comment_status":"open","ping_status":"closed","template":"","meta":{"_acf_changed":false,"footnotes":""},"product_brand":[],"product_cat":[129,3579],"product_tag":[],"class_list":{"0":"post-44659","1":"product","2":"type-product","3":"status-publish","4":"has-post-thumbnail","6":"product_cat-corrida","7":"product_cat-hibrido-pt","9":"first","10":"instock","11":"shipping-taxable","12":"purchasable","13":"product-type-variable"},"acf":{"event_location_text":"Aveiro","event_short_description":"<p>Dual Round 2 \u00e9 um desafio em dupla onde os participantes competem em equipas de dois. O evento aceita equipas categorizadas por g\u00e9nero e n\u00edvel de habilidade, incluindo categorias Misto, Feminino e Masculino, com n\u00edveis Regular e Avan\u00e7ado.<\/p>\n<p>Os participantes devem inscrever-se em dupla, destacando o trabalho em equipa e a colabora\u00e7\u00e3o. O formato do evento promove o esp\u00edrito competitivo entre pares, criando uma din\u00e2mica \u00fanica em compara\u00e7\u00e3o com corridas individuais.<\/p>\n","organizer_description":"<p><strong><a class=\"\" href=\"https:\/\/tally.so\/r\/WOAx2a?utm_source=ig&#038;utm_medium=social&#038;utm_content=link_in_bio&#038;fbclid=PAZXh0bgNhZW0CMTEAc3J0YwZhcHBfaWQMMjU2MjgxMDQwNTU4AAGnm3rjnSoSShnGqQlmtcZmDyUtGAXNCTzSM9BkEgxCdCa_VytBECrnri57r-0_aem_9v5KUpvZI8QtqwwdpZK25Q\" target=\"_new\" rel=\"noopener\">Regulamento \u2197<\/a><\/strong><\/p>\n","race_benefits":"","event_faq_headline":"FAQ","event_faq_items":false,"event_date_start":"20260523","event_date_end":"20260523","event_start_time":"","event_country":"portugal","event_ticket_url":"https:\/\/tally.so\/r\/WOAx2a?utm_source=ig&utm_medium=social&utm_content=link_in_bio&fbclid=PAZXh0bgNhZW0CMTEAc3J0YwZhcHBfaWQMMjU2MjgxMDQwNTU4AAGnm3rjnSoSShnGqQlmtcZmDyUtGAXNCTzSM9BkEgxCdCa_VytBECrnri57r-0_aem_9v5KUpvZI8QtqwwdpZK25Q","event_latitude":"40.632","event_longitude":"-8.6597","event_rating":"","is_hot_event":false,"event_participants_count":"0","organizer_avatar":false,"event_gallery":false,"purchasing_all_variations_through_woocommerce":false,"optional_extras":false,"organizer_website":{"title":"","url":"","target":"","0":""}},"_links":{"self":[{"href":"https:\/\/racefinder.pt\/pt\/wp-json\/wp\/v2\/product\/44659","targetHints":{"allow":["GET"]}}],"collection":[{"href":"https:\/\/racefinder.pt\/pt\/wp-json\/wp\/v2\/product"}],"about":[{"href":"https:\/\/racefinder.pt\/pt\/wp-json\/wp\/v2\/types\/product"}],"replies":[{"embeddable":true,"href":"https:\/\/racefinder.pt\/pt\/wp-json\/wp\/v2\/comments?post=44659"}],"version-history":[{"count":1,"href":"https:\/\/racefinder.pt\/pt\/wp-json\/wp\/v2\/product\/44659\/revisions"}],"predecessor-version":[{"id":44660,"href":"https:\/\/racefinder.pt\/pt\/wp-json\/wp\/v2\/product\/44659\/revisions\/44660"}],"wp:featuredmedia":[{"embeddable":true,"href":"https:\/\/racefinder.pt\/pt\/wp-json\/wp\/v2\/media\/45126"}],"wp:attachment":[{"href":"https:\/\/racefinder.pt\/pt\/wp-json\/wp\/v2\/media?parent=44659"}],"wp:term":[{"taxonomy":"product_brand","embeddable":true,"href":"https:\/\/racefinder.pt\/pt\/wp-json\/wp\/v2\/product_brand?post=44659"},{"taxonomy":"product_cat","embeddable":true,"href":"https:\/\/racefinder.pt\/pt\/wp-json\/wp\/v2\/product_cat?post=44659"},{"taxonomy":"product_tag","embeddable":true,"href":"https:\/\/racefinder.pt\/pt\/wp-json\/wp\/v2\/product_tag?post=44659"}],"curies":[{"name":"wp","href":"https:\/\/api.w.org\/{rel}","templated":true}]}}