{"id":44519,"date":"2026-04-17T00:14:43","date_gmt":"2026-04-16T23:14:43","guid":{"rendered":"https:\/\/racefinder.pt\/?post_type=product&#038;p=44519"},"modified":"2026-04-17T11:34:46","modified_gmt":"2026-04-17T10:34:46","slug":"2a-corrida-gamaliel-bras-carlos","status":"publish","type":"product","link":"https:\/\/racefinder.pt\/pt\/event\/2a-corrida-gamaliel-bras-carlos\/","title":{"rendered":"2\u00aa CORRIDA GAMALIEL BR\u00c1S CARLOS"},"content":{"rendered":"","protected":false},"excerpt":{"rendered":"","protected":false},"featured_media":42602,"comment_status":"open","ping_status":"closed","template":"","meta":{"_acf_changed":false,"footnotes":""},"product_brand":[],"product_cat":[129,246,2697,161],"product_tag":[],"class_list":{"0":"post-44519","1":"product","2":"type-product","3":"status-publish","4":"has-post-thumbnail","6":"product_cat-corrida","7":"product_cat-corrida-de-rua","8":"product_cat-jovens","9":"product_cat-kids-pt","11":"first","12":"instock","13":"shipping-taxable","14":"purchasable","15":"product-type-variable"},"acf":{"event_location_text":"Arronches, Portalegre","event_short_description":"<p>A 2\u00aa Corrida Gamaliel Br\u00e1s Carlos realiza-se a 6 de junho de 2026, em Arronches, Portugal. Apresenta v\u00e1rias dist\u00e2ncias de corrida adequadas a diferentes faixas et\u00e1rias, desde crian\u00e7as muito pequenas at\u00e9 veteranos e participantes de desporto adaptado.<\/p>\n<p>A prova est\u00e1 aberta a atletas masculinos e femininos em diversas categorias et\u00e1rias, incluindo categorias n\u00e3o competitivas para os mais jovens. O evento \u00e9 organizado pelo Sport Arronches e Benfica com o apoio do Munic\u00edpio de Arronches e colabora\u00e7\u00e3o t\u00e9cnica da Associa\u00e7\u00e3o de Atletismo do Distrito de Portalegre (AADP).<\/p>\n<p>O percurso \u00e9 um circuito urbano de 3250 metros por volta, com dist\u00e2ncias diferentes atribu\u00eddas a cada escal\u00e3o, criando uma atmosfera inclusiva e competitiva para todos os participantes.<\/p>\n","organizer_description":"<p><strong><a class=\"\" href=\"https:\/\/aadp.pt\/wp-content\/uploads\/2026\/04\/Red-Modern-Construction-Proposal-Cover-Page-1.pdf\" target=\"_new\" rel=\"noopener\">Regulamento \u2197<\/a><\/strong><\/p>\n<p><strong>Locais de partida\/chegada:<\/strong> Junto ao Jardim do Fosso em Arronches<\/p>\n<p><strong>Hor\u00e1rios de partida por categoria\/dist\u00e2ncia:<\/strong><br \/>\n\u2022 18h30 Traquinas (M e F) \u2013 150m<br \/>\n\u2022 18h35 Benjamins A (M e F) \u2013 500m<br \/>\n\u2022 18h40 Benjamins B (M e F) \u2013 800m<br \/>\n\u2022 18h50 Infantis (M e F) e Adaptado (M e F) \u2013 1400m<br \/>\n\u2022 19h Iniciados (M e F) e Juvenis (M e F) \u2013 3250m (1 volta)<br \/>\n\u2022 19h Absolutos (M e F) \u2013 9750m (3 voltas)<\/p>\n<p><strong>Levantamento de dorsais (data\/hora e local):<\/strong> 17h30 \u00e0s 18h30 no local da prova<\/p>\n<p><strong>Prazo de inscri\u00e7\u00e3o:<\/strong> 3 de junho de 2026, 23h59<\/p>\n<p><strong>Tipos de piso:<\/strong> Circuito urbano<\/p>\n<p><strong>Formato do percurso:<\/strong> Circuito com cada volta de 3250m<\/p>\n<p><strong>Percursos:<\/strong><br \/>\n\u2022 Benjamins A \u2013 500m<br \/>\n\u2022 Benjamins B \u2013 800m<br \/>\n\u2022 Infantis \u2013 1400m<br \/>\n\u2022 Volta completa \u2013 3250m<\/p>\n<p><strong>Pr\u00e9mios:<\/strong> Medalhas para os 3 primeiros classificados por escal\u00e3o, sexo e prova; medalhas de participa\u00e7\u00e3o para Traquinas e Benjamins A; trof\u00e9us para as 3 primeiras equipas no c\u00f4mputo geral<\/p>\n","race_benefits":"","event_faq_headline":"FAQ","event_faq_items":false,"event_date_start":"20260606","event_date_end":"20260606","event_start_time":"","event_country":"portugal","event_ticket_url":"https:\/\/beta.fpacompeticoes.pt\/inscriptions\/6048?index","event_latitude":"39.1221","event_longitude":"-7.2853","event_rating":"","is_hot_event":false,"event_participants_count":"0","organizer_avatar":false,"event_gallery":false,"purchasing_all_variations_through_woocommerce":false,"optional_extras":false,"organizer_website":{"title":"","url":"","target":"","0":""}},"_links":{"self":[{"href":"https:\/\/racefinder.pt\/pt\/wp-json\/wp\/v2\/product\/44519","targetHints":{"allow":["GET"]}}],"collection":[{"href":"https:\/\/racefinder.pt\/pt\/wp-json\/wp\/v2\/product"}],"about":[{"href":"https:\/\/racefinder.pt\/pt\/wp-json\/wp\/v2\/types\/product"}],"replies":[{"embeddable":true,"href":"https:\/\/racefinder.pt\/pt\/wp-json\/wp\/v2\/comments?post=44519"}],"version-history":[{"count":1,"href":"https:\/\/racefinder.pt\/pt\/wp-json\/wp\/v2\/product\/44519\/revisions"}],"predecessor-version":[{"id":44520,"href":"https:\/\/racefinder.pt\/pt\/wp-json\/wp\/v2\/product\/44519\/revisions\/44520"}],"wp:featuredmedia":[{"embeddable":true,"href":"https:\/\/racefinder.pt\/pt\/wp-json\/wp\/v2\/media\/42602"}],"wp:attachment":[{"href":"https:\/\/racefinder.pt\/pt\/wp-json\/wp\/v2\/media?parent=44519"}],"wp:term":[{"taxonomy":"product_brand","embeddable":true,"href":"https:\/\/racefinder.pt\/pt\/wp-json\/wp\/v2\/product_brand?post=44519"},{"taxonomy":"product_cat","embeddable":true,"href":"https:\/\/racefinder.pt\/pt\/wp-json\/wp\/v2\/product_cat?post=44519"},{"taxonomy":"product_tag","embeddable":true,"href":"https:\/\/racefinder.pt\/pt\/wp-json\/wp\/v2\/product_tag?post=44519"}],"curies":[{"name":"wp","href":"https:\/\/api.w.org\/{rel}","templated":true}]}}