{"id":44502,"date":"2026-04-17T00:11:45","date_gmt":"2026-04-16T23:11:45","guid":{"rendered":"https:\/\/racefinder.pt\/?post_type=product&#038;p=44502"},"modified":"2026-04-17T11:24:39","modified_gmt":"2026-04-17T10:24:39","slug":"19a-corrida-intermarche-caldas-das-taipas","status":"publish","type":"product","link":"https:\/\/racefinder.pt\/pt\/event\/19a-corrida-intermarche-caldas-das-taipas\/","title":{"rendered":"19\u00aa Corrida Intermarch\u00e9 Caldas das Taipas"},"content":{"rendered":"","protected":false},"excerpt":{"rendered":"","protected":false},"featured_media":41748,"comment_status":"open","ping_status":"closed","template":"","meta":{"_acf_changed":false,"footnotes":""},"product_brand":[],"product_cat":[140,129,225,2697,161],"product_tag":[],"class_list":{"0":"post-44502","1":"product","2":"type-product","3":"status-publish","4":"has-post-thumbnail","6":"product_cat-caminhada","7":"product_cat-corrida","8":"product_cat-10-km-pt","9":"product_cat-jovens","10":"product_cat-kids-pt","12":"first","13":"instock","14":"shipping-taxable","15":"purchasable","16":"product-type-variable"},"acf":{"event_location_text":"Guimar\u00e3es, Braga","event_short_description":"<p>A 19\u00aa Corrida Intermarch\u00e9 Caldas das Taipas realiza-se a 7 de junho de 2026, na Vila de Caldas das Taipas, Guimar\u00e3es. Inclui a corrida principal de 10 km para atletas federados e n\u00e3o federados nascidos em 2008 ou antes, uma caminhada de 5 km aberta a todos e corridas jovens para v\u00e1rias faixas et\u00e1rias.<\/p>\n<p>O evento \u00e9 aberto a participantes desde crian\u00e7as at\u00e9 veteranos, com provas espec\u00edficas para cada escal\u00e3o et\u00e1rio. As provas decorrem em v\u00e1rias ruas da vila, com partida e chegada na Alameda Rosas Guimar\u00e3es, promovendo um ambiente comunit\u00e1rio e inclusivo.<\/p>\n<p>\u00c9 uma competi\u00e7\u00e3o certificada e integrada no calend\u00e1rio oficial da World Athletics, garantindo elevada qualidade organizativa e competitiva. O evento oferece ainda classifica\u00e7\u00f5es coletivas e pr\u00e9mios monet\u00e1rios, valorizando o esp\u00edrito competitivo.<\/p>\n","organizer_description":"<p><strong><a class=\"\" href=\"https:\/\/www.aabraga.pt\/files\/1776258973_9268aac9a2bec4291d43c0cd6e650468.pdf\" target=\"_new\" rel=\"noopener\">Regulamento \u2197<\/a><\/strong><\/p>\n<p><strong>Locais de partida\/chegada:<\/strong> Alameda Rosas Guimar\u00e3es, Taipas<\/p>\n<p><strong>Hor\u00e1rios de partida por categoria\/dist\u00e2ncia:<\/strong><br \/>\n\u2022 08:45 \u2013 Sub-10 e Sub-12 (M\/F) \u2013 650m<br \/>\n\u2022 09:00 \u2013 Sub-14 (M\/F) \u2013 1,3km<br \/>\n\u2022 09:15 \u2013 Sub-16 (M\/F) \u2013 1,95km<br \/>\n\u2022 09:30 \u2013 Sub-18 (M\/F) \u2013 2,6km<br \/>\n\u2022 09:45 \u2013 Caminhada (aprox. 5km)<br \/>\n\u2022 10:15 \u2013 Corrida de 10km<br \/>\n\u2022 11:00 \u2013 Entrega de pr\u00e9mios<\/p>\n<p><strong>Prazo de inscri\u00e7\u00e3o:<\/strong> 31 de maio de 2026<\/p>\n<p><strong>M\u00e9todo de cronometragem:<\/strong> Sistema eletr\u00f3nico de chip<\/p>\n<p><strong>Escal\u00f5es\/categorias:<\/strong><br \/>\n\u2022 Sub-10 M\/F (nascidos em 2017, 2018, 2019)<br \/>\n\u2022 Sub-12 M\/F (nascidos em 2015, 2016)<br \/>\n\u2022 Sub-14 M\/F (nascidos em 2013, 2014)<br \/>\n\u2022 Sub-16 M\/F (nascidos em 2011, 2012)<br \/>\n\u2022 Sub-18 M\/F (nascidos em 2009, 2010)<br \/>\n\u2022 Sub-20 M\/F (nascidos em 2007, 2008)<br \/>\n\u2022 Seniores M\/F (nascidos em 2006 e anteriores, menos de 40 anos)<br \/>\n\u2022 Veteranos I M\/F (40-49 anos)<br \/>\n\u2022 Veteranos II M\/F (50-59 anos)<br \/>\n\u2022 Veteranos III M\/F (60+ anos)<\/p>\n<p><strong>Pr\u00e9mios:<\/strong> Pr\u00e9mios monet\u00e1rios para os 10 primeiros da geral e para os 3 primeiros de cada escal\u00e3o\/g\u00e9nero; trof\u00e9us e faqueiros para os 3 primeiros de cada escal\u00e3o; pr\u00e9mios coletivos para as 3 melhores equipas masculinas e femininas<\/p>\n","race_benefits":"<p>\ud83c\udfbd Kit do participante: t-shirt e alguns brindes<br \/>\n\u23f1\ufe0f Cronometragem e resultados ao vivo por categoria via sistema eletr\u00f3nico de chip<br \/>\n\ud83c\udfc6 Pr\u00e9mios monet\u00e1rios e trof\u00e9us para classifica\u00e7\u00f5es individuais e coletivas<\/p>\n","event_faq_headline":"FAQ","event_faq_items":[{"item_title":"As crian\u00e7as podem participar?","item_description":"Sim, h\u00e1 corridas jovens para crian\u00e7as nascidas em 2009 e anos seguintes, com dist\u00e2ncias entre 650m e 2,6km."},{"item_title":"Como fa\u00e7o a inscri\u00e7\u00e3o?","item_description":"As inscri\u00e7\u00f5es s\u00e3o feitas online na plataforma FPA Competi\u00e7\u00f5es ou presencialmente na Junta de Freguesia de Caldelas para a caminhada, at\u00e9 31 de maio de 2026."},{"item_title":"Quais s\u00e3o as dist\u00e2ncias das provas?","item_description":"A corrida principal \u00e9 de 10km, a caminhada tem cerca de 5km, e as corridas jovens variam de 650m a 2,6km conforme a idade."},{"item_title":"Onde \u00e9 a partida e chegada?","item_description":"Todas as provas t\u00eam partida e chegada na Alameda Rosas Guimar\u00e3es, Taipas."},{"item_title":"O evento \u00e9 certificado?","item_description":"Sim, \u00e9 uma competi\u00e7\u00e3o certificada e inclu\u00edda no calend\u00e1rio oficial da World Athletics."}],"event_date_start":"20260607","event_date_end":"20260607","event_start_time":"","event_country":"portugal","event_ticket_url":"https:\/\/beta.fpacompeticoes.pt\/inscriptions\/6042?index","event_latitude":"41.483","event_longitude":"-8.3417","event_rating":"","is_hot_event":false,"event_participants_count":"0","organizer_avatar":false,"event_gallery":false,"purchasing_all_variations_through_woocommerce":false,"optional_extras":false,"organizer_website":{"title":"","url":"","target":"","0":""}},"_links":{"self":[{"href":"https:\/\/racefinder.pt\/pt\/wp-json\/wp\/v2\/product\/44502","targetHints":{"allow":["GET"]}}],"collection":[{"href":"https:\/\/racefinder.pt\/pt\/wp-json\/wp\/v2\/product"}],"about":[{"href":"https:\/\/racefinder.pt\/pt\/wp-json\/wp\/v2\/types\/product"}],"replies":[{"embeddable":true,"href":"https:\/\/racefinder.pt\/pt\/wp-json\/wp\/v2\/comments?post=44502"}],"version-history":[{"count":1,"href":"https:\/\/racefinder.pt\/pt\/wp-json\/wp\/v2\/product\/44502\/revisions"}],"predecessor-version":[{"id":44503,"href":"https:\/\/racefinder.pt\/pt\/wp-json\/wp\/v2\/product\/44502\/revisions\/44503"}],"wp:featuredmedia":[{"embeddable":true,"href":"https:\/\/racefinder.pt\/pt\/wp-json\/wp\/v2\/media\/41748"}],"wp:attachment":[{"href":"https:\/\/racefinder.pt\/pt\/wp-json\/wp\/v2\/media?parent=44502"}],"wp:term":[{"taxonomy":"product_brand","embeddable":true,"href":"https:\/\/racefinder.pt\/pt\/wp-json\/wp\/v2\/product_brand?post=44502"},{"taxonomy":"product_cat","embeddable":true,"href":"https:\/\/racefinder.pt\/pt\/wp-json\/wp\/v2\/product_cat?post=44502"},{"taxonomy":"product_tag","embeddable":true,"href":"https:\/\/racefinder.pt\/pt\/wp-json\/wp\/v2\/product_tag?post=44502"}],"curies":[{"name":"wp","href":"https:\/\/api.w.org\/{rel}","templated":true}]}}