{"id":44460,"date":"2026-04-17T00:04:00","date_gmt":"2026-04-16T23:04:00","guid":{"rendered":"https:\/\/racefinder.pt\/?post_type=product&#038;p=44460"},"modified":"2026-04-17T11:21:22","modified_gmt":"2026-04-17T10:21:22","slug":"xxxiv-meia-maratona-dos-bravos","status":"publish","type":"product","link":"https:\/\/racefinder.pt\/pt\/event\/xxxiv-meia-maratona-dos-bravos\/","title":{"rendered":"XXXIV MEIA MARATONA DOS BRAVOS"},"content":{"rendered":"","protected":false},"excerpt":{"rendered":"","protected":false},"featured_media":43732,"comment_status":"open","ping_status":"closed","template":"","meta":{"_acf_changed":false,"footnotes":""},"product_brand":[],"product_cat":[140,129,225,244],"product_tag":[],"class_list":{"0":"post-44460","1":"product","2":"type-product","3":"status-publish","4":"has-post-thumbnail","6":"product_cat-caminhada","7":"product_cat-corrida","8":"product_cat-10-km-pt","9":"product_cat-meia-maratona","11":"first","12":"instock","13":"shipping-taxable","14":"purchasable","15":"product-type-variable"},"acf":{"event_location_text":"Angra do Hero\u00edsmo, Terceira","event_short_description":"<p>A XXXIV Meia Maratona dos Bravos realiza-se a 1 de maio de 2026, em Angra do Hero\u00edsmo, Ilha Terceira, A\u00e7ores. Inclui meia maratona, corrida de 10 km, caminhada de 10 km, meia milha urbana e milha urbana, oferecendo v\u00e1rias dist\u00e2ncias para diferentes participantes.<\/p>\n<p>Aberto a todos os atletas nascidos antes de 2007 para as provas principais, com categorias para juniores, seniores e veteranos. As caminhadas s\u00e3o abertas a todas as idades, incluindo menores acompanhados por adultos. O evento \u00e9 organizado pela Associa\u00e7\u00e3o de Atletismo da Ilha Terceira em parceria com a C\u00e2mara Municipal de Angra do Hero\u00edsmo.<\/p>\n<p>Este evento \u00e9 uma prova emblem\u00e1tica nos A\u00e7ores, celebrando o desporto e a sa\u00fade numa atmosfera festiva que acolhe atletas, amadores e fam\u00edlias. Os percursos apresentam terreno variado com diferen\u00e7as de altitude e rotas c\u00e9nicas entre Serreta e S\u00e3o Mateus da Calheta.<\/p>\n","organizer_description":"<p><strong><a class=\"\" href=\"https:\/\/drive.google.com\/file\/d\/1iSGElYfWm6A54Gwdi318p7ikAMjvna6L\/view?usp=sharing\" target=\"_new\" rel=\"noopener\">Regulamento \u2197<\/a><\/strong><\/p>\n<p><strong>Locais de partida\/chegada:<\/strong><br \/>\n\u2022 Meia Maratona: Partida em \u00c0 Vila (freguesia Serreta), chegada no Campo de Jogos Carlos Alberto de Sousa<br \/>\n\u2022 Corrida 10 km: Partida em Santa B\u00e1rbara (junto ao posto da UNICOL), chegada no Campo de Jogos de S\u00e3o Mateus<br \/>\n\u2022 Caminhadas: Partida na Estalagem da Serreta ou Posto da UNICOL Santa B\u00e1rbara, chegada no Campo de Futebol de S\u00e3o Mateus<br \/>\n\u2022 Corridas urbanas: V\u00e1rios locais de partida incluindo Bairro do Bravio e Terreiro de S\u00e3o Mateus, chegada no Campo de Jogos Carlos Alberto de Sousa<\/p>\n<p><strong>Hor\u00e1rios de partida por categoria\/dist\u00e2ncia:<\/strong><br \/>\n\u2022 XXIV Caminhada dos Bravos: 09:00<br \/>\n\u2022 XXXIV Meia Maratona dos Bravos: 09:30<br \/>\n\u2022 Meia Milha Urbana dos Bravos: 09:30<br \/>\n\u2022 XIV Milha Urbana dos Bravos: 09:45<br \/>\n\u2022 III 10KM dos Bravos: 10:30<br \/>\n\u2022 I 10K Caminhada dos Bravos: 09:30<\/p>\n<p><strong>Escal\u00f5es:<\/strong><br \/>\n\u2022 Meia Maratona: Juniores, Seniores, M-35, M-40, M-45, M-50, M-55, M-60, M-65, M70+<br \/>\n\u2022 Corrida 10 km: Sub-20, Seniores, Veteranos\/Masters (M35\/F35, M40\/F40, M45\/F45, M50\/F50, M55\/F55, M60+\/F60+)<br \/>\n\u2022 Corridas urbanas: V\u00e1rios escal\u00f5es juvenis e adaptados (Sub-10, Sub-12, Sub-14, Sub-16, Sub-18, atletismo adaptado)<\/p>\n<p><strong>Prazo de inscri\u00e7\u00e3o:<\/strong> 29 de abril de 2026, 12:00<\/p>\n<p><strong>Tipos de piso:<\/strong><br \/>\n\u2022 Corrida em estrada com diferen\u00e7a de altitude de 308 metros, subida acumulada de 230 metros e descida acumulada de 451 metros<\/p>\n<p><strong>Formato do percurso:<\/strong> Percursos ponto a ponto e circuitos urbanos conforme a prova<\/p>\n<p><strong>Percursos:<\/strong><br \/>\n\u2022 Meia Maratona: Entre Serreta e S\u00e3o Mateus da Calheta (Estrada ER1-1)<br \/>\n\u2022 Corrida 10 km: Santa B\u00e1rbara a S\u00e3o Mateus<br \/>\n\u2022 Caminhadas: Percurso semelhante \u00e0 meia maratona com pequenas varia\u00e7\u00f5es<br \/>\n\u2022 Corridas urbanas: V\u00e1rios percursos urbanos em Angra do Hero\u00edsmo<\/p>\n<p><strong>WC e localiza\u00e7\u00e3o dos abastecimentos:<\/strong><br \/>\n\u2022 Meia Maratona: 3 postos de \u00e1gua aos 5, 10 e 15 km<br \/>\n\u2022 Corrida 10 km: 1 posto de \u00e1gua aos 5 km<br \/>\n\u2022 Caminhadas: acesso aos postos da meia maratona<\/p>\n<p><strong>Pr\u00e9mios:<\/strong><br \/>\n\u2022 Trof\u00e9us para os 3 primeiros classificados absolutos por sexo nas provas principais<br \/>\n\u2022 Medalhas para os 3 primeiros por escal\u00e3o e sexo<br \/>\n\u2022 Medalhas de participa\u00e7\u00e3o para todos os finalistas<br \/>\n\u2022 T-shirts para os primeiros 400 inscritos nas provas principais e caminhadas<\/p>\n","race_benefits":"<p>\ud83c\udfbd Kit do atleta: T-shirts para os primeiros 400 inscritos<br \/>\n\ud83c\udfc5 Pr\u00e9mio de finalista: Medalhas para os 3 primeiros por escal\u00e3o e medalhas de participa\u00e7\u00e3o para todos os finalistas<br \/>\n\ud83d\udedf Apoio de seguran\u00e7a: Cruz Vermelha Portuguesa e PSP<br \/>\n\ud83d\udee1\ufe0f Seguro: Seguro de acidentes pessoais conforme Decreto-Lei n\u00ba 10\/2010<br \/>\n\ud83e\udd64 Abastecimentos: Postos de \u00e1gua aos 5, 10 e 15 km na meia maratona; 5 km na corrida de 10 km; acess\u00edveis para caminhantes<br \/>\n\ud83c\udfc6 Trof\u00e9us para os 3 primeiros classificados absolutos por sexo<\/p>\n","event_faq_headline":"FAQ","event_faq_items":false,"event_date_start":"20260501","event_date_end":"20260501","event_start_time":"","event_country":"portugal","event_ticket_url":"https:\/\/docs.google.com\/forms\/d\/e\/1FAIpQLScnbjeLT85sJSwYCb6HTlEwSEvIGFwljVly5JWAsrBvJZxW-w\/viewform?fbclid=PAZXh0bgNhZW0CMTEAc3J0YwZhcHBfaWQMMjU2MjgxMDQwNTU4AAGnLLXrPUdsjo129EtXog9sC2-eDvG_zLyW4SPFicCwqwgCY0dWObNO9Qc8Ibk_aem_9ZSfdESPWHiDBEyz4X-XiQ","event_latitude":"38.7565","event_longitude":"-27.3514","event_rating":"","is_hot_event":false,"event_participants_count":"0","organizer_avatar":false,"event_gallery":false,"purchasing_all_variations_through_woocommerce":false,"optional_extras":false,"organizer_website":{"title":"","url":"","target":"","0":""}},"_links":{"self":[{"href":"https:\/\/racefinder.pt\/pt\/wp-json\/wp\/v2\/product\/44460","targetHints":{"allow":["GET"]}}],"collection":[{"href":"https:\/\/racefinder.pt\/pt\/wp-json\/wp\/v2\/product"}],"about":[{"href":"https:\/\/racefinder.pt\/pt\/wp-json\/wp\/v2\/types\/product"}],"replies":[{"embeddable":true,"href":"https:\/\/racefinder.pt\/pt\/wp-json\/wp\/v2\/comments?post=44460"}],"version-history":[{"count":1,"href":"https:\/\/racefinder.pt\/pt\/wp-json\/wp\/v2\/product\/44460\/revisions"}],"predecessor-version":[{"id":44461,"href":"https:\/\/racefinder.pt\/pt\/wp-json\/wp\/v2\/product\/44460\/revisions\/44461"}],"wp:featuredmedia":[{"embeddable":true,"href":"https:\/\/racefinder.pt\/pt\/wp-json\/wp\/v2\/media\/43732"}],"wp:attachment":[{"href":"https:\/\/racefinder.pt\/pt\/wp-json\/wp\/v2\/media?parent=44460"}],"wp:term":[{"taxonomy":"product_brand","embeddable":true,"href":"https:\/\/racefinder.pt\/pt\/wp-json\/wp\/v2\/product_brand?post=44460"},{"taxonomy":"product_cat","embeddable":true,"href":"https:\/\/racefinder.pt\/pt\/wp-json\/wp\/v2\/product_cat?post=44460"},{"taxonomy":"product_tag","embeddable":true,"href":"https:\/\/racefinder.pt\/pt\/wp-json\/wp\/v2\/product_tag?post=44460"}],"curies":[{"name":"wp","href":"https:\/\/api.w.org\/{rel}","templated":true}]}}