{"id":44385,"date":"2026-04-16T00:32:27","date_gmt":"2026-04-15T23:32:27","guid":{"rendered":"https:\/\/racefinder.pt\/?post_type=product&#038;p=44385"},"modified":"2026-04-17T11:12:36","modified_gmt":"2026-04-17T10:12:36","slug":"trail-vila-de-alegrete-2026-2","status":"publish","type":"product","link":"https:\/\/racefinder.pt\/pt\/event\/trail-vila-de-alegrete-2026-2\/","title":{"rendered":"TRAIL VILA DE ALEGRETE 2026"},"content":{"rendered":"","protected":false},"excerpt":{"rendered":"","protected":false},"featured_media":43666,"comment_status":"open","ping_status":"closed","template":"","meta":{"_acf_changed":false,"footnotes":""},"product_brand":[],"product_cat":[140,129,139],"product_tag":[],"class_list":{"0":"post-44385","1":"product","2":"type-product","3":"status-publish","4":"has-post-thumbnail","6":"product_cat-caminhada","7":"product_cat-corrida","8":"product_cat-trail-run-pt","10":"first","11":"instock","12":"shipping-taxable","13":"purchasable","14":"product-type-variable"},"acf":{"event_location_text":"Portalegre","event_short_description":"<p>O VIII Trail Vila de Alegrete 2026 \u00e9 um evento de trail running que se realiza a 26 de abril de 2026, em Alegrete, Portugal. Oferece v\u00e1rias dist\u00e2ncias integradas no Circuito Distrital de Trail da Associa\u00e7\u00e3o de Atletismo do Distrito de Portalegre (AADP), incluindo categorias de trail curto e longo.<\/p>\n<p>O evento est\u00e1 aberto a diversos participantes, incluindo o Trail Kids Run no dia 25 de abril para jovens dos 5 aos 15 anos, promovendo o desporto entre os mais jovens e proporcionando uma experi\u00eancia inclusiva para participantes com defici\u00eancia, em colabora\u00e7\u00e3o com a CERCI de Portalegre.<\/p>\n<p>O percurso apresenta paisagens t\u00edpicas de trail em Alegrete e promove um ambiente comunit\u00e1rio apoiado por organiza\u00e7\u00f5es desportivas locais e pela c\u00e2mara municipal.<\/p>\n","organizer_description":"<p><strong><a class=\"\" href=\"https:\/\/drive.google.com\/drive\/folders\/1sZevuVRLjCl4gtIMFDbbUGQe8VU10jhK\" target=\"_new\" rel=\"noopener\">Regulamento \u2197<\/a><\/strong><\/p>\n<p><strong>Limite de participantes:<\/strong> 450<\/p>\n<p><strong>Locais de partida\/chegada:<\/strong> Alegrete<\/p>\n<p><strong>Escal\u00f5es\/categorias:<\/strong><br \/>\n\u2022 Trail Kids Run: 5 a 15 anos<br \/>\n\u2022 Trail Jovem<br \/>\n\u2022 Trail Curto<br \/>\n\u2022 Trail Longo<\/p>\n<p><strong>Tipos de piso:<\/strong> Terreno de trail running<\/p>\n<p><strong>Formato do percurso:<\/strong> Circuito Distrital de Trail da AADP (Curto e Longo) e Trail Jovem (Mini Trail)<\/p>\n","race_benefits":"","event_faq_headline":"FAQ","event_faq_items":false,"event_date_start":"20260426","event_date_end":"20260426","event_start_time":"","event_country":"portugal","event_ticket_url":"https:\/\/www.omdceventos.com\/evento\/trail-vila-de-alegrete-2026","event_latitude":"39.2381","event_longitude":"-7.3237","event_rating":"","is_hot_event":false,"event_participants_count":"0","organizer_avatar":false,"event_gallery":false,"purchasing_all_variations_through_woocommerce":false,"optional_extras":false,"organizer_website":{"title":"","url":"","target":"","0":""}},"_links":{"self":[{"href":"https:\/\/racefinder.pt\/pt\/wp-json\/wp\/v2\/product\/44385","targetHints":{"allow":["GET"]}}],"collection":[{"href":"https:\/\/racefinder.pt\/pt\/wp-json\/wp\/v2\/product"}],"about":[{"href":"https:\/\/racefinder.pt\/pt\/wp-json\/wp\/v2\/types\/product"}],"replies":[{"embeddable":true,"href":"https:\/\/racefinder.pt\/pt\/wp-json\/wp\/v2\/comments?post=44385"}],"version-history":[{"count":1,"href":"https:\/\/racefinder.pt\/pt\/wp-json\/wp\/v2\/product\/44385\/revisions"}],"predecessor-version":[{"id":44386,"href":"https:\/\/racefinder.pt\/pt\/wp-json\/wp\/v2\/product\/44385\/revisions\/44386"}],"wp:featuredmedia":[{"embeddable":true,"href":"https:\/\/racefinder.pt\/pt\/wp-json\/wp\/v2\/media\/43666"}],"wp:attachment":[{"href":"https:\/\/racefinder.pt\/pt\/wp-json\/wp\/v2\/media?parent=44385"}],"wp:term":[{"taxonomy":"product_brand","embeddable":true,"href":"https:\/\/racefinder.pt\/pt\/wp-json\/wp\/v2\/product_brand?post=44385"},{"taxonomy":"product_cat","embeddable":true,"href":"https:\/\/racefinder.pt\/pt\/wp-json\/wp\/v2\/product_cat?post=44385"},{"taxonomy":"product_tag","embeddable":true,"href":"https:\/\/racefinder.pt\/pt\/wp-json\/wp\/v2\/product_tag?post=44385"}],"curies":[{"name":"wp","href":"https:\/\/api.w.org\/{rel}","templated":true}]}}