{"id":44303,"date":"2026-04-16T00:18:44","date_gmt":"2026-04-15T23:18:44","guid":{"rendered":"https:\/\/racefinder.pt\/?post_type=product&#038;p=44303"},"modified":"2026-04-17T10:29:10","modified_gmt":"2026-04-17T09:29:10","slug":"walking-festival-trail-jurassico","status":"publish","type":"product","link":"https:\/\/racefinder.pt\/pt\/event\/walking-festival-trail-jurassico\/","title":{"rendered":"WALKING FESTIVAL &amp; TRAIL JUR\u00c1SSICO"},"content":{"rendered":"","protected":false},"excerpt":{"rendered":"","protected":false},"featured_media":43728,"comment_status":"open","ping_status":"closed","template":"","meta":{"_acf_changed":false,"footnotes":""},"product_brand":[],"product_cat":[140,129,224,139],"product_tag":[],"class_list":{"0":"post-44303","1":"product","2":"type-product","3":"status-publish","4":"has-post-thumbnail","6":"product_cat-caminhada","7":"product_cat-corrida","8":"product_cat-5-km-pt","9":"product_cat-trail-run-pt","11":"first","12":"instock","13":"shipping-taxable","14":"purchasable","15":"product-type-variable"},"acf":{"event_location_text":"Santiago de Lit\u00e9m, Leiria","event_short_description":"<p>O Santiago de Lit\u00e9m Walking Festival &amp; Trail Jur\u00e1ssico realiza-se de 8 a 10 de maio de 2026, em Santiago de Lit\u00e9m, Pombal. Inclui provas competitivas como a Dinossauros Night Run (~5 km com obst\u00e1culos), o Trail Jur\u00e1ssico K10 (~11 km) e o Trail Jur\u00e1ssico K20 (~21 km).<\/p>\n<p>Aberto a participantes com 18 anos ou mais, com v\u00e1rias categorias et\u00e1rias e classifica\u00e7\u00f5es individuais e coletivas. Inclui tamb\u00e9m caminhadas n\u00e3o competitivas de 5 km e 8 km, promovendo o envolvimento comunit\u00e1rio e a sensibiliza\u00e7\u00e3o ambiental.<\/p>\n<p>O evento destaca-se pelo esp\u00edrito de resili\u00eancia e solidariedade ap\u00f3s eventos meteorol\u00f3gicos adversos recentes, com uma componente solid\u00e1ria que apoia associa\u00e7\u00f5es locais. Os percursos apresentam terreno misto com desn\u00edveis significativos, combinando desporto, cultura e conv\u00edvio.<\/p>\n","organizer_description":"<p><strong><a class=\"\" href=\"https:\/\/drive.google.com\/file\/d\/1sh89GftUL7v2hub4GBGp8DVM11_cYN9c\/view\" target=\"_new\" rel=\"noopener\">Regulamento \u2197<\/a><\/strong><\/p>\n<p><strong>Locais de partida\/chegada:<\/strong> Mercado de Santiago de Lit\u00e9m<\/p>\n<p><strong>Hor\u00e1rios de partida por categoria\/dist\u00e2ncia:<\/strong><br \/>\n\u2022 Dinossauros Night Run (5 km): 9 de maio, 20:30<br \/>\n\u2022 Trail Jur\u00e1ssico K20 (21 km): 10 de maio, 09:00<br \/>\n\u2022 Trail Jur\u00e1ssico K10 (11 km): 10 de maio, 09:30<br \/>\n\u2022 Caminhada Jur\u00e1ssica (8 km): 10 de maio, 09:35<\/p>\n<p><strong>Tempos limite:<\/strong><br \/>\n\u2022 Trail Jur\u00e1ssico K20: 5 horas<br \/>\n\u2022 Trail Jur\u00e1ssico K10: 3 horas<\/p>\n<p><strong>Limite de participantes:<\/strong> 300 no total<\/p>\n<p><strong>Prazo de inscri\u00e7\u00e3o:<\/strong> 3 de maio de 2026<\/p>\n<p><strong>Tipos de piso:<\/strong> Terreno misto com obst\u00e1culos (Night Run), trilhos com desn\u00edvel (K10 e K20)<\/p>\n<p><strong>Formato do percurso:<\/strong> Corrida trail e corrida noturna com obst\u00e1culos<\/p>\n<p><strong>Percursos da prova:<\/strong><br \/>\n\u2022 Dinossauros Night Run: ~5 km, 250 m de desn\u00edvel positivo\/negativo<br \/>\n\u2022 Trail Jur\u00e1ssico K20: ~21 km, 630 m de desn\u00edvel positivo\/negativo<br \/>\n\u2022 Trail Jur\u00e1ssico K10: ~11 km, 450 m de desn\u00edvel positivo\/negativo<br \/>\n\u2022 Caminhada Jur\u00e1ssica: ~8 km, 320 m de desn\u00edvel positivo\/negativo<\/p>\n<p><strong>M\u00e9todo de cronometragem:<\/strong> Cronometragem eletr\u00f3nica por chip no dorsal<\/p>\n<p><strong>WC e localiza\u00e7\u00e3o dos abastecimentos:<\/strong> Postos de abastecimento sinalizados; n\u00e3o s\u00e3o fornecidos copos, os participantes devem levar recipiente pr\u00f3prio<\/p>\n<p><strong>Pr\u00e9mios:<\/strong><br \/>\n\u2022 Trof\u00e9us para os 3 primeiros classificados gerais masculinos e femininos<br \/>\n\u2022 Trof\u00e9us ou medalhas para os 3 primeiros de cada escal\u00e3o<br \/>\n\u2022 Trof\u00e9us para as 3 melhores equipas por dist\u00e2ncia<\/p>\n","race_benefits":"<p>\ud83c\udfbd Kit do atleta: dorsal personalizado, t-shirt oficial do evento<br \/>\n\ud83c\udfc5 Pr\u00e9mio de finalista: medalha finisher<br \/>\n\u23f1\ufe0f Cronometragem eletr\u00f3nica e classifica\u00e7\u00f5es online<br \/>\n\ud83e\udd64 Abastecimentos: pontos de hidrata\u00e7\u00e3o (participantes devem levar copo ou recipiente pr\u00f3prio)<br \/>\n\ud83d\udebf Acesso a banhos\/duchas<br \/>\n\ud83d\udee1\ufe0f Seguro: seguro desportivo e responsabilidade civil inclu\u00eddos na inscri\u00e7\u00e3o<br \/>\n\u2022 Participa\u00e7\u00e3o em componente solid\u00e1ria que apoia associa\u00e7\u00f5es locais<\/p>\n","event_faq_headline":"FAQ","event_faq_items":[{"item_title":"Como chegar ao evento?","item_description":"O evento situa-se em Santiago de Lit\u00e9m, acess\u00edvel pela sa\u00edda Pombal da A1, seguindo pela A34\/IC8 e N1 at\u00e9 \u00e0 R. do Choupal\/N1-6 por 8,2 km, continuando na N1-6 por 8,3 km at\u00e9 Santiago de Lit\u00e9m."},{"item_title":"As crian\u00e7as podem participar?","item_description":"As categorias competitivas s\u00e3o para maiores de 18 anos; n\u00e3o h\u00e1 categorias para crian\u00e7as."},{"item_title":"Como fa\u00e7o a inscri\u00e7\u00e3o?","item_description":"A inscri\u00e7\u00e3o \u00e9 obrigat\u00f3ria via www.recordepessoal.pt com pagamento da taxa respectiva. O prazo termina a 3 de maio de 2026."},{"item_title":"Qual o desn\u00edvel das provas?","item_description":"O Trail Jur\u00e1ssico K20 tem cerca de 630 m de desn\u00edvel, o K10 cerca de 450 m, e a Night Run cerca de 250 m."},{"item_title":"\u00c9 necess\u00e1rio equipamento especial?","item_description":"Sim, \u00e9 obrigat\u00f3rio levar recipiente para bebidas, telem\u00f3vel, apito e manta t\u00e9rmica para os trails; lanterna\/frontal e elementos refletores para a Night Run."}],"event_date_start":"20260509","event_date_end":"20260509","event_start_time":"","event_country":"portugal","event_ticket_url":"https:\/\/www.recordepessoal.pt\/evento\/walkingfestivaltrailjurassico","event_latitude":"39.8452","event_longitude":"-8.6037","event_rating":"","is_hot_event":false,"event_participants_count":"0","organizer_avatar":false,"event_gallery":false,"purchasing_all_variations_through_woocommerce":false,"optional_extras":false,"organizer_website":{"title":"","url":"","target":"","0":""}},"_links":{"self":[{"href":"https:\/\/racefinder.pt\/pt\/wp-json\/wp\/v2\/product\/44303","targetHints":{"allow":["GET"]}}],"collection":[{"href":"https:\/\/racefinder.pt\/pt\/wp-json\/wp\/v2\/product"}],"about":[{"href":"https:\/\/racefinder.pt\/pt\/wp-json\/wp\/v2\/types\/product"}],"replies":[{"embeddable":true,"href":"https:\/\/racefinder.pt\/pt\/wp-json\/wp\/v2\/comments?post=44303"}],"version-history":[{"count":1,"href":"https:\/\/racefinder.pt\/pt\/wp-json\/wp\/v2\/product\/44303\/revisions"}],"predecessor-version":[{"id":44304,"href":"https:\/\/racefinder.pt\/pt\/wp-json\/wp\/v2\/product\/44303\/revisions\/44304"}],"wp:featuredmedia":[{"embeddable":true,"href":"https:\/\/racefinder.pt\/pt\/wp-json\/wp\/v2\/media\/43728"}],"wp:attachment":[{"href":"https:\/\/racefinder.pt\/pt\/wp-json\/wp\/v2\/media?parent=44303"}],"wp:term":[{"taxonomy":"product_brand","embeddable":true,"href":"https:\/\/racefinder.pt\/pt\/wp-json\/wp\/v2\/product_brand?post=44303"},{"taxonomy":"product_cat","embeddable":true,"href":"https:\/\/racefinder.pt\/pt\/wp-json\/wp\/v2\/product_cat?post=44303"},{"taxonomy":"product_tag","embeddable":true,"href":"https:\/\/racefinder.pt\/pt\/wp-json\/wp\/v2\/product_tag?post=44303"}],"curies":[{"name":"wp","href":"https:\/\/api.w.org\/{rel}","templated":true}]}}