{"id":44241,"date":"2026-04-16T00:07:35","date_gmt":"2026-04-15T23:07:35","guid":{"rendered":"https:\/\/racefinder.pt\/?post_type=product&#038;p=44241"},"modified":"2026-04-16T17:58:44","modified_gmt":"2026-04-16T16:58:44","slug":"6o-torres-vedras-night-run-urban-trail","status":"publish","type":"product","link":"https:\/\/racefinder.pt\/pt\/event\/6o-torres-vedras-night-run-urban-trail\/","title":{"rendered":"6\u00ba TORRES VEDRAS NIGHT RUN URBAN TRAIL"},"content":{"rendered":"","protected":false},"excerpt":{"rendered":"","protected":false},"featured_media":43706,"comment_status":"open","ping_status":"closed","template":"","meta":{"_acf_changed":false,"footnotes":""},"product_brand":[],"product_cat":[140,129,139],"product_tag":[],"class_list":{"0":"post-44241","1":"product","2":"type-product","3":"status-publish","4":"has-post-thumbnail","6":"product_cat-caminhada","7":"product_cat-corrida","8":"product_cat-trail-run-pt","10":"first","11":"instock","12":"shipping-taxable","13":"product-type-variable"},"acf":{"event_location_text":"Torres Vedras, Lisboa","event_short_description":"<p>A 6\u00aa Torres Vedras Night Run Urban Trail \u00e9 uma prova de trail noturna marcada para 24 de outubro de 2026, em Torres Vedras. Esta corrida urbana oferece uma experi\u00eancia \u00fanica de correr pela cidade durante a noite.<\/p>\n","organizer_description":"","race_benefits":"","event_faq_headline":"FAQ","event_faq_items":false,"event_date_start":"20261024","event_date_end":"20261024","event_start_time":"","event_country":"portugal","event_ticket_url":"https:\/\/www.recordepessoal.pt\/evento\/6torresvedrasnightrunurbantrail","event_latitude":"39.093","event_longitude":"-9.2607","event_rating":"","is_hot_event":false,"event_participants_count":"0","organizer_avatar":false,"event_gallery":false,"purchasing_all_variations_through_woocommerce":false,"optional_extras":false,"organizer_website":{"title":"","url":"","target":"","0":""}},"_links":{"self":[{"href":"https:\/\/racefinder.pt\/pt\/wp-json\/wp\/v2\/product\/44241","targetHints":{"allow":["GET"]}}],"collection":[{"href":"https:\/\/racefinder.pt\/pt\/wp-json\/wp\/v2\/product"}],"about":[{"href":"https:\/\/racefinder.pt\/pt\/wp-json\/wp\/v2\/types\/product"}],"replies":[{"embeddable":true,"href":"https:\/\/racefinder.pt\/pt\/wp-json\/wp\/v2\/comments?post=44241"}],"version-history":[{"count":1,"href":"https:\/\/racefinder.pt\/pt\/wp-json\/wp\/v2\/product\/44241\/revisions"}],"predecessor-version":[{"id":44242,"href":"https:\/\/racefinder.pt\/pt\/wp-json\/wp\/v2\/product\/44241\/revisions\/44242"}],"wp:featuredmedia":[{"embeddable":true,"href":"https:\/\/racefinder.pt\/pt\/wp-json\/wp\/v2\/media\/43706"}],"wp:attachment":[{"href":"https:\/\/racefinder.pt\/pt\/wp-json\/wp\/v2\/media?parent=44241"}],"wp:term":[{"taxonomy":"product_brand","embeddable":true,"href":"https:\/\/racefinder.pt\/pt\/wp-json\/wp\/v2\/product_brand?post=44241"},{"taxonomy":"product_cat","embeddable":true,"href":"https:\/\/racefinder.pt\/pt\/wp-json\/wp\/v2\/product_cat?post=44241"},{"taxonomy":"product_tag","embeddable":true,"href":"https:\/\/racefinder.pt\/pt\/wp-json\/wp\/v2\/product_tag?post=44241"}],"curies":[{"name":"wp","href":"https:\/\/api.w.org\/{rel}","templated":true}]}}