{"id":43965,"date":"2026-04-15T00:03:56","date_gmt":"2026-04-14T23:03:56","guid":{"rendered":"https:\/\/racefinder.pt\/?post_type=product&#038;p=43965"},"modified":"2026-04-16T17:24:54","modified_gmt":"2026-04-16T16:24:54","slug":"lidl-setubal-triathlon","status":"publish","type":"product","link":"https:\/\/racefinder.pt\/pt\/event\/lidl-setubal-triathlon\/","title":{"rendered":"Lidl Set\u00fabal Triathlon"},"content":{"rendered":"","protected":false},"excerpt":{"rendered":"","protected":false},"featured_media":39683,"comment_status":"open","ping_status":"closed","template":"","meta":{"_acf_changed":false,"footnotes":""},"product_brand":[],"product_cat":[132,251],"product_tag":[],"class_list":{"0":"post-43965","1":"product","2":"type-product","3":"status-publish","4":"has-post-thumbnail","6":"product_cat-triatlo","7":"product_cat-triatlo-de-media-distancia","9":"first","10":"instock","11":"shipping-taxable","12":"purchasable","13":"product-type-variable"},"acf":{"event_location_text":"Set\u00fabal","event_short_description":"<p>O Lidl Set\u00fabal Triathlon \u00e9 uma prova de triatlo que se realiza a 2 de maio de 2027, organizada pela HMS Sports em parceria com a C\u00e2mara Municipal de Set\u00fabal. A prova inclui 1,9 km de nata\u00e7\u00e3o, 90 km de ciclismo e 21,1 km de corrida.<\/p>\n<p>A competi\u00e7\u00e3o come\u00e7a nas \u00e1guas do Rio Sado e passa pelo centro da cidade e pela desafiante Serra da Arr\u00e1bida. As inscri\u00e7\u00f5es individuais est\u00e3o esgotadas, mas as inscri\u00e7\u00f5es por estafetas continuam abertas.<\/p>\n","organizer_description":"<p><strong>Locais de partida\/chegada:<\/strong> Partida nas \u00e1guas do Rio Sado, percursos passam pelo centro da cidade de Set\u00fabal e Serra da Arr\u00e1bida<\/p>\n<p><strong>Percursos da prova:<\/strong><br \/>\n\u2022 Nata\u00e7\u00e3o: 1,9 km no Rio Sado<br \/>\n\u2022 Ciclismo: 90 km pelo centro da cidade e Serra da Arr\u00e1bida<br \/>\n\u2022 Corrida: 21,1 km pela cidade e Serra da Arr\u00e1bida<\/p>\n","race_benefits":"","event_faq_headline":"FAQ","event_faq_items":false,"event_start_time":"","event_country":"portugal","event_ticket_url":"https:\/\/www.setubaltriathlon.pt\/site\/","event_latitude":"38.5141","event_longitude":"-8.9102","event_rating":"","is_hot_event":false,"event_participants_count":"0","organizer_avatar":false,"event_gallery":false,"purchasing_all_variations_through_woocommerce":false,"optional_extras":false,"event_date_start":"20270502","event_date_end":"20270502","organizer_website":{"title":"","url":"","target":"","0":""}},"_links":{"self":[{"href":"https:\/\/racefinder.pt\/pt\/wp-json\/wp\/v2\/product\/43965","targetHints":{"allow":["GET"]}}],"collection":[{"href":"https:\/\/racefinder.pt\/pt\/wp-json\/wp\/v2\/product"}],"about":[{"href":"https:\/\/racefinder.pt\/pt\/wp-json\/wp\/v2\/types\/product"}],"replies":[{"embeddable":true,"href":"https:\/\/racefinder.pt\/pt\/wp-json\/wp\/v2\/comments?post=43965"}],"version-history":[{"count":1,"href":"https:\/\/racefinder.pt\/pt\/wp-json\/wp\/v2\/product\/43965\/revisions"}],"predecessor-version":[{"id":43966,"href":"https:\/\/racefinder.pt\/pt\/wp-json\/wp\/v2\/product\/43965\/revisions\/43966"}],"wp:featuredmedia":[{"embeddable":true,"href":"https:\/\/racefinder.pt\/pt\/wp-json\/wp\/v2\/media\/39683"}],"wp:attachment":[{"href":"https:\/\/racefinder.pt\/pt\/wp-json\/wp\/v2\/media?parent=43965"}],"wp:term":[{"taxonomy":"product_brand","embeddable":true,"href":"https:\/\/racefinder.pt\/pt\/wp-json\/wp\/v2\/product_brand?post=43965"},{"taxonomy":"product_cat","embeddable":true,"href":"https:\/\/racefinder.pt\/pt\/wp-json\/wp\/v2\/product_cat?post=43965"},{"taxonomy":"product_tag","embeddable":true,"href":"https:\/\/racefinder.pt\/pt\/wp-json\/wp\/v2\/product_tag?post=43965"}],"curies":[{"name":"wp","href":"https:\/\/api.w.org\/{rel}","templated":true}]}}