{"id":4372,"date":"2025-07-04T16:41:06","date_gmt":"2025-07-04T15:41:06","guid":{"rendered":"https:\/\/www.racefinder.pt\/event\/trail-do-queijo-da-fajazinha\/"},"modified":"2026-04-22T17:48:37","modified_gmt":"2026-04-22T16:48:37","slug":"trail-do-queijo-da-fajazinha","status":"publish","type":"product","link":"https:\/\/racefinder.pt\/pt\/event\/trail-do-queijo-da-fajazinha\/","title":{"rendered":"V Trail do Queijo da Faj\u00e3zinha"},"content":{"rendered":"","protected":false},"excerpt":{"rendered":"","protected":false},"featured_media":45772,"comment_status":"open","ping_status":"closed","template":"","meta":{"_acf_changed":false,"footnotes":""},"product_brand":[],"product_cat":[140,129,161,139],"product_tag":[],"class_list":{"0":"post-4372","1":"product","2":"type-product","3":"status-publish","4":"has-post-thumbnail","6":"product_cat-caminhada","7":"product_cat-corrida","8":"product_cat-kids-pt","9":"product_cat-trail-run-pt","11":"first","12":"instock","13":"sold-individually","14":"shipping-taxable","15":"purchasable","16":"product-type-variable"},"acf":{"event_start_time":"","event_country":"portugal","event_rating":"","event_participants_count":"0","organizer_avatar":false,"event_gallery":false,"event_location_text":"Faj\u00e3zinha, Ilha das Flores","event_short_description":"<p>O V Trail do Queijo da Faj\u00e3zinha \u00e9 um evento de trail running e caminhada que se realizar\u00e1 a 10 de outubro de 2026, na Ilha das Flores, A\u00e7ores. Oferece v\u00e1rias dist\u00e2ncias: 42 km, 21 km, 11 km de trail, uma caminhada de 6 km e uma prova infantil de 1 km.<\/p>\n<p>Aberto a participantes com 18 anos ou mais para as dist\u00e2ncias maiores, 16 anos para os 11 km, e 6 a 12 anos para a prova infantil, sem idade m\u00ednima para a caminhada se acompanhados por adulto. O evento integra o circuito nacional ATRP 2027 e o circuito de Trail Run da Ilha de S\u00e3o Miguel.<\/p>\n<p>Os percursos atravessam trilhos hist\u00f3ricos e paisagens naturais deslumbrantes da ilha, incluindo lagoas, cascatas e \u00e1reas protegidas, proporcionando uma liga\u00e7\u00e3o \u00fanica \u00e0 natureza e cultura local. O evento promove um ambiente comunit\u00e1rio adequado para fam\u00edlias e amantes do trail.<\/p>\n","organizer_description":"<p><strong><a class=\"\" href=\"https:\/\/assets.acorrer.pt\/media\/8933\/69a708504dbcc_Regulamento.pdf\" target=\"_new\" rel=\"noopener\">Regulamento \u2197<\/a><\/strong><\/p>\n<p><strong>Escal\u00f5es\/categorias:<\/strong><br \/>\n\u2022 TQF42: 18+ (SEN M, M35, M50, SEN F, F35, F50)<br \/>\n\u2022 TQF21: 18+ (SEN M, M35, M50, SEN F, F35, F50)<br \/>\n\u2022 TQF11: 16+ (SEN M, M35, M50, SEN F, F35, F50)<br \/>\n\u2022 TQF6c (caminhada): sem idade m\u00ednima se acompanhado<br \/>\n\u2022 TQF1k (crian\u00e7as): 6-12 anos<\/p>\n<p><strong>Locais de partida\/chegada:<\/strong><br \/>\n\u2022 TQF42 partida: Aeroporto de Santa Cruz das Flores, chegada Largo do Rossio, Faj\u00e3zinha<br \/>\n\u2022 TQF21 partida: Junta de Freguesia do Lajedo, chegada Largo do Rossio, Faj\u00e3zinha<br \/>\n\u2022 TQF11, TQF6c, TQF1k partida e chegada: Largo do Rossio, Faj\u00e3zinha<\/p>\n<p><strong>Hor\u00e1rios de partida por categoria\/dist\u00e2ncia:<\/strong><br \/>\n\u2022 TQF42: 07h30<br \/>\n\u2022 Transfer para TQF21: 08h00<br \/>\n\u2022 TQF21: 09h30<br \/>\n\u2022 TQF11: 10h30<br \/>\n\u2022 TQF1k (crian\u00e7as): 10h40<br \/>\n\u2022 TQF6c (caminhada): 11h00<\/p>\n<p><strong>Tempos limite:<\/strong><br \/>\n\u2022 TQF42: 7h30<br \/>\n\u2022 TQF21: 4h30<br \/>\n\u2022 TQF11: 2h30<br \/>\n\u2022 TQF6c: 2h30<br \/>\n\u2022 TQF1k: 0h15<\/p>\n<p><strong>Limite de participantes:<\/strong><br \/>\n\u2022 TQF42: 75<br \/>\n\u2022 TQF21: 75<br \/>\n\u2022 TQF11: 110<br \/>\n\u2022 TQF6c: 60<br \/>\n\u2022 TQF1k: 30<\/p>\n<p><strong>Prazo de inscri\u00e7\u00e3o:<\/strong>\u00a017 de setembro de 2026 (23h59 hora continental)<\/p>\n<p><strong>Tipos de piso:<\/strong>\u00a0Trilhos rurais, caminhos, estradas florestais, alguns tro\u00e7os asfaltados<\/p>\n<p><strong>Formato do percurso:<\/strong>\u00a0Pontos a pontos para TQF42 e TQF21; circuitos para TQF11, TQF6c e TQF1k<\/p>\n<p><strong>Percursos da prova:<\/strong><br \/>\n\u2022 TQF42: 42 km, +1450 m \/ -1400 m, do Aeroporto de Santa Cruz das Flores ao Largo do Rossio<br \/>\n\u2022 TQF21: 21 km, +810 m \/ -940 m, da Junta de Freguesia do Lajedo ao Largo do Rossio<br \/>\n\u2022 TQF11: 11 km, +420 m \/ -420 m, circuito no Largo do Rossio<br \/>\n\u2022 TQF6c: 6 km caminhada, +300 m \/ -300 m, circuito no Largo do Rossio<br \/>\n\u2022 TQF1k: 1 km corrida infantil, +30 m \/ -30 m, circuito no Largo do Rossio<\/p>\n<p><strong>M\u00e9todo de cronometragem:<\/strong>\u00a0Cronometragem eletr\u00f3nica com controlo manual<\/p>\n<p><strong>WC e localiza\u00e7\u00e3o dos abastecimentos:<\/strong><br \/>\n\u2022 Postos de abastecimento com l\u00edquidos e s\u00f3lidos em pontos estrat\u00e9gicos<\/p>\n<p><strong>Estacionamento e shuttles:<\/strong>\u00a0Estacionamento pr\u00f3ximo da meta; shuttle do Largo do Rossio para partida do TQF21<\/p>\n<p><strong>Pol\u00edtica de saco de atleta (drop bag):<\/strong>\u00a0Servi\u00e7o dispon\u00edvel no secretariado<\/p>\n<p><strong>Pr\u00e9mios:<\/strong>\u00a0Trof\u00e9us para os 3 primeiros nas categorias individuais, por escal\u00e3o e equipas<\/p>\n","race_benefits":"<p>\ud83c\udfbd Kit do atleta: dorsal personalizado com chip integrado, t-shirt oficial, brindes dos patrocinadores<br \/>\n\ud83c\udfc5 Pr\u00e9mio finisher para quem concluir a prova<br \/>\n\u23f1\ufe0f Cronometragem eletr\u00f3nica com controlo manual de seguran\u00e7a<br \/>\n\ud83d\udedf Apoio m\u00e9dico e primeiros socorros nos postos de abastecimento<br \/>\n\ud83d\udee1\ufe0f Seguro de acidentes pessoais e responsabilidade civil inclu\u00eddo<br \/>\n\ud83e\udd64 Abastecimentos com comida e bebida ao longo dos percursos<br \/>\n\ud83d\udebf Duches de \u00e1gua quente perto da meta<br \/>\n\ud83e\uddf3 Servi\u00e7o de transporte de sacos no secretariado<br \/>\n\ud83d\ude8c Transporte shuttle do Largo do Rossio para partida do TQF21<br \/>\n\ud83e\uddd6 Servi\u00e7o de massagens com custo reduzido<br \/>\n\ud83c\udfc6 Trof\u00e9us para os melhores classificados individuais, por escal\u00e3o e equipas<\/p>\n","event_date_start":"20261010","event_date_end":"20261010","event_ticket_url":"https:\/\/acorrer.pt\/eventos\/4165\/info","event_latitude":"39.433413","event_longitude":"-31.253783","is_hot_event":true,"purchasing_all_variations_through_woocommerce":true,"event_faq_headline":"","event_faq_items":false,"organizer_website":{"title":"","url":"","target":"","0":""},"optional_extras":[{"extra":{"ID":39507,"post_author":"692","post_date":"2026-03-25 11:06:35","post_date_gmt":"2026-03-25 11:06:35","post_content":"","post_title":"Personaliza\u00e7\u00e3o dorsal","post_excerpt":"","post_status":"publish","comment_status":"closed","ping_status":"closed","post_password":"","post_name":"personalizacao-dorsal","to_ping":"","pinged":"","post_modified":"2026-03-25 11:53:12","post_modified_gmt":"2026-03-25 11:53:12","post_content_filtered":"","post_parent":0,"guid":"https:\/\/racefinder.pt\/optional-extras\/personalizacao-dorsal\/","menu_order":0,"post_type":"optional_extra","post_mime_type":"","comment_count":"0","filter":"raw"},"price":"1"},{"extra":{"ID":39512,"post_author":"692","post_date":"2026-03-25 12:05:45","post_date_gmt":"2026-03-25 12:05:45","post_content":"","post_title":"Personaliza\u00e7\u00e3o t-shirt","post_excerpt":"","post_status":"publish","comment_status":"closed","ping_status":"closed","post_password":"","post_name":"personalizacao-t-shirt","to_ping":"","pinged":"","post_modified":"2026-03-25 12:05:45","post_modified_gmt":"2026-03-25 12:05:45","post_content_filtered":"","post_parent":0,"guid":"https:\/\/racefinder.pt\/optional-extras\/personalizacao-t-shirt\/","menu_order":0,"post_type":"optional_extra","post_mime_type":"","comment_count":"0","filter":"raw"},"price":"1"},{"extra":{"ID":39514,"post_author":"692","post_date":"2026-03-25 12:07:46","post_date_gmt":"2026-03-25 12:07:46","post_content":"","post_title":"Personaliza\u00e7\u00e3o dorsal & t-shirt","post_excerpt":"","post_status":"publish","comment_status":"closed","ping_status":"closed","post_password":"","post_name":"personalizacao-dorsal-t-shirt","to_ping":"","pinged":"","post_modified":"2026-03-25 12:07:46","post_modified_gmt":"2026-03-25 12:07:46","post_content_filtered":"","post_parent":0,"guid":"https:\/\/racefinder.pt\/optional-extras\/personalizacao-dorsal-t-shirt\/","menu_order":0,"post_type":"optional_extra","post_mime_type":"","comment_count":"0","filter":"raw"},"price":"1.5"}]},"_links":{"self":[{"href":"https:\/\/racefinder.pt\/pt\/wp-json\/wp\/v2\/product\/4372","targetHints":{"allow":["GET"]}}],"collection":[{"href":"https:\/\/racefinder.pt\/pt\/wp-json\/wp\/v2\/product"}],"about":[{"href":"https:\/\/racefinder.pt\/pt\/wp-json\/wp\/v2\/types\/product"}],"replies":[{"embeddable":true,"href":"https:\/\/racefinder.pt\/pt\/wp-json\/wp\/v2\/comments?post=4372"}],"version-history":[{"count":2,"href":"https:\/\/racefinder.pt\/pt\/wp-json\/wp\/v2\/product\/4372\/revisions"}],"predecessor-version":[{"id":45769,"href":"https:\/\/racefinder.pt\/pt\/wp-json\/wp\/v2\/product\/4372\/revisions\/45769"}],"wp:featuredmedia":[{"embeddable":true,"href":"https:\/\/racefinder.pt\/pt\/wp-json\/wp\/v2\/media\/45772"}],"wp:attachment":[{"href":"https:\/\/racefinder.pt\/pt\/wp-json\/wp\/v2\/media?parent=4372"}],"wp:term":[{"taxonomy":"product_brand","embeddable":true,"href":"https:\/\/racefinder.pt\/pt\/wp-json\/wp\/v2\/product_brand?post=4372"},{"taxonomy":"product_cat","embeddable":true,"href":"https:\/\/racefinder.pt\/pt\/wp-json\/wp\/v2\/product_cat?post=4372"},{"taxonomy":"product_tag","embeddable":true,"href":"https:\/\/racefinder.pt\/pt\/wp-json\/wp\/v2\/product_tag?post=4372"}],"curies":[{"name":"wp","href":"https:\/\/api.w.org\/{rel}","templated":true}]}}