{"id":43598,"date":"2026-04-14T01:08:40","date_gmt":"2026-04-14T00:08:40","guid":{"rendered":"https:\/\/racefinder.pt\/?post_type=product&#038;p=43598"},"modified":"2026-04-14T12:28:35","modified_gmt":"2026-04-14T11:28:35","slug":"4o-raide-alcoutim-monte-francisco-por-equipas","status":"publish","type":"product","link":"https:\/\/racefinder.pt\/pt\/event\/4o-raide-alcoutim-monte-francisco-por-equipas\/","title":{"rendered":"4\u00ba Raide Alcoutim-Monte Francisco por Equipas"},"content":{"rendered":"","protected":false},"excerpt":{"rendered":"","protected":false},"featured_media":43856,"comment_status":"open","ping_status":"closed","template":"","meta":{"_acf_changed":false,"footnotes":""},"product_brand":[],"product_cat":[193,130,212],"product_tag":[],"class_list":{"0":"post-43598","1":"product","2":"type-product","3":"status-publish","4":"has-post-thumbnail","6":"product_cat-btt-pt-2","7":"product_cat-ciclismo","8":"product_cat-ciclismo-de-estrada","10":"first","11":"instock","12":"shipping-taxable","13":"purchasable","14":"product-type-variable"},"acf":{"event_location_text":"Monte Francisco, Faro","event_short_description":"<p>O 4\u00ba Raide Alcoutim-Monte Francisco \u00e9 um evento de cicloturismo por equipas que se realiza a 26 de abril de 2026, organizado pelo Clube Campesino Recreativo Futebol Clube em Faro, Portugal. A prova oferece um percurso de 38 km nas vertentes de estrada e BTT.<\/p>\n<p>Aberto a todos os ciclistas com idade igual ou superior a 16 anos, os participantes competem em equipas de 3 a 8 elementos. A prova tem in\u00edcio em Alcoutim e termina na sede do Campesino RFC, com partidas escalonadas a partir das 9h30. O foco \u00e9 a participa\u00e7\u00e3o em equipa, com trof\u00e9us para as tr\u00eas primeiras equipas em cada categoria.<\/p>\n<p>Os participantes ir\u00e3o desfrutar de um percurso c\u00e9nico pela regi\u00e3o, com \u00eanfase na seguran\u00e7a e respeito pelo c\u00f3digo da estrada, promovendo um ambiente desportivo e respeitador para todos.<\/p>\n","organizer_description":"<p><strong><a class=\"\" href=\"https:\/\/assets.apedalar.pt\/media\/8745\/69831799edc82_regulamento.pdf\" target=\"_new\" rel=\"noopener\">Regulamento \u2197<\/a><\/strong><\/p>\n<p><strong>Escal\u00f5es\/categorias:<\/strong><br \/>\n\u2022 Participantes com 16 anos ou mais<br \/>\n\u2022 Equipas com 3 a 8 elementos<\/p>\n<p><strong>Locais de partida\/chegada:<\/strong> Partida em Alcoutim, chegada na sede do Clube Campesino Recreativo Futebol Clube, Monte Francisco, Faro<\/p>\n<p><strong>Hor\u00e1rios de partida por categoria\/dist\u00e2ncia:<\/strong> Primeira equipa \u00e0s 09:30, restantes com intervalos de 4 minutos<\/p>\n<p><strong>Prazo de inscri\u00e7\u00e3o:<\/strong> 21 de abril de 2026 \u00e0s 23:59<\/p>\n<p><strong>Percursos da prova:<\/strong> Aproximadamente 38 km de Alcoutim a Monte Francisco<\/p>\n<p><strong>Pr\u00e9mios:<\/strong> Trof\u00e9us para as tr\u00eas primeiras equipas nas vertentes de estrada e BTT<\/p>\n<p><strong>Tipos de piso:<\/strong> Estrada e terreno para BTT<\/p>\n<p><strong>M\u00e9todo de cronometragem:<\/strong> Tempo da equipa registado no terceiro elemento a concluir<\/p>\n","race_benefits":"","event_faq_headline":"FAQ","event_faq_items":false,"event_date_start":"20260426","event_date_end":"20260426","event_start_time":"","event_country":"portugal","event_ticket_url":"https:\/\/apedalar.pt\/eventos\/4201\/info","event_latitude":"37.2378","event_longitude":"-7.4523","event_rating":"","is_hot_event":false,"event_participants_count":"0","organizer_avatar":false,"event_gallery":false,"purchasing_all_variations_through_woocommerce":false,"optional_extras":false,"organizer_website":{"title":"","url":"","target":"","0":""}},"_links":{"self":[{"href":"https:\/\/racefinder.pt\/pt\/wp-json\/wp\/v2\/product\/43598","targetHints":{"allow":["GET"]}}],"collection":[{"href":"https:\/\/racefinder.pt\/pt\/wp-json\/wp\/v2\/product"}],"about":[{"href":"https:\/\/racefinder.pt\/pt\/wp-json\/wp\/v2\/types\/product"}],"replies":[{"embeddable":true,"href":"https:\/\/racefinder.pt\/pt\/wp-json\/wp\/v2\/comments?post=43598"}],"version-history":[{"count":1,"href":"https:\/\/racefinder.pt\/pt\/wp-json\/wp\/v2\/product\/43598\/revisions"}],"predecessor-version":[{"id":43599,"href":"https:\/\/racefinder.pt\/pt\/wp-json\/wp\/v2\/product\/43598\/revisions\/43599"}],"wp:featuredmedia":[{"embeddable":true,"href":"https:\/\/racefinder.pt\/pt\/wp-json\/wp\/v2\/media\/43856"}],"wp:attachment":[{"href":"https:\/\/racefinder.pt\/pt\/wp-json\/wp\/v2\/media?parent=43598"}],"wp:term":[{"taxonomy":"product_brand","embeddable":true,"href":"https:\/\/racefinder.pt\/pt\/wp-json\/wp\/v2\/product_brand?post=43598"},{"taxonomy":"product_cat","embeddable":true,"href":"https:\/\/racefinder.pt\/pt\/wp-json\/wp\/v2\/product_cat?post=43598"},{"taxonomy":"product_tag","embeddable":true,"href":"https:\/\/racefinder.pt\/pt\/wp-json\/wp\/v2\/product_tag?post=43598"}],"curies":[{"name":"wp","href":"https:\/\/api.w.org\/{rel}","templated":true}]}}