{"id":43426,"date":"2026-04-14T00:46:49","date_gmt":"2026-04-13T23:46:49","guid":{"rendered":"https:\/\/racefinder.pt\/?post_type=product&#038;p=43426"},"modified":"2026-04-14T11:52:45","modified_gmt":"2026-04-14T10:52:45","slug":"rota-pedalar-paladar","status":"publish","type":"product","link":"https:\/\/racefinder.pt\/pt\/event\/rota-pedalar-paladar\/","title":{"rendered":"Rota Pedalar &amp; Paladar"},"content":{"rendered":"","protected":false},"excerpt":{"rendered":"","protected":false},"featured_media":43805,"comment_status":"open","ping_status":"closed","template":"","meta":{"_acf_changed":false,"footnotes":""},"product_brand":[],"product_cat":[193,130],"product_tag":[],"class_list":{"0":"post-43426","1":"product","2":"type-product","3":"status-publish","4":"has-post-thumbnail","6":"product_cat-btt-pt-2","7":"product_cat-ciclismo","9":"first","10":"instock","11":"shipping-taxable","12":"purchasable","13":"product-type-variable"},"acf":{"event_location_text":"Pampilhosa da Serra, Coimbra","event_short_description":"<p>A Rota do Pedal &#038; Paladar \u00e9 um evento de ciclismo n\u00e3o competitivo que se realiza a 10 de maio de 2026 em Pampilhosa da Serra, Coimbra. O evento apresenta um percurso \u00fanico de 46 km com 1400 metros de desn\u00edvel, maioritariamente em caminhos rurais e trilhos de terra batida.<\/p>\n<p>Aberto a participantes com 18 anos ou mais, com possibilidade para menores entre 10 e 17 anos mediante termo de responsabilidade. O evento destaca a seguran\u00e7a e oferece uma experi\u00eancia \u00fanica por paisagens rurais, com nove esta\u00e7\u00f5es gastron\u00f3micas ao longo do percurso.<\/p>\n<p>Inclu\u00eddo na inscri\u00e7\u00e3o est\u00e3o seguro, abastecimentos, dorsal, banhos, lavagem de bicicletas, almo\u00e7o e brindes, proporcionando uma atmosfera festiva e agrad\u00e1vel para todos os participantes.<\/p>\n","organizer_description":"<p><strong><a class=\"\" href=\"https:\/\/assets.apedalar.pt\/media\/9072\/69b82407bb903_REGULAMENTO.pdf\" target=\"_new\" rel=\"noopener\">Regulamento \u2197<\/a><\/strong><\/p>\n<p><strong>Locais de partida\/chegada:<\/strong> Concentra\u00e7\u00e3o e partida no Quartel dos Bombeiros de Pampilhosa da Serra, Avenida dos Bombeiros Volunt\u00e1rios de Pampilhosa da Serra<\/p>\n<p><strong>Hor\u00e1rios de partida por categoria\/dist\u00e2ncia:<\/strong> Partida \u00e0s 09:00, levantamento de dorsais a partir das 08:00<\/p>\n<p><strong>Prazo de inscri\u00e7\u00e3o:<\/strong> 4 de maio de 2026 \u00e0s 23:59<\/p>\n<p><strong>Tipos de piso:<\/strong> Predominantemente caminhos rurais e trilhos de terra batida<\/p>\n<p><strong>Formato do percurso:<\/strong> Percurso \u00fanico de 46 km com 1400 m de desn\u00edvel acumulado<\/p>\n<p><strong>WC e localiza\u00e7\u00e3o dos abastecimentos:<\/strong> 9 esta\u00e7\u00f5es gastron\u00f3micas com abastecimentos s\u00f3lidos e l\u00edquidos<\/p>\n<p><strong>Pr\u00e9mios:<\/strong> Almo\u00e7o e brindes inclu\u00eddos no valor da inscri\u00e7\u00e3o<\/p>\n","race_benefits":"<p>\ud83d\udee1\ufe0f Seguro: inclu\u00eddo no valor da inscri\u00e7\u00e3o<br \/>\n\ud83e\udd64 Abastecimentos: 9 esta\u00e7\u00f5es gastron\u00f3micas com alimentos s\u00f3lidos e l\u00edquidos<br \/>\n\ud83d\udebf Banhos e lavagem de bicicletas<br \/>\n\ud83c\udfbd Kit do atleta: dorsal<br \/>\n\ud83c\udfc5 Pr\u00e9mio de finalista: almo\u00e7o e brindes<\/p>\n","event_faq_headline":"FAQ","event_faq_items":false,"event_date_start":"20260510","event_date_end":"20260510","event_start_time":"","event_country":"portugal","event_ticket_url":"https:\/\/apedalar.pt\/eventos\/4274\/info","event_latitude":"40.0461","event_longitude":"-7.9518","event_rating":"","is_hot_event":false,"event_participants_count":"0","organizer_avatar":false,"event_gallery":false,"purchasing_all_variations_through_woocommerce":false,"optional_extras":false,"organizer_website":{"title":"","url":"","target":"","0":""}},"_links":{"self":[{"href":"https:\/\/racefinder.pt\/pt\/wp-json\/wp\/v2\/product\/43426","targetHints":{"allow":["GET"]}}],"collection":[{"href":"https:\/\/racefinder.pt\/pt\/wp-json\/wp\/v2\/product"}],"about":[{"href":"https:\/\/racefinder.pt\/pt\/wp-json\/wp\/v2\/types\/product"}],"replies":[{"embeddable":true,"href":"https:\/\/racefinder.pt\/pt\/wp-json\/wp\/v2\/comments?post=43426"}],"version-history":[{"count":1,"href":"https:\/\/racefinder.pt\/pt\/wp-json\/wp\/v2\/product\/43426\/revisions"}],"predecessor-version":[{"id":43427,"href":"https:\/\/racefinder.pt\/pt\/wp-json\/wp\/v2\/product\/43426\/revisions\/43427"}],"wp:featuredmedia":[{"embeddable":true,"href":"https:\/\/racefinder.pt\/pt\/wp-json\/wp\/v2\/media\/43805"}],"wp:attachment":[{"href":"https:\/\/racefinder.pt\/pt\/wp-json\/wp\/v2\/media?parent=43426"}],"wp:term":[{"taxonomy":"product_brand","embeddable":true,"href":"https:\/\/racefinder.pt\/pt\/wp-json\/wp\/v2\/product_brand?post=43426"},{"taxonomy":"product_cat","embeddable":true,"href":"https:\/\/racefinder.pt\/pt\/wp-json\/wp\/v2\/product_cat?post=43426"},{"taxonomy":"product_tag","embeddable":true,"href":"https:\/\/racefinder.pt\/pt\/wp-json\/wp\/v2\/product_tag?post=43426"}],"curies":[{"name":"wp","href":"https:\/\/api.w.org\/{rel}","templated":true}]}}