{"id":43336,"date":"2026-04-14T00:36:55","date_gmt":"2026-04-13T23:36:55","guid":{"rendered":"https:\/\/racefinder.pt\/?post_type=product&#038;p=43336"},"modified":"2026-04-14T11:47:37","modified_gmt":"2026-04-14T10:47:37","slug":"ii-resistencia-de-btt-pedaladas-na-quinta-do-ribeiro","status":"publish","type":"product","link":"https:\/\/racefinder.pt\/pt\/event\/ii-resistencia-de-btt-pedaladas-na-quinta-do-ribeiro\/","title":{"rendered":"II Resist\u00eancia de BTT &#8211; Pedaladas na Quinta do Ribeiro"},"content":{"rendered":"","protected":false},"excerpt":{"rendered":"","protected":false},"featured_media":43803,"comment_status":"open","ping_status":"closed","template":"","meta":{"_acf_changed":false,"footnotes":""},"product_brand":[],"product_cat":[193,130],"product_tag":[],"class_list":{"0":"post-43336","1":"product","2":"type-product","3":"status-publish","4":"has-post-thumbnail","6":"product_cat-btt-pt-2","7":"product_cat-ciclismo","9":"first","10":"instock","11":"shipping-taxable","12":"purchasable","13":"product-type-variable"},"acf":{"event_location_text":"Moimenta da Beira, Viseu","event_short_description":"<p>A II Resist\u00eancia de BTT &#8211; Pedaladas na Quinta do Ribeiro \u00e9 uma prova de resist\u00eancia de bicicleta de montanha que se realizar\u00e1 no s\u00e1bado, 6 de junho de 2026, na Quinta do Ribeiro, Moimenta da Beira, Viseu. O evento apresenta um formato de corrida de 3 horas em solo ou em equipa.<\/p>\n<p>Os participantes podem competir individualmente ou em equipas de dois ou tr\u00eas elementos, com categorias masculinas, femininas e mistas. A prova est\u00e1 aberta a v\u00e1rias faixas et\u00e1rias, incluindo categorias de elite e masters.<\/p>\n","organizer_description":"<p><strong>Locais de partida\/chegada:<\/strong> Quinta do Ribeiro, Moimenta da Beira, Viseu<\/p>\n<p><strong>Hor\u00e1rios de partida por categoria\/dist\u00e2ncia:<\/strong> 10:00 no dia 6 de junho de 2026<\/p>\n<p><strong>Escal\u00f5es\/categorias:<\/strong><br \/>\n\u2022 Elites M (16 &#8211; 29)<br \/>\n\u2022 Elites F (16 &#8211; 29)<br \/>\n\u2022 M30 (30 &#8211; 39)<br \/>\n\u2022 F30 (30 &#8211; 39)<br \/>\n\u2022 M40 (40 &#8211; 49)<br \/>\n\u2022 F40 (40 &#8211; 49)<br \/>\n\u2022 M50 (50 &#8211; 59)<br \/>\n\u2022 F50 (50 &#8211; 59)<br \/>\n\u2022 M60 (60 +)<br \/>\n\u2022 F60 (60 +)<br \/>\n\u2022 Masculina Duplas (16 +)<br \/>\n\u2022 Feminina Duplas (16 +)<br \/>\n\u2022 Mista Duplas (16 +)<br \/>\n\u2022 Masculina Triplas (16 +)<br \/>\n\u2022 Feminina Triplas (16 +)<br \/>\n\u2022 Mista Triplas (16 +)<\/p>\n","race_benefits":"","event_faq_headline":"FAQ","event_faq_items":false,"event_date_start":"20260606","event_date_end":"20260606","event_start_time":"","event_country":"portugal","event_ticket_url":"https:\/\/apedalar.pt\/eventos\/4254\/info","event_latitude":"40.9505","event_longitude":"-7.5791","event_rating":"","is_hot_event":false,"event_participants_count":"0","organizer_avatar":false,"event_gallery":false,"purchasing_all_variations_through_woocommerce":false,"optional_extras":false,"organizer_website":{"title":"","url":"","target":"","0":""}},"_links":{"self":[{"href":"https:\/\/racefinder.pt\/pt\/wp-json\/wp\/v2\/product\/43336","targetHints":{"allow":["GET"]}}],"collection":[{"href":"https:\/\/racefinder.pt\/pt\/wp-json\/wp\/v2\/product"}],"about":[{"href":"https:\/\/racefinder.pt\/pt\/wp-json\/wp\/v2\/types\/product"}],"replies":[{"embeddable":true,"href":"https:\/\/racefinder.pt\/pt\/wp-json\/wp\/v2\/comments?post=43336"}],"version-history":[{"count":1,"href":"https:\/\/racefinder.pt\/pt\/wp-json\/wp\/v2\/product\/43336\/revisions"}],"predecessor-version":[{"id":43337,"href":"https:\/\/racefinder.pt\/pt\/wp-json\/wp\/v2\/product\/43336\/revisions\/43337"}],"wp:featuredmedia":[{"embeddable":true,"href":"https:\/\/racefinder.pt\/pt\/wp-json\/wp\/v2\/media\/43803"}],"wp:attachment":[{"href":"https:\/\/racefinder.pt\/pt\/wp-json\/wp\/v2\/media?parent=43336"}],"wp:term":[{"taxonomy":"product_brand","embeddable":true,"href":"https:\/\/racefinder.pt\/pt\/wp-json\/wp\/v2\/product_brand?post=43336"},{"taxonomy":"product_cat","embeddable":true,"href":"https:\/\/racefinder.pt\/pt\/wp-json\/wp\/v2\/product_cat?post=43336"},{"taxonomy":"product_tag","embeddable":true,"href":"https:\/\/racefinder.pt\/pt\/wp-json\/wp\/v2\/product_tag?post=43336"}],"curies":[{"name":"wp","href":"https:\/\/api.w.org\/{rel}","templated":true}]}}