{"id":43292,"date":"2026-04-14T00:27:52","date_gmt":"2026-04-13T23:27:52","guid":{"rendered":"https:\/\/racefinder.pt\/?post_type=product&#038;p=43292"},"modified":"2026-04-14T11:33:23","modified_gmt":"2026-04-14T10:33:23","slug":"resistencia-na-toca-da-raposa","status":"publish","type":"product","link":"https:\/\/racefinder.pt\/pt\/event\/resistencia-na-toca-da-raposa\/","title":{"rendered":"Resist\u00eancia na Toca da Raposa"},"content":{"rendered":"","protected":false},"excerpt":{"rendered":"","protected":false},"featured_media":43803,"comment_status":"open","ping_status":"closed","template":"","meta":{"_acf_changed":false,"footnotes":""},"product_brand":[],"product_cat":[193,130,214],"product_tag":[],"class_list":{"0":"post-43292","1":"product","2":"type-product","3":"status-publish","4":"has-post-thumbnail","6":"product_cat-btt-pt-2","7":"product_cat-ciclismo","8":"product_cat-e-bike-pt","10":"first","11":"instock","12":"shipping-taxable","13":"purchasable","14":"product-type-variable"},"acf":{"event_location_text":"Alenquer , Lisboa","event_short_description":"<p>A Resist\u00eancia na Toca da Raposa \u00e9 uma prova de resist\u00eancia de ciclismo que se realiza no s\u00e1bado, 17 de outubro de 2026, em Alenquer, Lisboa. A prova come\u00e7a \u00e0s 09:00 e oferece um formato de corrida de resist\u00eancia de 2 horas.<\/p>\n<p>A corrida inclui categorias para bicicletas normais e E-Bikes, com v\u00e1rias divis\u00f5es et\u00e1rias como Sub23, Elites, Masters A a D para homens e mulheres. \u00c9 aberta a participantes licenciados nestas categorias.<\/p>\n","organizer_description":"<p><strong>Locais de partida\/chegada:<\/strong> Alenquer, Lisboa<\/p>\n<p><strong>Hor\u00e1rios de partida por categoria\/dist\u00e2ncia:<\/strong> 09:00 para Resist\u00eancia 2H e Resist\u00eancia 2H E-Bikes<\/p>\n<p><strong>Limite de participantes:<\/strong> 299<\/p>\n<p><strong>Prazo de inscri\u00e7\u00e3o:<\/strong> 12 de outubro de 2026 \u00e0s 23:59<\/p>\n<p><strong>Formato do percurso:<\/strong> Corrida de resist\u00eancia de 2 horas<\/p>\n","race_benefits":"","event_faq_headline":"FAQ","event_faq_items":false,"event_date_start":"20261017","event_date_end":"20261017","event_start_time":"","event_country":"portugal","event_ticket_url":"https:\/\/apedalar.pt\/eventos\/4244\/info","event_latitude":"39.0566","event_longitude":"-9.0076","event_rating":"","is_hot_event":false,"event_participants_count":"0","organizer_avatar":false,"event_gallery":false,"purchasing_all_variations_through_woocommerce":false,"optional_extras":false,"organizer_website":{"title":"","url":"","target":"","0":""}},"_links":{"self":[{"href":"https:\/\/racefinder.pt\/pt\/wp-json\/wp\/v2\/product\/43292","targetHints":{"allow":["GET"]}}],"collection":[{"href":"https:\/\/racefinder.pt\/pt\/wp-json\/wp\/v2\/product"}],"about":[{"href":"https:\/\/racefinder.pt\/pt\/wp-json\/wp\/v2\/types\/product"}],"replies":[{"embeddable":true,"href":"https:\/\/racefinder.pt\/pt\/wp-json\/wp\/v2\/comments?post=43292"}],"version-history":[{"count":1,"href":"https:\/\/racefinder.pt\/pt\/wp-json\/wp\/v2\/product\/43292\/revisions"}],"predecessor-version":[{"id":43293,"href":"https:\/\/racefinder.pt\/pt\/wp-json\/wp\/v2\/product\/43292\/revisions\/43293"}],"wp:featuredmedia":[{"embeddable":true,"href":"https:\/\/racefinder.pt\/pt\/wp-json\/wp\/v2\/media\/43803"}],"wp:attachment":[{"href":"https:\/\/racefinder.pt\/pt\/wp-json\/wp\/v2\/media?parent=43292"}],"wp:term":[{"taxonomy":"product_brand","embeddable":true,"href":"https:\/\/racefinder.pt\/pt\/wp-json\/wp\/v2\/product_brand?post=43292"},{"taxonomy":"product_cat","embeddable":true,"href":"https:\/\/racefinder.pt\/pt\/wp-json\/wp\/v2\/product_cat?post=43292"},{"taxonomy":"product_tag","embeddable":true,"href":"https:\/\/racefinder.pt\/pt\/wp-json\/wp\/v2\/product_tag?post=43292"}],"curies":[{"name":"wp","href":"https:\/\/api.w.org\/{rel}","templated":true}]}}