{"id":43268,"date":"2026-04-14T00:22:48","date_gmt":"2026-04-13T23:22:48","guid":{"rendered":"https:\/\/racefinder.pt\/?post_type=product&#038;p=43268"},"modified":"2026-04-14T11:32:34","modified_gmt":"2026-04-14T10:32:34","slug":"prova-de-resistencia-engenho-novo","status":"publish","type":"product","link":"https:\/\/racefinder.pt\/pt\/event\/prova-de-resistencia-engenho-novo\/","title":{"rendered":"Prova de Resist\u00eancia Engenho Novo"},"content":{"rendered":"","protected":false},"excerpt":{"rendered":"","protected":false},"featured_media":43807,"comment_status":"open","ping_status":"closed","template":"","meta":{"_acf_changed":false,"footnotes":""},"product_brand":[],"product_cat":[193,130,214],"product_tag":[],"class_list":{"0":"post-43268","1":"product","2":"type-product","3":"status-publish","4":"has-post-thumbnail","6":"product_cat-btt-pt-2","7":"product_cat-ciclismo","8":"product_cat-e-bike-pt","10":"first","11":"instock","12":"shipping-taxable","13":"purchasable","14":"product-type-variable"},"acf":{"event_location_text":"Santa Maria da Feira, Aveiro","event_short_description":"<p>A 14\u00aa edi\u00e7\u00e3o da prova de 3 horas de Resist\u00eancia BTT &#8220;Engenho Novo&#8221; realizar-se-\u00e1 a 31 de maio de 2026, em Pa\u00e7os de Brand\u00e3o, Portugal. Este evento integra o Campeonato Bike Challenge Resist\u00eancias Terras De Santa Maria e \u00e9 aberto a todos os indiv\u00edduos com 15 anos ou mais, sem necessidade de licen\u00e7a federativa.<\/p>\n<p>Os participantes podem competir em v\u00e1rias categorias, incluindo Juniores, Elite, Masters e E-Bikes, com dura\u00e7\u00f5es de prova entre 1,5 e 3 horas conforme a categoria. A prova apresenta um ambiente competitivo com classifica\u00e7\u00f5es individuais e por equipas, incluindo pr\u00e9mios para os melhores classificados masculinos, femininos e de E-Bikes, bem como para a maior equipa.<\/p>\n<p>A partida ser\u00e1 na entrada da Quinta do Engenho Novo em Pa\u00e7os de Brand\u00e3o, com estacionamento e balne\u00e1rios dispon\u00edveis nas instala\u00e7\u00f5es do GRIB. O evento oferece um formato de resist\u00eancia desafiador, focado em habilidades e estrat\u00e9gia de BTT.<\/p>\n","organizer_description":"<p><strong><a class=\"\" href=\"https:\/\/s3.lap2go.com\/events\/2026\/resistencia-engenho-novo\/Regulamento-resistencia-engenho-novo-2026-min.pdf\" target=\"_new\" rel=\"noopener\">Regulamento \u2197<\/a><\/strong><\/p>\n<p><strong>Locais de partida\/chegada:<\/strong> Entrada da Quinta do Engenho Novo em Pa\u00e7os de Brand\u00e3o (GPS: N 40.9747478, W 8.59933)<\/p>\n<p><strong>Estacionamento e shuttles:<\/strong> Estacionamento e balne\u00e1rios dispon\u00edveis nas instala\u00e7\u00f5es do GRIB (Grupo Recreativo Independente Brandoense) (GPS: N 40.972203, W -8.59392)<\/p>\n<p><strong>Hor\u00e1rios de partida por categoria\/dist\u00e2ncia:<\/strong><br \/>\n\u2022 7h30: Abertura do secretariado<br \/>\n\u2022 9h00: In\u00edcio da prova<br \/>\n\u2022 10h30: Fim da prova para Juniores, Femininos e Promo\u00e7\u00e3o Masculino<br \/>\n\u2022 11h00: Fim da prova para Master 50 \/ 55 \/ 60<br \/>\n\u2022 12h00: Fim da prova para todas as categorias<br \/>\n\u2022 13h00: Entrega de pr\u00e9mios<\/p>\n<p><strong>Escal\u00f5es\/categorias:<\/strong><br \/>\n\u2022 Juniores (at\u00e9 18 anos, prova de 1,5 horas)<br \/>\n\u2022 Sub23 (19-22 anos)<br \/>\n\u2022 Elite (23-29 anos)<br \/>\n\u2022 Master 30 (30-34 anos)<br \/>\n\u2022 Master 35 (35-39 anos)<br \/>\n\u2022 Master 40 (40-44 anos)<br \/>\n\u2022 Master 45 (45-49 anos)<br \/>\n\u2022 Master 50 (50-54 anos, prova de 2 horas)<br \/>\n\u2022 Master 55 (55-59 anos, prova de 2 horas)<br \/>\n\u2022 Master 60 (60+ anos, prova de 2 horas)<br \/>\n\u2022 Geral Feminina (prova de 2 horas)<br \/>\n\u2022 Geral E-Bikes (prova de 3 horas)<\/p>\n<p><strong>Tempos limite:<\/strong><br \/>\n\u2022 Juniores: 1,5 horas<br \/>\n\u2022 Femininos e Masters 50\/55\/60: 2 horas<br \/>\n\u2022 Sub23, Elite, Masters 30\/35\/40\/45, E-Bikes: 3 horas<\/p>\n<p><strong>Pr\u00e9mios:<\/strong><br \/>\n\u2022 Top 3 Masculino, Feminino e E-Bikes recebem 75, 50 e 25 bicicletas respetivamente<br \/>\n\u2022 Pr\u00e9mio para a maior equipa: 150 bicicletas<\/p>\n<p><strong>M\u00e9todo de cronometragem:<\/strong> Cronometragem eletr\u00f3nica<\/p>\n<p><strong>Prazo de inscri\u00e7\u00e3o:<\/strong> 31 de maio de 2026<\/p>\n","race_benefits":"","event_faq_headline":"FAQ","event_faq_items":false,"event_date_start":"20260531","event_date_end":"20260531","event_start_time":"","event_country":"portugal","event_ticket_url":"https:\/\/lap2go.com\/pt\/event\/resistencia-engenho-novo-2026","event_latitude":"40.9756","event_longitude":"-8.6051","event_rating":"","is_hot_event":false,"event_participants_count":"0","organizer_avatar":false,"event_gallery":false,"purchasing_all_variations_through_woocommerce":false,"optional_extras":false,"organizer_website":{"title":"","url":"","target":"","0":""}},"_links":{"self":[{"href":"https:\/\/racefinder.pt\/pt\/wp-json\/wp\/v2\/product\/43268","targetHints":{"allow":["GET"]}}],"collection":[{"href":"https:\/\/racefinder.pt\/pt\/wp-json\/wp\/v2\/product"}],"about":[{"href":"https:\/\/racefinder.pt\/pt\/wp-json\/wp\/v2\/types\/product"}],"replies":[{"embeddable":true,"href":"https:\/\/racefinder.pt\/pt\/wp-json\/wp\/v2\/comments?post=43268"}],"version-history":[{"count":1,"href":"https:\/\/racefinder.pt\/pt\/wp-json\/wp\/v2\/product\/43268\/revisions"}],"predecessor-version":[{"id":43271,"href":"https:\/\/racefinder.pt\/pt\/wp-json\/wp\/v2\/product\/43268\/revisions\/43271"}],"wp:featuredmedia":[{"embeddable":true,"href":"https:\/\/racefinder.pt\/pt\/wp-json\/wp\/v2\/media\/43807"}],"wp:attachment":[{"href":"https:\/\/racefinder.pt\/pt\/wp-json\/wp\/v2\/media?parent=43268"}],"wp:term":[{"taxonomy":"product_brand","embeddable":true,"href":"https:\/\/racefinder.pt\/pt\/wp-json\/wp\/v2\/product_brand?post=43268"},{"taxonomy":"product_cat","embeddable":true,"href":"https:\/\/racefinder.pt\/pt\/wp-json\/wp\/v2\/product_cat?post=43268"},{"taxonomy":"product_tag","embeddable":true,"href":"https:\/\/racefinder.pt\/pt\/wp-json\/wp\/v2\/product_tag?post=43268"}],"curies":[{"name":"wp","href":"https:\/\/api.w.org\/{rel}","templated":true}]}}