{"id":43228,"date":"2026-04-14T00:14:12","date_gmt":"2026-04-13T23:14:12","guid":{"rendered":"https:\/\/racefinder.pt\/?post_type=product&#038;p=43228"},"modified":"2026-04-14T11:23:41","modified_gmt":"2026-04-14T10:23:41","slug":"aquae-brunheiro-trail-running-2026","status":"publish","type":"product","link":"https:\/\/racefinder.pt\/pt\/event\/aquae-brunheiro-trail-running-2026\/","title":{"rendered":"AQUAE BRUNHEIRO TRAIL RUNNING 2026"},"content":{"rendered":"","protected":false},"excerpt":{"rendered":"","protected":false},"featured_media":43730,"comment_status":"open","ping_status":"closed","template":"","meta":{"_acf_changed":false,"footnotes":""},"product_brand":[],"product_cat":[140,129,161,139,247],"product_tag":[],"class_list":{"0":"post-43228","1":"product","2":"type-product","3":"status-publish","4":"has-post-thumbnail","6":"product_cat-caminhada","7":"product_cat-corrida","8":"product_cat-kids-pt","9":"product_cat-trail-run-pt","10":"product_cat-ultra-maratonas","12":"first","13":"instock","14":"shipping-taxable","15":"purchasable","16":"product-type-variable"},"acf":{"event_location_text":"Chaves, Vila Real","event_short_description":"<p>O Aquae Brunheiro Trail Running 2026 \u00e9 uma prova de trail running que se realiza nos dias 19 e 20 de setembro de 2026, em Chaves, Portugal. As provas t\u00eam in\u00edcio na aldeia de Vilar de Nantes e terminam na cidade de Chaves, percorrendo os trilhos da Serra do Brunheiro.<\/p>\n<p>Est\u00e3o dispon\u00edveis v\u00e1rias dist\u00e2ncias: Ultra Trail (~48 km), Trail Longo (~30 km), Trail Curto (~21 km), Mini Trail (~12 km), Kids Trail (dist\u00e2ncias variadas por idade) e uma Caminhada de 12 km. O evento \u00e9 aberto a atletas com 18 anos ou mais para a maioria das provas, com categorias para jovens no Mini Trail e Kids Trail, e pontua para os Circuitos Nacionais da ATRP, bem como para os \u00edndices UTMB e ITRA.<\/p>\n<p>O evento oferece um ambiente competitivo com cronometragem oficial, classifica\u00e7\u00f5es individuais e coletivas, e trof\u00e9us para os melhores classificados e equipas. Inclui ainda provas para crian\u00e7as e caminhada, tornando-o acess\u00edvel a v\u00e1rias idades e n\u00edveis.<\/p>\n","organizer_description":"<p><strong><a class=\"\" href=\"https:\/\/stopandgo.com.pt\/files\/aquae-brunheiro-trail-running-2026\/69d8492c00095_Regulamento_AQUAE%20BRUNHEIRO%20TRAIL%20RUNNING%202026.pdf\" target=\"_new\" rel=\"noopener\">Regulamento \u2197<\/a><\/strong><\/p>\n<p><strong>Escal\u00f5es\/categorias:<\/strong><br \/>\n\u2022 Mini Trail: MJuvenil\/FJuvenil (16-17 anos)<br \/>\n\u2022 Mini Trail: MJ\u00fanior\/FJ\u00fanior (18-19 anos)<br \/>\n\u2022 Mini Trail: MSub23\/FSub23 (20-22 anos)<br \/>\n\u2022 Mini Trail: MSen\/FSen (23-34 anos)<br \/>\n\u2022 Mini Trail: M35\/F35 (35-39 anos)<br \/>\n\u2022 Mini Trail: M40\/F40 (40-44 anos)<br \/>\n\u2022 Mini Trail: M45\/F45 (45-49 anos)<br \/>\n\u2022 Mini Trail: M50\/F50 (50-54 anos)<br \/>\n\u2022 Mini Trail: M55\/F55 (55-59 anos)<br \/>\n\u2022 Mini Trail: M60\/F60 (60-64 anos)<br \/>\n\u2022 Mini Trail: M65\/F65 (65-69 anos)<br \/>\n\u2022 Mini Trail: M70\/F70 (70+ anos)<br \/>\n\u2022 Ultra Trail, Trail Longo, Trail Curto: MSub23\/FSub23 (18-22 anos)<br \/>\n\u2022 Ultra Trail, Trail Longo, Trail Curto: MSen\/FSen (23-34 anos)<br \/>\n\u2022 Ultra Trail, Trail Longo, Trail Curto: M35\/F35 (35-39 anos)<br \/>\n\u2022 Ultra Trail, Trail Longo, Trail Curto: M40\/F40 (40-44 anos)<br \/>\n\u2022 Ultra Trail, Trail Longo, Trail Curto: M45\/F45 (45-49 anos)<br \/>\n\u2022 Ultra Trail, Trail Longo, Trail Curto: M50\/F50 (50-54 anos)<br \/>\n\u2022 Ultra Trail, Trail Longo, Trail Curto: M55\/F55 (55-59 anos)<br \/>\n\u2022 Ultra Trail, Trail Longo, Trail Curto: M60\/F60 (60-64 anos)<br \/>\n\u2022 Ultra Trail, Trail Longo, Trail Curto: M65\/F65 (65-69 anos)<br \/>\n\u2022 Ultra Trail, Trail Longo, Trail Curto: M70\/F70 (70+ anos)<\/p>\n<p><strong>Locais de partida\/chegada:<\/strong> Partida na Junta de Freguesia de Vilar de Nantes, chegada na cidade de Chaves<\/p>\n<p><strong>Hor\u00e1rios de partida por categoria\/dist\u00e2ncia:<\/strong><br \/>\n\u2022 Kids Trail: 19 de setembro, 15:00<br \/>\n\u2022 Ultra Trail (~48 km): 20 de setembro, 08:00<br \/>\n\u2022 Trail Longo (~30 km): 20 de setembro, 08:30<br \/>\n\u2022 Trail Curto (~21 km): 20 de setembro, 09:00<br \/>\n\u2022 Mini Trail (~12 km): 20 de setembro, 09:30<br \/>\n\u2022 Caminhada (~12 km): 20 de setembro, 09:40<\/p>\n<p><strong>Tempos limite:<\/strong><br \/>\n\u2022 Ultra Trail: 9 horas<br \/>\n\u2022 Trail Longo: 6 horas<br \/>\n\u2022 Trail Curto: 4 horas<br \/>\n\u2022 Mini Trail: 3 horas<\/p>\n<p><strong>Levantamento de dorsais (data\/hora e local):<\/strong> Secretariado aberto 19 de setembro, 14:00-20:00 e 20 de setembro, 06:30-08:30<\/p>\n<p><strong>Limite de participantes:<\/strong><br \/>\n\u2022 Kids Trail: 50<br \/>\n\u2022 Ultra Trail: 50<br \/>\n\u2022 Trail Longo: 150<br \/>\n\u2022 Trail Curto: 300<br \/>\n\u2022 Mini Trail: 300<br \/>\n\u2022 Caminhada: 500<\/p>\n<p><strong>Prazo de inscri\u00e7\u00e3o:<\/strong> 13 de setembro de 2026<\/p>\n<p><strong>Tipos de piso:<\/strong> Trilhos na Serra do Brunheiro<\/p>\n<p><strong>Formato do percurso:<\/strong> Ponto a ponto de Vilar de Nantes a Chaves<\/p>\n<p><strong>M\u00e9todo de cronometragem:<\/strong> Cronometragem eletr\u00f3nica com chip e acompanhamento em tempo real<\/p>\n<p><strong>WC e localiza\u00e7\u00e3o dos abastecimentos:<\/strong> Postos de abastecimento com s\u00f3lidos e l\u00edquidos; atletas devem levar recipientes pr\u00f3prios para hidrata\u00e7\u00e3o<\/p>\n<p><strong>Pr\u00e9mios:<\/strong> Trof\u00e9us para os 3 primeiros da geral e escal\u00f5es, trof\u00e9us coletivos, pr\u00e9mios finisher para todos os finalistas incluindo Caminhada<\/p>\n","race_benefits":"<p>\ud83c\udfbd Kit do atleta: t-shirt oficial do evento, dorsal personalizado<br \/>\n\ud83c\udfc5 Pr\u00e9mio de finisher para todos os finalistas incluindo Caminhada<br \/>\n\u23f1\ufe0f Cronometragem + resultados ao vivo com chip eletr\u00f3nico e acompanhamento em tempo real<br \/>\n\ud83d\udedf Apoio de seguran\u00e7a: equipas de apoio, socorro e emerg\u00eancia dispon\u00edveis; contacto de emerg\u00eancia no dorsal<br \/>\n\ud83d\udee1\ufe0f Seguro: seguro de acidentes pessoais e responsabilidade civil inclu\u00eddo na inscri\u00e7\u00e3o<br \/>\n\ud83e\udd64 Abastecimentos: s\u00f3lidos e l\u00edquidos nos postos; atletas devem levar recipientes pr\u00f3prios para hidrata\u00e7\u00e3o<br \/>\n\ud83d\udebf Banhos dispon\u00edveis (exceto Kids Trail)<br \/>\n\ud83e\uddf3 Transporte: transporte para local de partida (exceto Kids Trail) e transporte em caso de abandono at\u00e9 zona de meta<br \/>\n\ud83e\uddd6 Massagem de relaxamento dispon\u00edvel (exceto Kids Trail)<br \/>\n\ud83c\udfc6 Trof\u00e9us para classifica\u00e7\u00f5es individuais e coletivas<\/p>\n","event_faq_headline":"FAQ","event_faq_items":[{"item_title":"Como fa\u00e7o a inscri\u00e7\u00e3o para o evento?","item_description":"As inscri\u00e7\u00f5es devem ser feitas online em www.stopandgo.net dentro dos prazos indicados. O pagamento \u00e9 obrigat\u00f3rio para validar a inscri\u00e7\u00e3o."},{"item_title":"As crian\u00e7as podem participar?","item_description":"Sim, h\u00e1 um Kids Trail a 19 de setembro com dist\u00e2ncias para idades entre 3 e 16 anos. Menores devem enviar termo de responsabilidade parental."},{"item_title":"Quais s\u00e3o as idades m\u00ednimas para participar?","item_description":"M\u00ednimo de 18 anos para Ultra Trail, Trail Longo e Trail Curto; 16 anos para Mini Trail; 6 anos para Caminhada (menores de 6 anos devem estar acompanhados)."},{"item_title":"Qual \u00e9 o tempo limite para o Ultra Trail?","item_description":"O tempo limite para o Ultra Trail \u00e9 de 9 horas."},{"item_title":"\u00c9 necess\u00e1rio equipamento especial?","item_description":"O material obrigat\u00f3rio inclui dep\u00f3sito de \u00e1gua de pelo menos 1 litro, manta t\u00e9rmica, telem\u00f3vel operacional, apito e itens recomendados como alimenta\u00e7\u00e3o de reserva e casaco corta-vento, dependendo da prova."}],"event_date_start":"20260920","event_date_end":"20260920","event_start_time":"","event_country":"portugal","event_ticket_url":"https:\/\/stopandgo.net\/events\/aquae-brunheiro-trail-running-2026","event_latitude":"41.7087","event_longitude":"-7.4511","event_rating":"","is_hot_event":false,"event_participants_count":"0","organizer_avatar":false,"event_gallery":false,"purchasing_all_variations_through_woocommerce":false,"optional_extras":false,"organizer_website":{"title":"","url":"","target":"","0":""}},"_links":{"self":[{"href":"https:\/\/racefinder.pt\/pt\/wp-json\/wp\/v2\/product\/43228","targetHints":{"allow":["GET"]}}],"collection":[{"href":"https:\/\/racefinder.pt\/pt\/wp-json\/wp\/v2\/product"}],"about":[{"href":"https:\/\/racefinder.pt\/pt\/wp-json\/wp\/v2\/types\/product"}],"replies":[{"embeddable":true,"href":"https:\/\/racefinder.pt\/pt\/wp-json\/wp\/v2\/comments?post=43228"}],"version-history":[{"count":1,"href":"https:\/\/racefinder.pt\/pt\/wp-json\/wp\/v2\/product\/43228\/revisions"}],"predecessor-version":[{"id":43229,"href":"https:\/\/racefinder.pt\/pt\/wp-json\/wp\/v2\/product\/43228\/revisions\/43229"}],"wp:featuredmedia":[{"embeddable":true,"href":"https:\/\/racefinder.pt\/pt\/wp-json\/wp\/v2\/media\/43730"}],"wp:attachment":[{"href":"https:\/\/racefinder.pt\/pt\/wp-json\/wp\/v2\/media?parent=43228"}],"wp:term":[{"taxonomy":"product_brand","embeddable":true,"href":"https:\/\/racefinder.pt\/pt\/wp-json\/wp\/v2\/product_brand?post=43228"},{"taxonomy":"product_cat","embeddable":true,"href":"https:\/\/racefinder.pt\/pt\/wp-json\/wp\/v2\/product_cat?post=43228"},{"taxonomy":"product_tag","embeddable":true,"href":"https:\/\/racefinder.pt\/pt\/wp-json\/wp\/v2\/product_tag?post=43228"}],"curies":[{"name":"wp","href":"https:\/\/api.w.org\/{rel}","templated":true}]}}