{"id":42443,"date":"2026-04-10T01:04:12","date_gmt":"2026-04-10T00:04:12","guid":{"rendered":"https:\/\/racefinder.pt\/?post_type=product&#038;p=42443"},"modified":"2026-04-10T12:17:00","modified_gmt":"2026-04-10T11:17:00","slug":"ribeira-de-gerem-trail-experience","status":"publish","type":"product","link":"https:\/\/racefinder.pt\/pt\/event\/ribeira-de-gerem-trail-experience\/","title":{"rendered":"RIBEIRA DE GEREM TRAIL EXPERIENCE"},"content":{"rendered":"","protected":false},"excerpt":{"rendered":"","protected":false},"featured_media":41768,"comment_status":"open","ping_status":"closed","template":"","meta":{"_acf_changed":false,"footnotes":""},"product_brand":[],"product_cat":[140,129,139],"product_tag":[],"class_list":{"0":"post-42443","1":"product","2":"type-product","3":"status-publish","4":"has-post-thumbnail","6":"product_cat-caminhada","7":"product_cat-corrida","8":"product_cat-trail-run-pt","10":"first","11":"instock","12":"shipping-taxable","13":"purchasable","14":"product-type-variable"},"acf":{"event_location_text":"Vila Nova de Famalic\u00e3o, Braga","event_short_description":"<p>A AMS Ribeira de Gerem Trail Experience 2026 \u00e9 um evento de trail running agendado para 7 de junho de 2026, em Avidos, Vila Nova de Famalic\u00e3o, Portugal. Inclui uma corrida de trail de 15 km com cerca de 500 metros de desn\u00edvel positivo e uma caminhada de 7 km de dificuldade reduzida.<\/p>\n<p>A corrida de trail integra o Campeonato Concelhio de Trail na categoria Trail Curto, destinada a corredores com 18 anos ou mais. O percurso atravessa terrenos naturais e por vezes selvagens, com obst\u00e1culos naturais e artificiais, principalmente na freguesia de Avidos e zonas lim\u00edtrofes, destacando paisagens bonitas.<\/p>\n<p>O evento inclui tamb\u00e9m uma caminhada n\u00e3o competitiva de 7 km, acess\u00edvel a diversos participantes, promovendo h\u00e1bitos de vida saud\u00e1veis na comunidade. A atmosfera da prova \u00e9 festiva e comunit\u00e1ria, com almo\u00e7o conv\u00edvio ap\u00f3s a corrida.<\/p>\n","organizer_description":"<p><strong><a class=\"\" href=\"https:\/\/www.sinctime.com\/storage\/files\/eventos\/82b4\/503d\/bda9\/41a5\/99a3\/67ba\/2c5e\/6eb6.pdf\" target=\"_new\" rel=\"noopener\">Regulamento \u2197<\/a><\/strong><\/p>\n<p><strong>Escal\u00f5es\/categorias:<\/strong><br \/>\n\u2022 M-Sub23 \/ F-Sub23 (18-22 anos)<br \/>\n\u2022 M-Sen \/ F-Sen (23-34 anos)<br \/>\n\u2022 M-35 \/ F-35 (35-39 anos)<br \/>\n\u2022 M-40 \/ F-40 (40-44 anos)<br \/>\n\u2022 M-45 \/ F-45 (45-49 anos)<br \/>\n\u2022 M-50 \/ F-50 (50-54 anos)<br \/>\n\u2022 M-55 \/ F-55 (55-59 anos)<br \/>\n\u2022 M-60+ \/ F-60+ (60 anos ou mais)<br \/>\n\u2022 Geral Masculina (todos os atletas maiores de 18 anos)<br \/>\n\u2022 Geral Feminina (todos os atletas maiores de 18 anos)<br \/>\n\u2022 Coletivos Masculino 1\u00ba, 2\u00ba e 3\u00ba (melhores 3 resultados individuais)<br \/>\n\u2022 Coletivos Feminino 1\u00ba, 2\u00ba e 3\u00ba (melhores 3 resultados individuais)<\/p>\n<p><strong>Locais de partida\/chegada:<\/strong> Parque Fluvial da Ponte, Avidos, Vila Nova de Famalic\u00e3o<\/p>\n<p><strong>Hor\u00e1rios de partida por categoria\/dist\u00e2ncia:<\/strong><br \/>\n\u2022 AMS TrailRunning 15K: 09:30<br \/>\n\u2022 Caminhada 7K: 09:45<\/p>\n<p><strong>Tempos limite:<\/strong> AMS TrailRunning 15K: 3 horas (fecho da meta \u00e0s 12:30)<\/p>\n<p><strong>Levantamento de dorsais (data\/hora e local):<\/strong><br \/>\n\u2022 6 de junho de 2026: 10:00\u201312:00 e 14:00\u201315:00 no Parque Fluvial da Ponte, Avidos<br \/>\n\u2022 7 de junho de 2026: 07:00\u201308:45 no Parque Fluvial da Ponte, Avidos<\/p>\n<p><strong>Limite de participantes:<\/strong><br \/>\n\u2022 Total 450 participantes<br \/>\n\u2022 AMS TrailRunning 15K: 300 atletas<br \/>\n\u2022 Caminhada 7K: 150 participantes<\/p>\n<p><strong>Tipos de piso:<\/strong> Trilhos, estradas florestais, campos agr\u00edcolas, algumas passagens por estradas sem corte de tr\u00e2nsito<\/p>\n<p><strong>Formato do percurso:<\/strong> Percurso em circuito com partida e chegada no Parque Fluvial da Ponte<\/p>\n<p><strong>Rotas da prova:<\/strong> Corrida de trail de 15 km com obst\u00e1culos naturais e artificiais; Caminhada de 7 km em parte do percurso do trail<\/p>\n<p><strong>M\u00e9todo de cronometragem:<\/strong> Cronometragem eletr\u00f3nica com chip e valida\u00e7\u00e3o em pontos de controlo<\/p>\n<p><strong>WC e localiza\u00e7\u00e3o dos abastecimentos:<\/strong><br \/>\n\u2022 Um posto de abastecimento aproximadamente a meio da prova de 15 km<br \/>\n\u2022 Abastecimento na linha de chegada<\/p>\n<p><strong>Estacionamento e shuttles:<\/strong> Estacionamento dispon\u00edvel no local do evento<\/p>\n<p><strong>Pr\u00e9mios:<\/strong><br \/>\n\u2022 Premia\u00e7\u00e3o para os 3 primeiros de cada escal\u00e3o e vencedores geral masculino e feminino<br \/>\n\u2022 Premia\u00e7\u00e3o para as melhores equipas masculinas e femininas (top 3)<br \/>\n\u2022 Sem pr\u00e9mios monet\u00e1rios<br \/>\n\u2022 Presen\u00e7a obrigat\u00f3ria na cerim\u00f3nia de entrega de pr\u00e9mios<\/p>\n","race_benefits":"<p>\ud83c\udfbd Kit do atleta: dorsal, brindes promocionais<br \/>\n\ud83c\udfc5 Pr\u00e9mio de chegada (Finisher)<br \/>\n\u23f1\ufe0f Cronometragem eletr\u00f3nica com chip e pontos de controlo<br \/>\n\ud83d\udedf Apoio de seguran\u00e7a: equipas de socorro e emerg\u00eancia com contactos no dorsal<br \/>\n\ud83d\udee1\ufe0f Seguro: acidentes pessoais e responsabilidade civil inclu\u00eddos na inscri\u00e7\u00e3o<br \/>\n\ud83e\udd64 Abastecimentos: s\u00f3lidos e l\u00edquidos a meio da prova e na meta<br \/>\n\ud83d\udebf Duches dispon\u00edveis nas instala\u00e7\u00f5es desportivas da A.Cu.R.A.<br \/>\n\ud83e\uddd6 Refor\u00e7o\/almo\u00e7o p\u00f3s-prova: sandes e bebida inclu\u00eddos<br \/>\n\ud83c\udfc6 Cerim\u00f3nia de entrega de pr\u00e9mios no dia da prova<\/p>\n","event_faq_headline":"FAQ","event_faq_items":[{"item_title":"Como fa\u00e7o a inscri\u00e7\u00e3o no evento?","item_description":"As inscri\u00e7\u00f5es s\u00e3o feitas online em www.sinctime.com dentro dos prazos indicados. O pagamento \u00e9 realizado via refer\u00eancias Multibanco geradas no ato da inscri\u00e7\u00e3o."},{"item_title":"As crian\u00e7as podem participar?","item_description":"A corrida de 15 km \u00e9 para maiores de 18 anos. A caminhada de 7 km n\u00e3o tem limite de idade, mas menores devem estar acompanhados por um adulto."},{"item_title":"Como fa\u00e7o para levantar o dorsal?","item_description":"O levantamento de dorsais ocorre nos dias 6 de junho das 10:00 \u00e0s 12:00 e das 14:00 \u00e0s 15:00, e no dia da prova das 07:00 \u00e0s 08:45 no Parque Fluvial da Ponte, Avidos."},{"item_title":"Qual o tempo limite para a prova de 15 km?","item_description":"O tempo limite \u00e9 de 3 horas, com encerramento da meta \u00e0s 12:30."},{"item_title":"\u00c9 necess\u00e1rio equipamento especial?","item_description":"\u00c9 obrigat\u00f3rio levar copo ou recipiente para \u00e1gua e telem\u00f3vel operacional. Recomenda-se casaco corta-vento, manta t\u00e9rmica, cal\u00e7as compridas, luvas e gorro conforme as condi\u00e7\u00f5es meteorol\u00f3gicas."}],"event_date_start":"20260607","event_date_end":"20260607","event_start_time":"","event_country":"portugal","event_ticket_url":"https:\/\/www.sinctime.com\/evento\/480","event_latitude":"41.3789","event_longitude":"-8.4848","event_rating":"","is_hot_event":false,"event_participants_count":"0","organizer_avatar":false,"event_gallery":false,"purchasing_all_variations_through_woocommerce":false,"optional_extras":false,"organizer_website":{"title":"","url":"","target":"","0":""}},"_links":{"self":[{"href":"https:\/\/racefinder.pt\/pt\/wp-json\/wp\/v2\/product\/42443","targetHints":{"allow":["GET"]}}],"collection":[{"href":"https:\/\/racefinder.pt\/pt\/wp-json\/wp\/v2\/product"}],"about":[{"href":"https:\/\/racefinder.pt\/pt\/wp-json\/wp\/v2\/types\/product"}],"replies":[{"embeddable":true,"href":"https:\/\/racefinder.pt\/pt\/wp-json\/wp\/v2\/comments?post=42443"}],"version-history":[{"count":1,"href":"https:\/\/racefinder.pt\/pt\/wp-json\/wp\/v2\/product\/42443\/revisions"}],"predecessor-version":[{"id":42444,"href":"https:\/\/racefinder.pt\/pt\/wp-json\/wp\/v2\/product\/42443\/revisions\/42444"}],"wp:featuredmedia":[{"embeddable":true,"href":"https:\/\/racefinder.pt\/pt\/wp-json\/wp\/v2\/media\/41768"}],"wp:attachment":[{"href":"https:\/\/racefinder.pt\/pt\/wp-json\/wp\/v2\/media?parent=42443"}],"wp:term":[{"taxonomy":"product_brand","embeddable":true,"href":"https:\/\/racefinder.pt\/pt\/wp-json\/wp\/v2\/product_brand?post=42443"},{"taxonomy":"product_cat","embeddable":true,"href":"https:\/\/racefinder.pt\/pt\/wp-json\/wp\/v2\/product_cat?post=42443"},{"taxonomy":"product_tag","embeddable":true,"href":"https:\/\/racefinder.pt\/pt\/wp-json\/wp\/v2\/product_tag?post=42443"}],"curies":[{"name":"wp","href":"https:\/\/api.w.org\/{rel}","templated":true}]}}