{"id":42317,"date":"2026-04-10T00:37:47","date_gmt":"2026-04-09T23:37:47","guid":{"rendered":"https:\/\/racefinder.pt\/?post_type=product&#038;p=42317"},"modified":"2026-04-10T11:49:03","modified_gmt":"2026-04-10T10:49:03","slug":"campeonatos-nacionais-de-milha-em-estrada","status":"publish","type":"product","link":"https:\/\/racefinder.pt\/pt\/event\/campeonatos-nacionais-de-milha-em-estrada\/","title":{"rendered":"Campeonatos Nacionais de Milha em Estrada"},"content":{"rendered":"","protected":false},"excerpt":{"rendered":"","protected":false},"featured_media":41851,"comment_status":"open","ping_status":"closed","template":"","meta":{"_acf_changed":false,"footnotes":""},"product_brand":[],"product_cat":[129,246,2697],"product_tag":[],"class_list":{"0":"post-42317","1":"product","2":"type-product","3":"status-publish","4":"has-post-thumbnail","6":"product_cat-corrida","7":"product_cat-corrida-de-rua","8":"product_cat-jovens","10":"first","11":"instock","12":"shipping-taxable","13":"purchasable","14":"product-type-variable"},"acf":{"event_location_text":"Eiras, Coimbra","event_short_description":"<p>Os 3.os Campeonatos Nacionais de Milha em Estrada realizam-se a 18 de abril de 2026, em Eiras (Coimbra), Portugal. Esta prova de corrida em estrada apresenta a dist\u00e2ncia \u00fanica de 1.609 metros, aferida oficialmente pela Federa\u00e7\u00e3o Portuguesa de Atletismo.<\/p>\n<p>A competi\u00e7\u00e3o \u00e9 aberta a atletas masculinos e femininos dos escal\u00f5es Sub-18, Sub-20, Seniores e Veteranos, com crit\u00e9rios de elegibilidade que incluem nacionalidade portuguesa ou filia\u00e7\u00e3o em federa\u00e7\u00f5es regionais ou estrangeiras sob condi\u00e7\u00f5es espec\u00edficas. O evento est\u00e1 integrado na IV Milha Urbana de Eiras.<\/p>\n<p>Oferece classifica\u00e7\u00f5es individuais e coletivas para v\u00e1rias faixas et\u00e1rias, com medalhas e trof\u00e9us atribu\u00eddos aos melhores classificados e equipas, criando uma atmosfera competitiva e prestigiada para os atletas.<\/p>\n","organizer_description":"<p><strong><a class=\"\" href=\"https:\/\/drive.google.com\/file\/d\/1GaFfoKta9sksv2VlMW81CTNPHiHGWHjO\/view\" target=\"_new\" rel=\"noopener\">Regulamento \u2197<\/a><\/strong><\/p>\n<p><strong>Hor\u00e1rios de partida por categoria\/dist\u00e2ncia:<\/strong><br \/>\n\u2022 16:40 Sub-18 Masculino S\u00e9rie 1<br \/>\n\u2022 16:50 Sub-18 Masculino S\u00e9rie 2<br \/>\n\u2022 17:00 Sub-18 Feminino S\u00e9rie 1<br \/>\n\u2022 17:10 Sub-18 Feminino S\u00e9rie 2<br \/>\n\u2022 17:20 Sub-20 Masculino<br \/>\n\u2022 17:30 Sub-20 Feminino<br \/>\n\u2022 17:40 Absolutos Feminino S\u00e9rie 1<br \/>\n\u2022 17:50 Absolutos Feminino S\u00e9rie 2<br \/>\n\u2022 18:00 Absolutos Masculino S\u00e9rie 1<br \/>\n\u2022 18:10 Absolutos Masculino S\u00e9rie 2<\/p>\n<p><strong>Tipos de piso:<\/strong> Estrada<\/p>\n<p><strong>Formato do percurso:<\/strong> Dist\u00e2ncia \u00fanica de 1.609 metros<\/p>\n<p><strong>Prazo de inscri\u00e7\u00e3o:<\/strong> 13 de abril de 2026, 23:59<\/p>\n<p><strong>Escal\u00f5es\/categorias:<\/strong><br \/>\n\u2022 Sub-18<br \/>\n\u2022 Sub-20<br \/>\n\u2022 Seniores<br \/>\n\u2022 Veteranos (idade 35+)<\/p>\n<p><strong>Pr\u00e9mios:<\/strong> Medalhas para os tr\u00eas primeiros classificados por escal\u00e3o e g\u00e9nero; trof\u00e9us para as tr\u00eas melhores equipas nos escal\u00f5es Sub-18, Sub-20, Absolutos e Veteranos<\/p>\n","race_benefits":"","event_faq_headline":"FAQ","event_faq_items":false,"event_date_start":"20260418","event_date_end":"20260418","event_start_time":"","event_country":"portugal","event_ticket_url":"https:\/\/beta.fpacompeticoes.pt\/inscriptions\/5900?index","event_latitude":"40.2482","event_longitude":"-8.4154","event_rating":"","is_hot_event":false,"event_participants_count":"0","organizer_avatar":false,"event_gallery":false,"purchasing_all_variations_through_woocommerce":false,"optional_extras":false,"organizer_website":{"title":"","url":"","target":"","0":""}},"_links":{"self":[{"href":"https:\/\/racefinder.pt\/pt\/wp-json\/wp\/v2\/product\/42317","targetHints":{"allow":["GET"]}}],"collection":[{"href":"https:\/\/racefinder.pt\/pt\/wp-json\/wp\/v2\/product"}],"about":[{"href":"https:\/\/racefinder.pt\/pt\/wp-json\/wp\/v2\/types\/product"}],"replies":[{"embeddable":true,"href":"https:\/\/racefinder.pt\/pt\/wp-json\/wp\/v2\/comments?post=42317"}],"version-history":[{"count":1,"href":"https:\/\/racefinder.pt\/pt\/wp-json\/wp\/v2\/product\/42317\/revisions"}],"predecessor-version":[{"id":42318,"href":"https:\/\/racefinder.pt\/pt\/wp-json\/wp\/v2\/product\/42317\/revisions\/42318"}],"wp:featuredmedia":[{"embeddable":true,"href":"https:\/\/racefinder.pt\/pt\/wp-json\/wp\/v2\/media\/41851"}],"wp:attachment":[{"href":"https:\/\/racefinder.pt\/pt\/wp-json\/wp\/v2\/media?parent=42317"}],"wp:term":[{"taxonomy":"product_brand","embeddable":true,"href":"https:\/\/racefinder.pt\/pt\/wp-json\/wp\/v2\/product_brand?post=42317"},{"taxonomy":"product_cat","embeddable":true,"href":"https:\/\/racefinder.pt\/pt\/wp-json\/wp\/v2\/product_cat?post=42317"},{"taxonomy":"product_tag","embeddable":true,"href":"https:\/\/racefinder.pt\/pt\/wp-json\/wp\/v2\/product_tag?post=42317"}],"curies":[{"name":"wp","href":"https:\/\/api.w.org\/{rel}","templated":true}]}}