{"id":41957,"date":"2026-04-08T00:12:26","date_gmt":"2026-04-07T23:12:26","guid":{"rendered":"https:\/\/racefinder.pt\/?post_type=product&#038;p=41957"},"modified":"2026-04-08T15:44:10","modified_gmt":"2026-04-08T14:44:10","slug":"lousa-granfondo-2026","status":"publish","type":"product","link":"https:\/\/racefinder.pt\/pt\/event\/lousa-granfondo-2026\/","title":{"rendered":"Lous\u00e3 Granfondo 2026"},"content":{"rendered":"","protected":false},"excerpt":{"rendered":"","protected":false},"featured_media":42049,"comment_status":"open","ping_status":"closed","template":"","meta":{"_acf_changed":false,"footnotes":""},"product_brand":[],"product_cat":[130,212],"product_tag":[],"class_list":{"0":"post-41957","1":"product","2":"type-product","3":"status-publish","4":"has-post-thumbnail","6":"product_cat-ciclismo","7":"product_cat-ciclismo-de-estrada","9":"first","10":"instock","11":"shipping-taxable","12":"purchasable","13":"product-type-variable"},"acf":{"event_location_text":"Lous\u00e3, Coimbra","event_short_description":"<p>O Lous\u00e3 Granfondo 2026 \u00e9 um evento de ciclismo granfondo que se realizar\u00e1 a 13 de setembro de 2026 na Serra da Lous\u00e3, Portugal. O evento contar\u00e1 com tr\u00eas percursos, cujas dist\u00e2ncias e altimetrias ainda ser\u00e3o definidas.<\/p>\n<p>Aberto a todos os ciclistas com 19 anos ou mais, federados ou n\u00e3o, com possibilidade de licen\u00e7a di\u00e1ria e categorias espec\u00edficas incluindo Granfondo, Mediofondo, Minifondo e Paraciclismo. O evento \u00e9 de cicloturismo sem car\u00e1ter competitivo, mas com cronometragem eletr\u00f3nica, seguindo regulamentos da Federa\u00e7\u00e3o Portuguesa de Ciclismo e UCI para provas abertas.<\/p>\n<p>A partida ser\u00e1 \u00e0s 9h00 junto ao Parque Municipal de Exposi\u00e7\u00f5es Dr. M\u00e1rio Soares na Lous\u00e3, com uma atmosfera festiva incluindo o Granfondinho para jovens e cerim\u00f3nia de p\u00f3dio com trof\u00e9us e pr\u00e9mios especiais.<\/p>\n","organizer_description":"<p><strong><a class=\"\" href=\"https:\/\/stopandgo.com.pt\/files\/lousa-granfondo-2026\/69c5e570105b3_LOUSA-GF-Regulamento%20Particular%202026.pdf\" target=\"_new\" rel=\"noopener\">Regulamento \u2197<\/a><\/strong><\/p>\n<p><strong>Locais de partida\/chegada:<\/strong> Partida no Parque Municipal de Exposi\u00e7\u00f5es Dr. M\u00e1rio Soares, Lous\u00e3<\/p>\n<p><strong>Hor\u00e1rios de partida por categoria\/dist\u00e2ncia:<\/strong> 9h00 partida simult\u00e2nea para Granfondo, Mediofondo e Minifondo<\/p>\n<p><strong>Limite de participantes:<\/strong> 1000<\/p>\n<p><strong>Prazo de inscri\u00e7\u00e3o:<\/strong> 8 de setembro de 2026 \u00e0s 23h59 ou at\u00e9 esgotar vagas<\/p>\n<p><strong>Escal\u00f5es\/categorias:<\/strong><br \/>\n\u2022 Granfondo: Masculinos e Femininos Elites (19-29), Masters A (30-39), Masters B (40-49), Masters C (50-59), Masters D (60-69), Masters E (70+ para masculinos, 60-69 para femininos)<br \/>\n\u2022 Mediofondo: Masculinos e Femininos Elites (19-29), Masters A (30-39), Masters B (40-49), Masters C (50-59), Masters D (60-69), Masters E (70-79 masculinos), Masters F (80-89 masculinos), Paraciclismo (masculino e feminino)<br \/>\n\u2022 Minifondo: Geral Masculinos e Femininos<\/p>\n<p><strong>Levantamento de dorsais (data\/hora e local):<\/strong> Secretariado na Lous\u00e3 (local a definir), a partir das 7h30 no dia da prova; n\u00e3o ser\u00e3o entregues dorsais ou chips ap\u00f3s as 8h30<\/p>\n<p><strong>Tipos de piso:<\/strong> Estrada aberta ao tr\u00e2nsito com controlo<\/p>\n<p><strong>Formato do percurso:<\/strong> Tr\u00eas percursos com dist\u00e2ncias e altimetrias a definir<\/p>\n<p><strong>Percursos da prova:<\/strong> A definir<\/p>\n<p><strong>M\u00e9todo de cronometragem:<\/strong> Cronometragem eletr\u00f3nica por chip obrigat\u00f3ria<\/p>\n<p><strong>WC e localiza\u00e7\u00e3o dos abastecimentos:<\/strong> Postos de abastecimento com alimentos s\u00f3lidos e l\u00edquidos ao longo do percurso; acesso apenas com pulseira do participante<\/p>\n<p><strong>Pr\u00e9mios:<\/strong> Trof\u00e9us para os tr\u00eas primeiros de cada categoria, vencedores absolutos masculinos e femininos do Granfondo, tr\u00eas primeiras equipas do Granfondo e pr\u00e9mio especial de fair-play<\/p>\n","race_benefits":"<p>\ud83c\udfbd Kit do atleta: dorsal\/placa frontal, chip, kit de participante incluindo dorsal personalizado com nome<br \/>\n\ud83c\udfc5 Pr\u00e9mio de finalista: medalha e diploma digital de finisher<br \/>\n\u23f1\ufe0f Cronometragem + resultados ao vivo por chip eletr\u00f3nico<br \/>\n\ud83d\udedf Apoio de seguran\u00e7a: primeiros socorros e assist\u00eancia m\u00e9dica durante o evento<br \/>\n\ud83d\udee1\ufe0f Seguro: seguro de acidentes pessoais inclu\u00eddo para atletas n\u00e3o federados<br \/>\n\ud83e\udd64 Abastecimentos: l\u00edquidos e s\u00f3lidos ao longo do percurso<br \/>\n\ud83e\uddf3 Assist\u00eancia mec\u00e2nica dispon\u00edvel durante a prova (m\u00e3o de obra gratuita, pe\u00e7as pagas pelo atleta)<br \/>\n\ud83d\udcf8 1 a 2 fotos por atleta dispon\u00edveis na p\u00e1gina oficial do Facebook<br \/>\n\ud83e\uddd6 Refor\u00e7o alimentar p\u00f3s-prova para participantes do Granfondo, Mediofondo e Minifondo<br \/>\n\ud83c\udfc6 Cerim\u00f3nia de p\u00f3dio com trof\u00e9us e pr\u00e9mios especiais<\/p>\n","event_faq_headline":"FAQ","event_faq_items":false,"event_date_start":"20260913","event_date_end":"20260913","event_start_time":"","event_country":"portugal","event_ticket_url":"https:\/\/stopandgo.net\/events\/lousa-granfondo-2026","event_latitude":"40.1167","event_longitude":"-8.2492","event_rating":"","is_hot_event":false,"event_participants_count":"0","organizer_avatar":false,"event_gallery":false,"purchasing_all_variations_through_woocommerce":false,"optional_extras":false,"organizer_website":{"title":"","url":"","target":"","0":""}},"_links":{"self":[{"href":"https:\/\/racefinder.pt\/pt\/wp-json\/wp\/v2\/product\/41957","targetHints":{"allow":["GET"]}}],"collection":[{"href":"https:\/\/racefinder.pt\/pt\/wp-json\/wp\/v2\/product"}],"about":[{"href":"https:\/\/racefinder.pt\/pt\/wp-json\/wp\/v2\/types\/product"}],"replies":[{"embeddable":true,"href":"https:\/\/racefinder.pt\/pt\/wp-json\/wp\/v2\/comments?post=41957"}],"version-history":[{"count":1,"href":"https:\/\/racefinder.pt\/pt\/wp-json\/wp\/v2\/product\/41957\/revisions"}],"predecessor-version":[{"id":41958,"href":"https:\/\/racefinder.pt\/pt\/wp-json\/wp\/v2\/product\/41957\/revisions\/41958"}],"wp:featuredmedia":[{"embeddable":true,"href":"https:\/\/racefinder.pt\/pt\/wp-json\/wp\/v2\/media\/42049"}],"wp:attachment":[{"href":"https:\/\/racefinder.pt\/pt\/wp-json\/wp\/v2\/media?parent=41957"}],"wp:term":[{"taxonomy":"product_brand","embeddable":true,"href":"https:\/\/racefinder.pt\/pt\/wp-json\/wp\/v2\/product_brand?post=41957"},{"taxonomy":"product_cat","embeddable":true,"href":"https:\/\/racefinder.pt\/pt\/wp-json\/wp\/v2\/product_cat?post=41957"},{"taxonomy":"product_tag","embeddable":true,"href":"https:\/\/racefinder.pt\/pt\/wp-json\/wp\/v2\/product_tag?post=41957"}],"curies":[{"name":"wp","href":"https:\/\/api.w.org\/{rel}","templated":true}]}}