{"id":41624,"date":"2026-04-07T01:36:08","date_gmt":"2026-04-07T00:36:08","guid":{"rendered":"https:\/\/racefinder.pt\/?post_type=product&#038;p=41624"},"modified":"2026-04-07T15:44:37","modified_gmt":"2026-04-07T14:44:37","slug":"6o-night-run-urban-trail","status":"publish","type":"product","link":"https:\/\/racefinder.pt\/pt\/event\/6o-night-run-urban-trail\/","title":{"rendered":"6\u00ba Night Run Urban Trail"},"content":{"rendered":"","protected":false},"excerpt":{"rendered":"","protected":false},"featured_media":41760,"comment_status":"open","ping_status":"closed","template":"","meta":{"_acf_changed":false,"footnotes":""},"product_brand":[],"product_cat":[140,129,139],"product_tag":[],"class_list":{"0":"post-41624","1":"product","2":"type-product","3":"status-publish","4":"has-post-thumbnail","6":"product_cat-caminhada","7":"product_cat-corrida","8":"product_cat-trail-run-pt","10":"first","11":"instock","12":"shipping-taxable","13":"product-type-variable"},"acf":{"event_location_text":"Torres Vedras, Lisboa","event_short_description":"<p>A 6\u00aa Night Run Urban Trail realiza-se a 24 de outubro de 2026 no Expotorres, em Torres Vedras. Este evento de trail urbano oferece duas op\u00e7\u00f5es de prova cronometrada: 20 km divididos em tr\u00eas segmentos independentes e 13 km com dois segmentos cronometrados.<\/p>\n<p>Os participantes podem ainda optar pela Caminhada Aventura de 13 km no mesmo percurso sem cronometragem ou pela Caminhada Guiada de 8 km. A prova est\u00e1 aberta a todos, com liberdade para escolher a ordem e o intervalo entre os segmentos, com partidas entre as 18h00 e as 20h45 e conclus\u00e3o at\u00e9 \u00e0s 21h30.<\/p>\n<p>O percurso decorre em contexto noturno, urbano e em trilhos naturais na cidade e arredores de Torres Vedras, incluindo pontos como o Forte de S\u00e3o Vicente e o Castro do Zambujal. O evento integra as Festas de Torres Vedras e inclui op\u00e7\u00f5es competitivas e n\u00e3o competitivas.<\/p>\n","organizer_description":"<p><strong><a class=\"\" href=\"https:\/\/atividadefisica-tvedras.pt\/agenda\/6o-night-run-urban-trail\" target=\"_new\" rel=\"noopener\">Regulamento \u2197<\/a><\/strong><\/p>\n<p><strong>Locais de partida\/chegada:<\/strong> Todos os segmentos t\u00eam partida e chegada no pavilh\u00e3o Expotorres em Torres Vedras<\/p>\n<p><strong>Hor\u00e1rios de partida por categoria\/dist\u00e2ncia:<\/strong><br \/>\n\u2022 Os participantes iniciam o primeiro segmento \u00e0s 18h00 ou 18h30, conforme a prova<br \/>\n\u2022 As partidas dos segmentos decorrem entre as 18h00 e as 20h45<\/p>\n<p><strong>Tempos limite:<\/strong><br \/>\n\u2022 Prova 20 km (3 segmentos): 3h30m<br \/>\n\u2022 Prova 13 km (2 segmentos): 3h<br \/>\n\u2022 Caminhada Aventura 13 km: 3h<br \/>\n\u2022 Caminhada Guiada 8 km: sem cronometragem<br \/>\n\u2022 Todos os segmentos devem ser conclu\u00eddos at\u00e9 \u00e0s 21h30<\/p>\n<p><strong>Percursos da prova:<\/strong><br \/>\n\u2022 20 km trail: 3 segmentos cronometrados (Forte de S\u00e3o Vicente, Castro do Zambujal, Pista)<br \/>\n\u2022 13 km trail: 2 segmentos cronometrados (Forte de S\u00e3o Vicente, Castro do Zambujal)<br \/>\n\u2022 Caminhada Aventura: mesmo percurso da prova de 13 km sem cronometragem<br \/>\n\u2022 Caminhada Guiada: percurso de 8 km<\/p>\n<p><strong>Pr\u00e9mios:<\/strong> Trof\u00e9us para os tr\u00eas primeiros da classifica\u00e7\u00e3o geral e de cada escal\u00e3o et\u00e1rio nas provas cronometradas<\/p>\n","race_benefits":"","event_faq_headline":"FAQ","event_faq_items":false,"event_date_start":"20261024","event_date_end":"20261024","event_start_time":"","event_country":"portugal","event_ticket_url":"https:\/\/atividadefisica-tvedras.pt\/agenda\/6o-night-run-urban-trail","event_latitude":"39.091","event_longitude":"-9.2585","event_rating":"","is_hot_event":false,"event_participants_count":"0","organizer_avatar":false,"event_gallery":false,"purchasing_all_variations_through_woocommerce":false,"optional_extras":false,"organizer_website":{"title":"","url":"","target":"","0":""}},"_links":{"self":[{"href":"https:\/\/racefinder.pt\/pt\/wp-json\/wp\/v2\/product\/41624","targetHints":{"allow":["GET"]}}],"collection":[{"href":"https:\/\/racefinder.pt\/pt\/wp-json\/wp\/v2\/product"}],"about":[{"href":"https:\/\/racefinder.pt\/pt\/wp-json\/wp\/v2\/types\/product"}],"replies":[{"embeddable":true,"href":"https:\/\/racefinder.pt\/pt\/wp-json\/wp\/v2\/comments?post=41624"}],"version-history":[{"count":1,"href":"https:\/\/racefinder.pt\/pt\/wp-json\/wp\/v2\/product\/41624\/revisions"}],"predecessor-version":[{"id":41625,"href":"https:\/\/racefinder.pt\/pt\/wp-json\/wp\/v2\/product\/41624\/revisions\/41625"}],"wp:featuredmedia":[{"embeddable":true,"href":"https:\/\/racefinder.pt\/pt\/wp-json\/wp\/v2\/media\/41760"}],"wp:attachment":[{"href":"https:\/\/racefinder.pt\/pt\/wp-json\/wp\/v2\/media?parent=41624"}],"wp:term":[{"taxonomy":"product_brand","embeddable":true,"href":"https:\/\/racefinder.pt\/pt\/wp-json\/wp\/v2\/product_brand?post=41624"},{"taxonomy":"product_cat","embeddable":true,"href":"https:\/\/racefinder.pt\/pt\/wp-json\/wp\/v2\/product_cat?post=41624"},{"taxonomy":"product_tag","embeddable":true,"href":"https:\/\/racefinder.pt\/pt\/wp-json\/wp\/v2\/product_tag?post=41624"}],"curies":[{"name":"wp","href":"https:\/\/api.w.org\/{rel}","templated":true}]}}