{"id":41484,"date":"2026-04-07T01:05:16","date_gmt":"2026-04-07T00:05:16","guid":{"rendered":"https:\/\/racefinder.pt\/?post_type=product&#038;p=41484"},"modified":"2026-04-07T15:18:19","modified_gmt":"2026-04-07T14:18:19","slug":"corrida-da-liberdade-vila-nova-da-barquinha","status":"publish","type":"product","link":"https:\/\/racefinder.pt\/pt\/event\/corrida-da-liberdade-vila-nova-da-barquinha\/","title":{"rendered":"Corrida da Liberdade Vila Nova da Barquinha"},"content":{"rendered":"","protected":false},"excerpt":{"rendered":"","protected":false},"featured_media":41840,"comment_status":"open","ping_status":"closed","template":"","meta":{"_acf_changed":false,"footnotes":""},"product_brand":[],"product_cat":[140,129,225,2697,161],"product_tag":[],"class_list":{"0":"post-41484","1":"product","2":"type-product","3":"status-publish","4":"has-post-thumbnail","6":"product_cat-caminhada","7":"product_cat-corrida","8":"product_cat-10-km-pt","9":"product_cat-jovens","10":"product_cat-kids-pt","12":"first","13":"instock","14":"shipping-taxable","15":"purchasable","16":"product-type-variable"},"acf":{"event_location_text":"Vila Nova da Barquinha, Santar\u00e9m","event_short_description":"<p>A Corrida da Liberdade \u00e9 um evento de corrida e caminhada que se realiza a 25 de abril de 2026, em Vila Nova da Barquinha, Portugal. Inclui uma corrida de 10 km e uma caminhada de 5 km, aberta a todas as idades, com idade m\u00ednima de 16 anos para a corrida de 10 km.<\/p>\n<p>Organizado pelo Munic\u00edpio de Vila Nova da Barquinha para comemorar o 25 de Abril atrav\u00e9s de atividades desportivas e recreativas. Os participantes beneficiam de cronometragem eletr\u00f3nica e apoio ao longo do percurso.<\/p>\n<p>A prova inclui v\u00e1rias categorias et\u00e1rias e uma caminhada familiar, promovendo um ambiente inclusivo para todos os participantes.<\/p>\n","organizer_description":"<p><strong><a class=\"\" href=\"https:\/\/www.trilhoperdido.com\/admin\/upload\/ficheiros\/ficheirosMultimedia\/regulamento-provas-25-de-abril.pdf\" target=\"_new\" rel=\"noopener\">Regulamento \u2197<\/a><\/strong><\/p>\n<p><strong>Escal\u00f5es\/categorias:<\/strong><br \/>\n\u2022 G: at\u00e9 1970 (10.000m)<br \/>\n\u2022 H: 1971 a 1986 (10.000m)<br \/>\n\u2022 I: 1987 a 2007 (10.000m)<br \/>\n\u2022 A: 2020 a 2025 (150m)<br \/>\n\u2022 B: 2018 a 2019 (500m)<br \/>\n\u2022 C: 2016 a 2017 (800m)<br \/>\n\u2022 D: 2014 a 2015 (1000m)<br \/>\n\u2022 E: 2011 a 2013 (1200m)<br \/>\n\u2022 F: 2008 a 2010 (1500m)<br \/>\n\u2022 Caminhada: 5.000m<\/p>\n<p><strong>Locais de partida\/chegada:<\/strong> Partida e chegada no Centro Cultural de Vila Nova da Barquinha; partida da corrida de 10.000m no Castelo de Almourol<\/p>\n<p><strong>Hor\u00e1rios de partida por categoria\/dist\u00e2ncia:<\/strong><br \/>\n\u2022 9h30 &#8211; 10.000m (escal\u00f5es G, H, I)<br \/>\n\u2022 9h30 &#8211; Caminhada 5.000m<br \/>\n\u2022 11h00 a 12h30 &#8211; corridas infantis (v\u00e1rias dist\u00e2ncias por escal\u00e3o)<\/p>\n<p><strong>Tempos limite:<\/strong> Tempo limite para a corrida de 10.000m: 1h20min<\/p>\n<p><strong>Levantamento de dorsais (data\/hora e local):<\/strong><br \/>\n\u2022 24 de abril, 9h\u201312h e 14h\u201319h no Centro Cultural para 10.000m e caminhada 5.000m<br \/>\n\u2022 25 de abril, 8h30\u201310h30 para corridas infantis<\/p>\n<p><strong>Limite de participantes:<\/strong> Ilimitado<\/p>\n<p><strong>Tipos de piso:<\/strong> Estrada com poss\u00edveis zonas de tr\u00e2nsito; os participantes devem respeitar o C\u00f3digo da Estrada<\/p>\n<p><strong>Formato do percurso:<\/strong> Percurso ponto a ponto para a corrida de 10.000m com partida no Castelo de Almourol; outras dist\u00e2ncias com partida e chegada no Centro Cultural<\/p>\n<p><strong>Percursos da prova:<\/strong> Corrida de 10.000m com passagem obrigat\u00f3ria por postos de controlo aos cerca de 4.000m e 8.000m<\/p>\n<p><strong>M\u00e9todo de cronometragem:<\/strong> Cronometragem eletr\u00f3nica por chip para a corrida de 10.000m<\/p>\n<p><strong>WC e localiza\u00e7\u00e3o dos abastecimentos:<\/strong> Dois postos de abastecimento na corrida de 10.000m, aproximadamente aos 4.000m e 8.000m<\/p>\n<p><strong>Estacionamento e shuttles:<\/strong> Transporte de autocarro para atletas da corrida de 10.000m do Centro Cultural para o Castelo de Almourol \u00e0s 8h30<\/p>\n<p><strong>Pr\u00e9mios:<\/strong> Trof\u00e9us para os 3 primeiros classificados masculinos e femininos de cada escal\u00e3o; medalhas para todos os participantes<\/p>\n","race_benefits":"<p>\ud83c\udfc5 Pr\u00e9mio de finalista: medalhas para todos os participantes<br \/>\n\u23f1\ufe0f Cronometragem + resultados ao vivo por categoria na corrida de 10.000m com sistema eletr\u00f3nico de chip<br \/>\n\ud83d\udedf Apoio de seguran\u00e7a: organiza\u00e7\u00e3o, bombeiros em pontos estrat\u00e9gicos e presen\u00e7a da Guarda Nacional Republicana<br \/>\n\ud83e\udd64 Abastecimentos: dois postos de l\u00edquidos na corrida de 10.000m<br \/>\n\ud83d\ude8c Transporte entre Centro Cultural e in\u00edcio da corrida no Castelo de Almourol para participantes da corrida de 10.000m<br \/>\n\ud83c\udfc6 Trof\u00e9us para os 3 primeiros classificados de cada escal\u00e3o (masculino e feminino)<\/p>\n","event_faq_headline":"FAQ","event_faq_items":[{"item_title":"Como chegar ao evento?","item_description":"O evento realiza-se no Centro Cultural de Vila Nova da Barquinha, GPS 39.457788, -8.432549. H\u00e1 transporte de autocarro para os atletas da corrida de 10.000m do Centro Cultural at\u00e9 ao in\u00edcio da prova no Castelo de Almourol."},{"item_title":"As crian\u00e7as podem participar?","item_description":"Sim, h\u00e1 corridas infantis com dist\u00e2ncias entre 150m e 1500m para v\u00e1rias idades, desde 2020 at\u00e9 2010."},{"item_title":"Como me inscrevo?","item_description":"A inscri\u00e7\u00e3o \u00e9 feita atrav\u00e9s do preenchimento de formul\u00e1rio no site do Munic\u00edpio de Vila Nova da Barquinha ou presencialmente no Centro Cultural ou Centro Municipal de Atividade F\u00edsica, Aquagym. O prazo termina a 17 de abril de 2026."},{"item_title":"Qual o tempo limite para a corrida de 10.000m?","item_description":"O tempo limite \u00e9 de 1 hora e 20 minutos. Quem ultrapassar este tempo n\u00e3o ser\u00e1 classificado."},{"item_title":"\u00c9 necess\u00e1rio equipamento especial?","item_description":"Os participantes devem usar o dorsal com chip fornecido, vis\u00edvel na parte da frente do corpo. N\u00e3o \u00e9 exigido outro equipamento especial."}],"event_date_start":"20260425","event_date_end":"20260425","event_start_time":"","event_country":"portugal","event_ticket_url":"https:\/\/www.trilhoperdido.com\/evento\/Corrida-da-Liberdade-2026","event_latitude":"39.4619","event_longitude":"-8.3839","event_rating":"","is_hot_event":false,"event_participants_count":"0","organizer_avatar":false,"event_gallery":false,"purchasing_all_variations_through_woocommerce":false,"optional_extras":false,"organizer_website":{"title":"","url":"","target":"","0":""}},"_links":{"self":[{"href":"https:\/\/racefinder.pt\/pt\/wp-json\/wp\/v2\/product\/41484","targetHints":{"allow":["GET"]}}],"collection":[{"href":"https:\/\/racefinder.pt\/pt\/wp-json\/wp\/v2\/product"}],"about":[{"href":"https:\/\/racefinder.pt\/pt\/wp-json\/wp\/v2\/types\/product"}],"replies":[{"embeddable":true,"href":"https:\/\/racefinder.pt\/pt\/wp-json\/wp\/v2\/comments?post=41484"}],"version-history":[{"count":1,"href":"https:\/\/racefinder.pt\/pt\/wp-json\/wp\/v2\/product\/41484\/revisions"}],"predecessor-version":[{"id":41485,"href":"https:\/\/racefinder.pt\/pt\/wp-json\/wp\/v2\/product\/41484\/revisions\/41485"}],"wp:featuredmedia":[{"embeddable":true,"href":"https:\/\/racefinder.pt\/pt\/wp-json\/wp\/v2\/media\/41840"}],"wp:attachment":[{"href":"https:\/\/racefinder.pt\/pt\/wp-json\/wp\/v2\/media?parent=41484"}],"wp:term":[{"taxonomy":"product_brand","embeddable":true,"href":"https:\/\/racefinder.pt\/pt\/wp-json\/wp\/v2\/product_brand?post=41484"},{"taxonomy":"product_cat","embeddable":true,"href":"https:\/\/racefinder.pt\/pt\/wp-json\/wp\/v2\/product_cat?post=41484"},{"taxonomy":"product_tag","embeddable":true,"href":"https:\/\/racefinder.pt\/pt\/wp-json\/wp\/v2\/product_tag?post=41484"}],"curies":[{"name":"wp","href":"https:\/\/api.w.org\/{rel}","templated":true}]}}