{"id":41218,"date":"2026-04-07T00:13:50","date_gmt":"2026-04-06T23:13:50","guid":{"rendered":"https:\/\/racefinder.pt\/?post_type=product&#038;p=41218"},"modified":"2026-04-07T14:26:13","modified_gmt":"2026-04-07T13:26:13","slug":"trail-das-maias","status":"publish","type":"product","link":"https:\/\/racefinder.pt\/pt\/event\/trail-das-maias\/","title":{"rendered":"TRAIL DAS MAIAS"},"content":{"rendered":"<p><br data-mce-bogus=\"1\"><\/p>\n","protected":false},"excerpt":{"rendered":"<p><br data-mce-bogus=\"1\"><\/p>\n","protected":false},"featured_media":41774,"comment_status":"open","ping_status":"closed","template":"","meta":{"_acf_changed":false,"footnotes":""},"product_brand":[],"product_cat":[140,129,139],"product_tag":[],"class_list":{"0":"post-41218","1":"product","2":"type-product","3":"status-publish","4":"has-post-thumbnail","6":"product_cat-caminhada","7":"product_cat-corrida","8":"product_cat-trail-run-pt","10":"first","11":"instock","12":"shipping-taxable","13":"purchasable","14":"product-type-variable"},"acf":{"event_location_text":"Cadaval, Vila Real","event_short_description":"<p>O Trail das Maias \u00e9 um evento de trail running que se realiza a 17 de maio de 2026, em Cadaval, Vila Real, Portugal. Oferece duas dist\u00e2ncias: um trail de 13 km e uma caminhada de 7 km.<\/p>\n<p>O evento est\u00e1 aberto a todos os participantes com 15 anos ou mais para o trail, com autoriza\u00e7\u00e3o escrita dos encarregados de educa\u00e7\u00e3o para menores. A caminhada n\u00e3o tem limite m\u00ednimo de idade. A prova destaca a beleza natural, o patrim\u00f3nio hist\u00f3rico e as paisagens primaveris da regi\u00e3o de Cadaval, incluindo trilhos ao longo do Rio Tinhela e locais como a Cal\u00e7ada Romana e o Castelo dos Mouros.<\/p>\n<p>O Trail das Maias promove a pr\u00e1tica de atividade f\u00edsica em contacto com a natureza, o esp\u00edrito comunit\u00e1rio e o respeito ambiental, proporcionando uma experi\u00eancia \u00fanica que combina desporto, natureza e cultura.<\/p>\n","organizer_description":"<p><strong><a class=\"\" href=\"https:\/\/assets.acorrer.pt\/media\/9167\/69c70dcc75d7b_Regulamento.pdf\" target=\"_new\" rel=\"noopener\" data-mce-href=\"https:\/\/assets.acorrer.pt\/media\/9167\/69c70dcc75d7b_Regulamento.pdf\">Regulamento \u2197<\/a><\/strong><\/p>\n<p><strong>Locais de partida\/chegada:<\/strong> Sede Grupo Desportivo Cultural e Recreativo do Cadaval, Rua Campo de Futebol, 5090-051 Cadaval<\/p>\n<p><strong>Hor\u00e1rios de partida por categoria\/dist\u00e2ncia:<\/strong><br \/>\u2022 Trail 13 KM: 9h30<br \/>\u2022 Caminhada 7 KM: 9h40<\/p>\n<p><strong>Prazo de inscri\u00e7\u00e3o:<\/strong> 10\/05\/2026 \u00e0s 00:00h<\/p>\n<p><strong>Tipos de piso:<\/strong> Trilhos naturais com patrim\u00f3nio hist\u00f3rico e paisagens naturais<\/p>\n<p><strong>Rotas da prova:<\/strong><br \/>\u2022 Trail 13 km com 538 m de desn\u00edvel<br \/>\u2022 Caminhada 7 km com 196 m de desn\u00edvel<\/p>\n<p><strong>M\u00e9todo de cronometragem:<\/strong> Sistema de cronometragem por chip (trail 10 km)<\/p>\n<p><strong>WC e localiza\u00e7\u00e3o dos abastecimentos:<\/strong><br \/>\u2022 Trail 13 km: dois abastecimentos l\u00edquidos aos 5 km e 11 km, s\u00f3lido no final<br \/>\u2022 Caminhada 7 km: abastecimento l\u00edquido aos 5 km, s\u00f3lido no final<\/p>\n<p><strong>Levantamento de dorsais (data\/hora e local):<\/strong> 17 de maio de 2026, das 8:30 \u00e0s 9:20, Rua Campo de Futebol, 5090-051 Cadaval<\/p>\n<p><strong>Pr\u00e9mios:<\/strong><br \/>\u2022 Trof\u00e9us para os 3 primeiros da geral<br \/>\u2022 Medalhas para os 3 primeiros de cada escal\u00e3o (masculino e feminino)<br \/>\u2022 Pr\u00e9mio para a equipa mais numerosa<br \/>\u2022 Pr\u00e9mio para o melhor classificado do concelho de Mur\u00e7a<br \/>\u2022 Pr\u00e9mio para o atleta mais velho<\/p>\n","race_benefits":"<p>\ud83c\udfbd Kit do atleta: t-shirt t\u00e9cnica unissexo, dorsal, sistema de cronometragem por chip (trail), seguro, medalha finisher (trail), ofertas dos patrocinadores<br \/>\ud83c\udfc5 Pr\u00e9mio de finalista: medalhas para os melhores classificados e por escal\u00e3o<br \/>\u23f1\ufe0f Cronometragem + resultados ao vivo por chip para o trail<br \/>\ud83d\udedf Apoio de seguran\u00e7a: apoio m\u00e9dico durante o evento, controlo de tr\u00e2nsito pela GNR<br \/>\ud83d\udee1\ufe0f Seguro: seguro de acidentes pessoais inclu\u00eddo<br \/>\ud83e\udd64 Abastecimentos: l\u00edquidos aos 5 km e 11 km no trail, l\u00edquido aos 5 km na caminhada, s\u00f3lido no final<br \/>\ud83e\uddd6 Massagem, refei\u00e7\u00f5es p\u00f3s-prova: almo\u00e7o inclu\u00eddo para todos os participantes<\/p>\n","event_faq_headline":"FAQ","event_faq_items":[{"item_title":"Como posso inscrever-me no evento?","item_description":"A inscri\u00e7\u00e3o \u00e9 feita exclusivamente atrav\u00e9s do site do organizador www.acorrer.pt, utilizando o formul\u00e1rio dispon\u00edvel. O pagamento deve ser efetuado para confirma\u00e7\u00e3o da participa\u00e7\u00e3o."},{"item_title":"As crian\u00e7as podem participar?","item_description":"O trail exige idade m\u00ednima de 15 anos com autoriza\u00e7\u00e3o escrita dos encarregados de educa\u00e7\u00e3o. A caminhada n\u00e3o tem limite m\u00ednimo de idade."},{"item_title":"Como fa\u00e7o para levantar o kit de participa\u00e7\u00e3o?","item_description":"O kit pode ser levantado no dia do evento, 17 de maio de 2026, entre as 8:30 e as 9:20, na Rua Campo de Futebol, 5090-051 Cadaval. \u00c9 necess\u00e1rio apresentar cart\u00e3o de cidad\u00e3o e comprovativo de inscri\u00e7\u00e3o."},{"item_title":"Qual \u00e9 o desn\u00edvel da prova?","item_description":"O trail de 13 km tem um desn\u00edvel acumulado de 538 metros, e a caminhada de 7 km tem 196 metros."},{"item_title":"\u00c9 necess\u00e1rio equipamento especial?","item_description":"O dorsal oficial deve ser colocado na parte frontal da t-shirt. N\u00e3o h\u00e1 equipamento especial obrigat\u00f3rio mencionado no regulamento."}],"event_date_start":"20260517","event_date_end":"20260517","event_start_time":"","event_country":"portugal","event_ticket_url":"https:\/\/acorrer.pt\/eventos\/4282\/info","event_latitude":"41.3956","event_longitude":"-7.4833","event_rating":"","is_hot_event":false,"event_participants_count":"0","organizer_avatar":false,"event_gallery":false,"purchasing_all_variations_through_woocommerce":false,"optional_extras":false,"organizer_website":{"title":"","url":"","target":"","0":""}},"_links":{"self":[{"href":"https:\/\/racefinder.pt\/pt\/wp-json\/wp\/v2\/product\/41218","targetHints":{"allow":["GET"]}}],"collection":[{"href":"https:\/\/racefinder.pt\/pt\/wp-json\/wp\/v2\/product"}],"about":[{"href":"https:\/\/racefinder.pt\/pt\/wp-json\/wp\/v2\/types\/product"}],"replies":[{"embeddable":true,"href":"https:\/\/racefinder.pt\/pt\/wp-json\/wp\/v2\/comments?post=41218"}],"version-history":[{"count":2,"href":"https:\/\/racefinder.pt\/pt\/wp-json\/wp\/v2\/product\/41218\/revisions"}],"predecessor-version":[{"id":41787,"href":"https:\/\/racefinder.pt\/pt\/wp-json\/wp\/v2\/product\/41218\/revisions\/41787"}],"wp:featuredmedia":[{"embeddable":true,"href":"https:\/\/racefinder.pt\/pt\/wp-json\/wp\/v2\/media\/41774"}],"wp:attachment":[{"href":"https:\/\/racefinder.pt\/pt\/wp-json\/wp\/v2\/media?parent=41218"}],"wp:term":[{"taxonomy":"product_brand","embeddable":true,"href":"https:\/\/racefinder.pt\/pt\/wp-json\/wp\/v2\/product_brand?post=41218"},{"taxonomy":"product_cat","embeddable":true,"href":"https:\/\/racefinder.pt\/pt\/wp-json\/wp\/v2\/product_cat?post=41218"},{"taxonomy":"product_tag","embeddable":true,"href":"https:\/\/racefinder.pt\/pt\/wp-json\/wp\/v2\/product_tag?post=41218"}],"curies":[{"name":"wp","href":"https:\/\/api.w.org\/{rel}","templated":true}]}}