{"id":40873,"date":"2026-04-02T00:11:35","date_gmt":"2026-04-01T23:11:35","guid":{"rendered":"https:\/\/racefinder.pt\/?post_type=product&#038;p=40873"},"modified":"2026-04-02T12:02:46","modified_gmt":"2026-04-02T11:02:46","slug":"trail-terras-de-sal-e-serra-2026","status":"publish","type":"product","link":"https:\/\/racefinder.pt\/pt\/event\/trail-terras-de-sal-e-serra-2026\/","title":{"rendered":"TRAIL TERRAS DE SAL E SERRA 2026"},"content":{"rendered":"","protected":false},"excerpt":{"rendered":"","protected":false},"featured_media":39780,"comment_status":"open","ping_status":"closed","template":"","meta":{"_acf_changed":false,"footnotes":""},"product_brand":[],"product_cat":[140,129,139],"product_tag":[],"class_list":{"0":"post-40873","1":"product","2":"type-product","3":"status-publish","4":"has-post-thumbnail","6":"product_cat-caminhada","7":"product_cat-corrida","8":"product_cat-trail-run-pt","10":"first","11":"instock","12":"shipping-taxable","13":"purchasable","14":"product-type-variable"},"acf":{"event_location_text":"Rio Maior, Santar\u00e9m","event_short_description":"<p>O Trail Terras de Sal e Serra 2026 \u00e9 um evento de trail running que se realiza a 15 de novembro de 2026, em Rio Maior, distrito de Santar\u00e9m. O evento oferece tr\u00eas dist\u00e2ncias: Trail Longo com aproximadamente 32 km e 1400 metros de desn\u00edvel positivo, Trail Curto com cerca de 18 km e 800 metros de desn\u00edvel, e Mini Trail\/Caminhada com cerca de 11 km e 400 metros de desn\u00edvel.<\/p>\n<p>Todas as provas t\u00eam partida nas Salinas de Rio Maior e chegada no Pavilh\u00e3o Multiusos de Rio Maior, passando pela Serra dos Candeeiros. O Mini Trail\/Caminhada permite aos participantes optar por correr competitivamente ou caminhar para desfrutar da paisagem, com cronometragem e medalha finisher para todos.<\/p>\n<p>O evento inclui v\u00e1rias categorias et\u00e1rias para o Trail Longo e Trail Curto, sem categorias para o Mini Trail\/Caminhada, tornando-o acess\u00edvel a diversos participantes.<\/p>\n","organizer_description":"<p><strong><a class=\"\" href=\"https:\/\/drive.google.com\/file\/d\/1p0AffoM0b1SxGCZyiBEnb77K92z0lIwH\/view?usp=sharing\" target=\"_new\" rel=\"noopener\">Regulamento \u2197<\/a><\/strong><\/p>\n<p><strong>Escal\u00f5es\/categorias:<\/strong><br \/>\n\u2022 M Sub 23 \u2013 20 a 22 anos<br \/>\n\u2022 F Sub 23 \u2013 20 a 22 anos<br \/>\n\u2022 M Seniores \u2013 23 a 34 anos<br \/>\n\u2022 F Seniores \u2013 23 a 34 anos<br \/>\n\u2022 M35 \u2013 35 a 39 anos<br \/>\n\u2022 F35 \u2013 35 a 39 anos<br \/>\n\u2022 M40 \u2013 40 a 44 anos<br \/>\n\u2022 F40 \u2013 40 a 44 anos<br \/>\n\u2022 M45 \u2013 45 a 49 anos<br \/>\n\u2022 F45 \u2013 45 a 49 anos<br \/>\n\u2022 M50 \u2013 50 a 54 anos<br \/>\n\u2022 F50 \u2013 50 a 54 anos<br \/>\n\u2022 M55 \u2013 55 a 59 anos<br \/>\n\u2022 F55 \u2013 55 a 59 anos<br \/>\n\u2022 M60 \u2013 60 a 64 anos<br \/>\n\u2022 F60 \u2013 60 a 64 anos<br \/>\n\u2022 M65 \u2013 65 a 69 anos<br \/>\n\u2022 F65 \u2013 65 a 69 anos<br \/>\n\u2022 M70 \u2013 70 e mais anos<br \/>\n\u2022 F70 \u2013 70 e mais anos<\/p>\n<p><strong>Locais de partida\/chegada:<\/strong> Partida nas Salinas de Rio Maior, chegada no Pavilh\u00e3o Multiusos de Rio Maior<\/p>\n<p><strong>Hor\u00e1rios de partida por categoria\/dist\u00e2ncia:<\/strong><br \/>\n\u2022 Trail Longo: 09:00<br \/>\n\u2022 Trail Curto: 09:15<br \/>\n\u2022 Mini Trail\/Caminhada: 09:30<\/p>\n<p><strong>Levantamento de dorsais (data\/hora e local):<\/strong><br \/>\n\u2022 14 de novembro: 14h00\u201319h00<br \/>\n\u2022 15 de novembro: 07h00\u201308h30<br \/>\n\u2022 Local: Pavilh\u00e3o Multiusos de Rio Maior<\/p>\n<p><strong>Limite de participantes:<\/strong> 600 participantes no total para todas as provas<\/p>\n<p><strong>Prazo de inscri\u00e7\u00e3o:<\/strong> 6 de novembro de 2026<\/p>\n<p><strong>Tipos de piso:<\/strong> Caminhos rurais, trilhos individuais e terreno de serra<\/p>\n<p><strong>Formato do percurso:<\/strong> Ponto a ponto com locais de partida e chegada diferentes<\/p>\n<p><strong>Percursos:<\/strong><br \/>\n\u2022 Trail Longo: aprox. 32 km, 1400 m de desn\u00edvel<br \/>\n\u2022 Trail Curto: aprox. 18 km, 800 m de desn\u00edvel<br \/>\n\u2022 Mini Trail\/Caminhada: aprox. 11 km, 400 m de desn\u00edvel<\/p>\n<p><strong>M\u00e9todo de cronometragem:<\/strong> Cronometragem eletr\u00f3nica por chip<\/p>\n<p><strong>WC e localiza\u00e7\u00e3o dos abastecimentos:<\/strong> Acesso a abastecimentos s\u00f3lidos e l\u00edquidos<\/p>\n<p><strong>Estacionamento e shuttles:<\/strong> Transporte garantido do local de chegada para o local de partida em autocarro; uso obrigat\u00f3rio dos autocarros<\/p>\n<p><strong>Pr\u00e9mios:<\/strong><br \/>\n\u2022 Trail Longo e Trail Curto: 3 primeiros classificados gerais masculino e feminino, 3 primeiros de cada escal\u00e3o<br \/>\n\u2022 Mini Trail: 3 primeiros classificados gerais masculino e feminino<br \/>\n\u2022 Pr\u00e9mio especial para a equipa mais numerosa<\/p>\n","race_benefits":"<p>\ud83c\udfbd Kit do atleta: T-shirt oficial do evento, dorsal com chip<br \/>\n\ud83c\udfc5 Pr\u00e9mio de finalista: medalha finisher<br \/>\n\u23f1\ufe0f Cronometragem eletr\u00f3nica por chip por empresa especializada<br \/>\n\ud83d\udee1\ufe0f Seguro: seguro de acidentes pessoais e responsabilidade civil inclu\u00eddo<br \/>\n\ud83e\udd64 Abastecimentos: acesso a alimentos s\u00f3lidos e l\u00edquidos<\/p>\n","event_faq_headline":"FAQ","event_faq_items":[{"item_title":"Como fa\u00e7o a inscri\u00e7\u00e3o para o evento?","item_description":"A inscri\u00e7\u00e3o \u00e9 feita online em www.recordepessoal.pt, preenchendo um formul\u00e1rio e pagando via refer\u00eancia multibanco."},{"item_title":"Posso optar por caminhar em vez de correr?","item_description":"Sim, o Mini Trail\/Caminhada permite que os participantes caminhem ou corram, com cronometragem e medalha finisher."},{"item_title":"Onde e quando fa\u00e7o o levantamento do dorsal?","item_description":"O levantamento do dorsal \u00e9 no Pavilh\u00e3o Multiusos de Rio Maior, dia 14 de novembro das 14h \u00e0s 19h e dia 15 de novembro das 7h \u00e0s 8h30."},{"item_title":"H\u00e1 transporte entre a partida e a chegada?","item_description":"Sim, h\u00e1 autocarros que transportam os participantes do local de chegada para o local de partida; o uso \u00e9 obrigat\u00f3rio."},{"item_title":"Qual o material obrigat\u00f3rio para a prova?","item_description":"Dorsal vis\u00edvel, telem\u00f3vel operacional, cal\u00e7ado apropriado para trail, recipiente para \u00e1gua (1L para Trail Longo, 0,5L para os outros), apito e copo para abastecimentos."}],"event_date_start":"20261115","event_date_end":"20261115","event_start_time":"","event_country":"portugal","event_ticket_url":"https:\/\/www.recordepessoal.pt\/evento\/trailterrasdesaleserra2026","event_latitude":"39.3373","event_longitude":"-8.939","event_rating":"","is_hot_event":false,"event_participants_count":"0","organizer_avatar":false,"event_gallery":false,"purchasing_all_variations_through_woocommerce":false,"optional_extras":false,"organizer_website":{"title":"","url":"","target":"","0":""}},"_links":{"self":[{"href":"https:\/\/racefinder.pt\/pt\/wp-json\/wp\/v2\/product\/40873","targetHints":{"allow":["GET"]}}],"collection":[{"href":"https:\/\/racefinder.pt\/pt\/wp-json\/wp\/v2\/product"}],"about":[{"href":"https:\/\/racefinder.pt\/pt\/wp-json\/wp\/v2\/types\/product"}],"replies":[{"embeddable":true,"href":"https:\/\/racefinder.pt\/pt\/wp-json\/wp\/v2\/comments?post=40873"}],"version-history":[{"count":1,"href":"https:\/\/racefinder.pt\/pt\/wp-json\/wp\/v2\/product\/40873\/revisions"}],"predecessor-version":[{"id":40874,"href":"https:\/\/racefinder.pt\/pt\/wp-json\/wp\/v2\/product\/40873\/revisions\/40874"}],"wp:featuredmedia":[{"embeddable":true,"href":"https:\/\/racefinder.pt\/pt\/wp-json\/wp\/v2\/media\/39780"}],"wp:attachment":[{"href":"https:\/\/racefinder.pt\/pt\/wp-json\/wp\/v2\/media?parent=40873"}],"wp:term":[{"taxonomy":"product_brand","embeddable":true,"href":"https:\/\/racefinder.pt\/pt\/wp-json\/wp\/v2\/product_brand?post=40873"},{"taxonomy":"product_cat","embeddable":true,"href":"https:\/\/racefinder.pt\/pt\/wp-json\/wp\/v2\/product_cat?post=40873"},{"taxonomy":"product_tag","embeddable":true,"href":"https:\/\/racefinder.pt\/pt\/wp-json\/wp\/v2\/product_tag?post=40873"}],"curies":[{"name":"wp","href":"https:\/\/api.w.org\/{rel}","templated":true}]}}