{"id":40605,"date":"2026-03-31T00:23:34","date_gmt":"2026-03-30T23:23:34","guid":{"rendered":"https:\/\/racefinder.pt\/?post_type=product&#038;p=40605"},"modified":"2026-03-31T09:43:16","modified_gmt":"2026-03-31T08:43:16","slug":"47a-corrida-da-liberdade-custoias","status":"publish","type":"product","link":"https:\/\/racefinder.pt\/pt\/event\/47a-corrida-da-liberdade-custoias\/","title":{"rendered":"47\u00aa CORRIDA DA LIBERDADE &#8211; CUST\u00d3IAS"},"content":{"rendered":"","protected":false},"excerpt":{"rendered":"","protected":false},"featured_media":39668,"comment_status":"open","ping_status":"closed","template":"","meta":{"_acf_changed":false,"footnotes":""},"product_brand":[],"product_cat":[140,129,225,2697,161],"product_tag":[],"class_list":{"0":"post-40605","1":"product","2":"type-product","3":"status-publish","4":"has-post-thumbnail","6":"product_cat-caminhada","7":"product_cat-corrida","8":"product_cat-10-km-pt","9":"product_cat-jovens","10":"product_cat-kids-pt","12":"first","13":"instock","14":"shipping-taxable","15":"purchasable","16":"product-type-variable"},"acf":{"event_location_text":"Matosinhos, Porto","event_short_description":"<p>A 47\u00aa Corrida da Liberdade realiza-se a 25 de abril de 2026, no Largo do Souto, em Cust\u00f3ias. O evento inclui v\u00e1rias dist\u00e2ncias, desde 800 metros para as categorias mais jovens, at\u00e9 10.000 metros para seniores e veteranos, al\u00e9m de uma caminhada de 5.000 metros.<\/p>\n<p>A prova est\u00e1 aberta a atletas federados e n\u00e3o federados, organiza\u00e7\u00f5es populares e escolas. A inscri\u00e7\u00e3o \u00e9 gratuita, mediante a entrega de um bem alimentar para institui\u00e7\u00f5es locais. O evento integra as comemora\u00e7\u00f5es do 52\u00ba Anivers\u00e1rio da Revolu\u00e7\u00e3o dos Cravos, promovendo um ambiente comunit\u00e1rio e festivo.<\/p>\n<p>Existem classifica\u00e7\u00f5es individuais e coletivas, com pr\u00e9mios para os melhores classificados, incluindo vales de compras e trof\u00e9us. O evento \u00e9 inclusivo, com categorias para todas as idades e g\u00e9neros.<\/p>\n","organizer_description":"<p><strong><a class=\"\" href=\"https:\/\/www.desportave.pt\/data\/_formacao\/209_REGULAMENTO.pdf\" target=\"_new\" rel=\"noopener\">Regulamento \u2197<\/a><\/strong><\/p>\n<p><strong>Escal\u00f5es\/categorias:<\/strong><br \/>\n\u2022 Benjamins A (2017-2020) \u2013 800 m<br \/>\n\u2022 Benjamins B (2015-2016) \u2013 800 m<br \/>\n\u2022 Infantis (2013-2014) \u2013 1.600 m<br \/>\n\u2022 Iniciados (2011-2012) \u2013 2.000 m<br \/>\n\u2022 Juvenis (2009-2010) \u2013 3.000 m<br \/>\n\u2022 Juniores (2007-2008) \u2013 10.000 m<br \/>\n\u2022 Seniores (2006 e anteriores) \u2013 10.000 m<br \/>\n\u2022 Veteranas F40 (40-44 anos) \u2013 10.000 m<br \/>\n\u2022 Veteranas F45 (45-49 anos) \u2013 10.000 m<br \/>\n\u2022 Veteranas F50 (50-54 anos) \u2013 10.000 m<br \/>\n\u2022 Veteranas F55 (+55 anos) \u2013 10.000 m<br \/>\n\u2022 Veteranos M40 (40-44 anos) \u2013 10.000 m<br \/>\n\u2022 Veteranos M45 (45-49 anos) \u2013 10.000 m<br \/>\n\u2022 Veteranos M50 (50-54 anos) \u2013 10.000 m<br \/>\n\u2022 Veteranos M55 (+55 anos) \u2013 10.000 m<br \/>\n\u2022 Caminhada (todos) \u2013 5.000 m<\/p>\n<p><strong>Locais de partida\/chegada:<\/strong> Largo do Souto, Cust\u00f3ias<\/p>\n<p><strong>Hor\u00e1rios de partida por categoria\/dist\u00e2ncia:<\/strong><br \/>\n\u2022 09:15 \u2013 Benjamins A<br \/>\n\u2022 09:25 \u2013 Benjamins B<br \/>\n\u2022 09:40 \u2013 Infantis<br \/>\n\u2022 10:00 \u2013 Juvenis<br \/>\n\u2022 10:30 \u2013 Juniores, Seniores, Veteranas (F40-F55), Veteranos (M40-M55)<br \/>\n\u2022 10:35 \u2013 Caminhada<\/p>\n<p><strong>Levantamento de dorsais (data\/hora e local):<\/strong><br \/>\n\u2022 24 de abril, 17:00\u201321:00<br \/>\n\u2022 25 de abril, a partir das 07:30 no Largo do Souto \u2013 Cust\u00f3ias<\/p>\n<p><strong>Prazo de inscri\u00e7\u00e3o:<\/strong> 21 de abril de 2026<\/p>\n<p><strong>Pr\u00e9mios:<\/strong> Vales monet\u00e1rios (Continente) e trof\u00e9us para classifica\u00e7\u00f5es individuais e coletivas<\/p>\n<p><strong>Rotas da prova:<\/strong> Dist\u00e2ncias conforme categorias, com partida e chegada no Largo do Souto<\/p>\n","race_benefits":"<p>\ud83d\udee1\ufe0f Seguro: seguro desportivo que cobre morte, invalidez permanente e despesas de tratamento para participantes n\u00e3o federados<br \/>\n\ud83c\udfc6 Pr\u00e9mios: vales de compras monet\u00e1rios (Continente) e trof\u00e9us para os melhores classificados nas categorias individuais e coletivas<\/p>\n","event_faq_headline":"FAQ","event_faq_items":[{"item_title":"Como posso inscrever-me no evento?","item_description":"A inscri\u00e7\u00e3o \u00e9 gratuita e deve ser feita online em www.desportave.pt at\u00e9 21 de abril de 2026. Os participantes devem levar um bem alimentar para doa\u00e7\u00e3o na recolha do dorsal."},{"item_title":"As crian\u00e7as podem participar?","item_description":"Sim, existem categorias para crian\u00e7as, incluindo Benjamins A e B, Infantis e Iniciados, com dist\u00e2ncias entre 800 metros e 2.000 metros."},{"item_title":"Como fa\u00e7o para levantar o meu dorsal?","item_description":"Os dorsais podem ser levantados no dia 24 de abril, das 17:00 \u00e0s 21:00, ou no dia da prova a partir das 07:30 no Largo do Souto, Cust\u00f3ias."},{"item_title":"Existe seguro para os participantes?","item_description":"Sim, os participantes n\u00e3o federados t\u00eam cobertura de seguro desportivo que inclui morte, invalidez permanente e despesas de tratamento."},{"item_title":"Existem pr\u00e9mios para os vencedores?","item_description":"Sim, h\u00e1 pr\u00e9mios monet\u00e1rios em vales de compras e trof\u00e9us para os tr\u00eas primeiros classificados de cada categoria e para as equipas."}],"event_date_start":"20260425","event_date_end":"20260425","event_start_time":"","event_country":"portugal","event_ticket_url":"https:\/\/www.desportave.pt\/events.file.php?cid=209","event_latitude":"41.2029","event_longitude":"-8.6419","event_rating":"","is_hot_event":false,"event_participants_count":"0","organizer_avatar":false,"event_gallery":false,"purchasing_all_variations_through_woocommerce":false,"optional_extras":false,"organizer_website":{"title":"","url":"","target":"","0":""}},"_links":{"self":[{"href":"https:\/\/racefinder.pt\/pt\/wp-json\/wp\/v2\/product\/40605","targetHints":{"allow":["GET"]}}],"collection":[{"href":"https:\/\/racefinder.pt\/pt\/wp-json\/wp\/v2\/product"}],"about":[{"href":"https:\/\/racefinder.pt\/pt\/wp-json\/wp\/v2\/types\/product"}],"replies":[{"embeddable":true,"href":"https:\/\/racefinder.pt\/pt\/wp-json\/wp\/v2\/comments?post=40605"}],"version-history":[{"count":1,"href":"https:\/\/racefinder.pt\/pt\/wp-json\/wp\/v2\/product\/40605\/revisions"}],"predecessor-version":[{"id":40606,"href":"https:\/\/racefinder.pt\/pt\/wp-json\/wp\/v2\/product\/40605\/revisions\/40606"}],"wp:featuredmedia":[{"embeddable":true,"href":"https:\/\/racefinder.pt\/pt\/wp-json\/wp\/v2\/media\/39668"}],"wp:attachment":[{"href":"https:\/\/racefinder.pt\/pt\/wp-json\/wp\/v2\/media?parent=40605"}],"wp:term":[{"taxonomy":"product_brand","embeddable":true,"href":"https:\/\/racefinder.pt\/pt\/wp-json\/wp\/v2\/product_brand?post=40605"},{"taxonomy":"product_cat","embeddable":true,"href":"https:\/\/racefinder.pt\/pt\/wp-json\/wp\/v2\/product_cat?post=40605"},{"taxonomy":"product_tag","embeddable":true,"href":"https:\/\/racefinder.pt\/pt\/wp-json\/wp\/v2\/product_tag?post=40605"}],"curies":[{"name":"wp","href":"https:\/\/api.w.org\/{rel}","templated":true}]}}