{"id":40180,"date":"2026-03-27T23:06:59","date_gmt":"2026-03-27T23:06:59","guid":{"rendered":"https:\/\/racefinder.pt\/?post_type=product&#038;p=40180"},"modified":"2026-03-30T12:27:02","modified_gmt":"2026-03-30T11:27:02","slug":"milha-urbana-cidade-de-ovar","status":"publish","type":"product","link":"https:\/\/racefinder.pt\/pt\/event\/milha-urbana-cidade-de-ovar\/","title":{"rendered":"Milha Urbana Cidade de Ovar"},"content":{"rendered":"","protected":false},"excerpt":{"rendered":"","protected":false},"featured_media":39761,"comment_status":"open","ping_status":"closed","template":"","meta":{"_acf_changed":false,"footnotes":""},"product_brand":[],"product_cat":[129,246,2697,161],"product_tag":[],"class_list":{"0":"post-40180","1":"product","2":"type-product","3":"status-publish","4":"has-post-thumbnail","6":"product_cat-corrida","7":"product_cat-corrida-de-rua","8":"product_cat-jovens","9":"product_cat-kids-pt","11":"first","12":"instock","13":"shipping-taxable","14":"purchasable","15":"product-type-variable"},"acf":{"event_location_text":"Ovar, Aveiro","event_short_description":"<p>A 22\u00aa Milha Urbana Cidade de Ovar realiza-se a 9 de maio de 2026, em Ovar, Portugal. A prova principal tem a dist\u00e2ncia padr\u00e3o de uma milha (1609 metros), com provas adicionais para categorias mais jovens.<\/p>\n<p>Aberta a todos os atletas, federados ou populares, a corrida acolhe participantes de todas as idades e capacidades, incluindo categorias adaptadas. Organizada pela Habitovar &#8211; Cooperativa, C.R.L., com apoio das associa\u00e7\u00f5es locais de atletismo e autarquias.<\/p>\n<p>O percurso \u00e9 plano, asfaltado e totalmente vedado ao tr\u00e2nsito, proporcionando um ambiente urbano seguro e r\u00e1pido. O evento inclui v\u00e1rias categorias et\u00e1rias e provas adaptadas, criando uma atmosfera festiva e inclusiva com pr\u00e9mios individuais e coletivos.<\/p>\n","organizer_description":"<p><strong><a class=\"\" href=\"https:\/\/s3.lap2go.com\/events\/2026\/milha-urbana-cidade-ovar\/Regulamento-milha-urbana-cidade-ovar-2026-min.pdf\" target=\"_new\" rel=\"noopener\">Regulamento \u2197<\/a><\/strong><\/p>\n<p><strong>Escal\u00f5es\/categorias:<\/strong><br \/>\n\u2022 Minis (2019-2020) Masculinos e Femininos<br \/>\n\u2022 Benjamins A (2017-2018) Masculinos e Femininos<br \/>\n\u2022 Benjamins B (2015-2016) Masculinos e Femininos<br \/>\n\u2022 Infantis (2013-2014) Masculinos e Femininos<br \/>\n\u2022 Iniciados (2011-2012) Masculinos e Femininos<br \/>\n\u2022 Juvenis (2009-2010) Masculinos e Femininos<br \/>\n\u2022 Juniores (2007-2008) Masculinos e Femininos<br \/>\n\u2022 Seniores (2006 at\u00e9 34 anos) Masculinos e Femininos<br \/>\n\u2022 Veteranos I (35 a 49 anos) Masculinos e Femininos<br \/>\n\u2022 Veteranos II (50+ anos) Masculinos e Femininos<\/p>\n<p><strong>Locais de partida\/chegada:<\/strong> Alameda do Poder Local Cidade de Ovar<\/p>\n<p><strong>Hor\u00e1rios de partida por categoria\/dist\u00e2ncia:<\/strong><br \/>\n\u2022 14:30 &#8211; Veteranos II (1609m)<br \/>\n\u2022 14:40 &#8211; Veteranos I (1609m)<br \/>\n\u2022 14:50 &#8211; Seniores (1609m)<br \/>\n\u2022 15:00 &#8211; Juniores (1609m)<br \/>\n\u2022 15:10 &#8211; Juvenis (1609m)<br \/>\n\u2022 15:20 &#8211; Iniciados (1609m)<br \/>\n\u2022 15:30 &#8211; Milha Nacional ANDDI (1609m)<br \/>\n\u2022 15:40 &#8211; Atividade Adaptada e S\u00edndrome de Down ANDDI (500m)<br \/>\n\u2022 16:30 &#8211; Infantis (900m)<br \/>\n\u2022 16:40 &#8211; Minis (500m)<br \/>\n\u2022 16:50 &#8211; Benjamins A (500m)<br \/>\n\u2022 17:00 &#8211; Benjamins B (500m)<\/p>\n<p><strong>Levantamento de dorsais (data\/hora e local):<\/strong><br \/>\n\u2022 7 e 8 de maio, 9:00\u201318:00 no Centro Social da Habitovar, Avenida Ant\u00f3nio S\u00e9rgio, 425, Ovar<br \/>\n\u2022 9 de maio a partir das 10:00 no local da prova, Alameda do Poder Local, Ovar<\/p>\n<p><strong>Tipos de piso:<\/strong> Estrada urbana asfaltada, plana<\/p>\n<p><strong>Formato do percurso:<\/strong> Uma volta de 1609 metros (uma milha), totalmente vedado ao tr\u00e2nsito e sinalizado<\/p>\n<p><strong>WC e localiza\u00e7\u00e3o dos abastecimentos:<\/strong> Duches e balne\u00e1rios dispon\u00edveis no pavilh\u00e3o desportivo da Escola EB2\/3 Ant\u00f3nio Dias Sim\u00f5es pr\u00f3ximo ao circuito<\/p>\n<p><strong>Pr\u00e9mios:<\/strong> Pr\u00e9mios monet\u00e1rios para os 3 primeiros classificados individuais nas categorias Juniores, Seniores e Veteranos (1\u00ba: 100\u20ac, 2\u00ba: 60\u20ac, 3\u00ba: 40\u20ac), trof\u00e9us e pr\u00e9mios monet\u00e1rios para as 3 melhores equipas, ins\u00edgnias simb\u00f3licas para os 3 primeiros de cada escal\u00e3o, T-shirt e saco com lembran\u00e7as para todos os participantes<\/p>\n","race_benefits":"<p>\ud83c\udfbd Kit do atleta: dorsal e T-shirt de participa\u00e7\u00e3o<br \/>\n\ud83c\udfc5 Pr\u00e9mio de finalista: T-shirt e saco com lembran\u00e7as para todos os participantes<br \/>\n\u23f1\ufe0f Cronometragem eletr\u00f3nica com classifica\u00e7\u00e3o justa por categoria e g\u00e9nero<br \/>\n\ud83d\udedf Apoio de seguran\u00e7a: percurso controlado pela pol\u00edcia de Ovar e volunt\u00e1rios<br \/>\n\ud83d\udebf Duches e balne\u00e1rios dispon\u00edveis no pavilh\u00e3o desportivo pr\u00f3ximo<br \/>\n\ud83c\udfc6 Pr\u00e9mios monet\u00e1rios e trof\u00e9us para os melhores classificados individuais e coletivos<\/p>\n","event_faq_headline":"FAQ","event_faq_items":[{"item_title":"Como posso inscrever-me no evento?","item_description":"As inscri\u00e7\u00f5es s\u00e3o feitas exclusivamente online em https:\/\/lap2go.com at\u00e9 3 de maio de 2026. Para as categorias ANDDI, a inscri\u00e7\u00e3o \u00e9 por email para milhaurbanaovar@gmail.com."},{"item_title":"As crian\u00e7as podem participar?","item_description":"Sim, existem v\u00e1rias categorias jovens desde Minis at\u00e9 Juvenis, com dist\u00e2ncias entre 500m e 900m."},{"item_title":"Como fa\u00e7o para levantar o dorsal e a T-shirt?","item_description":"Os dorsais e T-shirts podem ser levantados nos dias 7 e 8 de maio no Centro Social da Habitovar das 9:00 \u00e0s 18:00, ou no dia da prova a partir das 10:00 no local do evento."},{"item_title":"Como \u00e9 o percurso da prova?","item_description":"O percurso \u00e9 plano, asfaltado, urbano, com 1609 metros, totalmente vedado ao tr\u00e2nsito e controlado pela pol\u00edcia."},{"item_title":"H\u00e1 pr\u00e9mios para os vencedores?","item_description":"Sim, h\u00e1 pr\u00e9mios monet\u00e1rios para os 3 primeiros classificados individuais nas categorias Juniores, Seniores e Veteranos, al\u00e9m de trof\u00e9us para as melhores equipas e ins\u00edgnias simb\u00f3licas para os vencedores de cada escal\u00e3o."}],"event_date_start":"20260509","event_date_end":"20260509","event_start_time":"","event_country":"portugal","event_ticket_url":"https:\/\/lap2go.com\/pt\/event\/milha-urbana-cidade-ovar-2026","event_latitude":"40.8697","event_longitude":"-8.6246","event_rating":"","is_hot_event":false,"event_participants_count":"0","organizer_avatar":false,"event_gallery":false,"purchasing_all_variations_through_woocommerce":false,"optional_extras":false,"organizer_website":{"title":"","url":"","target":"","0":""}},"_links":{"self":[{"href":"https:\/\/racefinder.pt\/pt\/wp-json\/wp\/v2\/product\/40180","targetHints":{"allow":["GET"]}}],"collection":[{"href":"https:\/\/racefinder.pt\/pt\/wp-json\/wp\/v2\/product"}],"about":[{"href":"https:\/\/racefinder.pt\/pt\/wp-json\/wp\/v2\/types\/product"}],"replies":[{"embeddable":true,"href":"https:\/\/racefinder.pt\/pt\/wp-json\/wp\/v2\/comments?post=40180"}],"version-history":[{"count":1,"href":"https:\/\/racefinder.pt\/pt\/wp-json\/wp\/v2\/product\/40180\/revisions"}],"predecessor-version":[{"id":40181,"href":"https:\/\/racefinder.pt\/pt\/wp-json\/wp\/v2\/product\/40180\/revisions\/40181"}],"wp:featuredmedia":[{"embeddable":true,"href":"https:\/\/racefinder.pt\/pt\/wp-json\/wp\/v2\/media\/39761"}],"wp:attachment":[{"href":"https:\/\/racefinder.pt\/pt\/wp-json\/wp\/v2\/media?parent=40180"}],"wp:term":[{"taxonomy":"product_brand","embeddable":true,"href":"https:\/\/racefinder.pt\/pt\/wp-json\/wp\/v2\/product_brand?post=40180"},{"taxonomy":"product_cat","embeddable":true,"href":"https:\/\/racefinder.pt\/pt\/wp-json\/wp\/v2\/product_cat?post=40180"},{"taxonomy":"product_tag","embeddable":true,"href":"https:\/\/racefinder.pt\/pt\/wp-json\/wp\/v2\/product_tag?post=40180"}],"curies":[{"name":"wp","href":"https:\/\/api.w.org\/{rel}","templated":true}]}}