{"id":40022,"date":"2026-03-26T23:32:06","date_gmt":"2026-03-26T23:32:06","guid":{"rendered":"https:\/\/racefinder.pt\/?post_type=product&#038;p=40022"},"modified":"2026-03-27T11:44:17","modified_gmt":"2026-03-27T11:44:17","slug":"vitalis-kids-challenge-by-hyundai-3a-etapa","status":"publish","type":"product","link":"https:\/\/racefinder.pt\/pt\/event\/vitalis-kids-challenge-by-hyundai-3a-etapa\/","title":{"rendered":"Vitalis Kids Challenge By Hyundai 3\u00aa Etapa"},"content":{"rendered":"","protected":false},"excerpt":{"rendered":"","protected":false},"featured_media":40081,"comment_status":"open","ping_status":"closed","template":"","meta":{"_acf_changed":false,"footnotes":""},"product_brand":[],"product_cat":[129,2697,161],"product_tag":[],"class_list":{"0":"post-40022","1":"product","2":"type-product","3":"status-publish","4":"has-post-thumbnail","6":"product_cat-corrida","7":"product_cat-jovens","8":"product_cat-kids-pt","10":"first","11":"instock","12":"shipping-taxable","13":"purchasable","14":"product-type-variable"},"acf":{"event_location_text":"Porto","event_short_description":"<p>O Vitalis Kids Challenge by Hyundai 3\u00aa Etapa \u00e9 uma prova gratuita de atletismo para crian\u00e7as nascidas entre 2009 e 2023, que promove a pr\u00e1tica desportiva e h\u00e1bitos de vida saud\u00e1veis desde cedo. Realiza-se no dia 7 de junho de 2026, a partir das 9h30, na pista de atletismo do Inatel Parque de Jogos Ramalde.<\/p>\n<p>O evento apresenta v\u00e1rias dist\u00e2ncias conforme as categorias et\u00e1rias, desde 600 metros at\u00e9 3000 metros, todas realizadas na pista de atletismo. Est\u00e1 aberto a todas as crian\u00e7as dentro das faixas et\u00e1rias indicadas, independentemente da filia\u00e7\u00e3o a clubes.<\/p>\n<p>Os participantes recebem medalha e t-shirt do evento, com classifica\u00e7\u00f5es individuais e pr\u00e9mios para os tr\u00eas primeiros de cada escal\u00e3o, criando uma atmosfera festiva e motivadora para os jovens atletas.<\/p>\n","organizer_description":"<p><strong><a class=\"\" href=\"https:\/\/runporto.com\/pt\/eventos\/vitalis-kids-challenge\/2026\/vitalis-kids-challenge-hyundai-3-etapa\/regulamento\/\" target=\"_new\" rel=\"noopener\">Regulamento \u2197<\/a><\/strong><\/p>\n<p><strong>Locais de partida\/chegada:<\/strong> Inatel Parque de Jogos Ramalde, pista de atletismo<\/p>\n<p><strong>Hor\u00e1rios de partida por categoria\/dist\u00e2ncia:<\/strong><br \/>\n\u2022 9h30 Juvenis Masc\/Fem (2009\/2010) 3000 m (7,5 voltas)<br \/>\n\u2022 9h50 Iniciados Femininos (2011\/2012) 2000 m (5 voltas)<br \/>\n\u2022 10h05 Iniciados Masculinos (2011\/2012) 2000 m (5 voltas)<br \/>\n\u2022 10h20 Infantis Feminino (2013\/2014) 1400 m (3,5 voltas)<br \/>\n\u2022 10h30 Infantis Masculino (2013\/2014) 1400 m (3,5 voltas)<br \/>\n\u2022 10h40 Benjamins B Feminino (2015\/2016) 800 m (2 voltas)<br \/>\n\u2022 10h50 Benjamins B Masculino (2015\/2016) 800 m (2 voltas)<br \/>\n\u2022 11h00 Benjamins A Feminino (2017 a 2023) 600 m (1,5 voltas)<br \/>\n\u2022 11h10 Benjamins A Masculino (2017 a 2023) 600 m (1,5 voltas)<\/p>\n<p><strong>Levantamento de dorsais (data\/hora e local):<\/strong> No dia do evento, das 8h30 at\u00e9 30 minutos antes de cada prova, no Inatel Parque de Jogos Ramalde<\/p>\n<p><strong>Prazo de inscri\u00e7\u00e3o:<\/strong> 4 de junho de 2026 ou at\u00e9 atingir o limite de inscri\u00e7\u00f5es<\/p>\n<p><strong>Limite de participantes:<\/strong> Inscri\u00e7\u00f5es gratuitas e limitadas<\/p>\n<p><strong>Pr\u00e9mios:<\/strong> Medalhas e t-shirts para todos os participantes; classifica\u00e7\u00e3o individual com pr\u00e9mios para os 3 primeiros de cada escal\u00e3o<\/p>\n","race_benefits":"<p>\ud83c\udfbd Kit do atleta: dorsal, t-shirt do evento<br \/>\n\ud83c\udfc5 Pr\u00e9mio de finalista: medalha e t-shirt do evento<br \/>\n\ud83d\udee1\ufe0f Seguro: seguro desportivo nominal para todos os participantes<br \/>\n\ud83c\udfc6 Pr\u00e9mios: classifica\u00e7\u00e3o individual com pr\u00e9mios para os 3 primeiros de cada escal\u00e3o<\/p>\n","event_faq_headline":"FAQ","event_faq_items":[{"item_title":"Como fa\u00e7o a inscri\u00e7\u00e3o para o evento?","item_description":"As inscri\u00e7\u00f5es s\u00e3o gratuitas e podem ser feitas online em www.runporto.com, na Loja do Corredor ou por telefone\/fax. O prazo termina a 4 de junho de 2026 ou at\u00e9 ao limite de inscri\u00e7\u00f5es."},{"item_title":"As crian\u00e7as de todas as idades podem participar?","item_description":"Sim, crian\u00e7as nascidas entre 2009 e 2023 podem participar nas respetivas categorias et\u00e1rias."},{"item_title":"Onde e quando levantar o dorsal?","item_description":"Os dorsais podem ser levantados no dia do evento, das 8h30 at\u00e9 30 minutos antes de cada prova, na pista de atletismo do Inatel Parque de Jogos Ramalde."},{"item_title":"Existe cobertura de seguro?","item_description":"Sim, a organiza\u00e7\u00e3o fornece seguro desportivo nominal para todos os participantes."},{"item_title":"H\u00e1 pr\u00e9mios para as corridas?","item_description":"Sim, existem classifica\u00e7\u00f5es individuais com pr\u00e9mios para os tr\u00eas primeiros classificados de cada escal\u00e3o."}],"event_date_start":"20260607","event_date_end":"20260607","event_start_time":"","event_country":"portugal","event_ticket_url":"https:\/\/runporto.com\/pt\/eventos\/vitalis-kids-challenge\/2026\/vitalis-kids-challenge-hyundai-3-etapa\/","event_rating":"","is_hot_event":false,"event_participants_count":"0","organizer_avatar":false,"event_gallery":false,"purchasing_all_variations_through_woocommerce":false,"optional_extras":false,"event_latitude":"41.1680","event_longitude":"-8.6565","organizer_website":{"title":"","url":"","target":"","0":""}},"_links":{"self":[{"href":"https:\/\/racefinder.pt\/pt\/wp-json\/wp\/v2\/product\/40022","targetHints":{"allow":["GET"]}}],"collection":[{"href":"https:\/\/racefinder.pt\/pt\/wp-json\/wp\/v2\/product"}],"about":[{"href":"https:\/\/racefinder.pt\/pt\/wp-json\/wp\/v2\/types\/product"}],"replies":[{"embeddable":true,"href":"https:\/\/racefinder.pt\/pt\/wp-json\/wp\/v2\/comments?post=40022"}],"version-history":[{"count":2,"href":"https:\/\/racefinder.pt\/pt\/wp-json\/wp\/v2\/product\/40022\/revisions"}],"predecessor-version":[{"id":40098,"href":"https:\/\/racefinder.pt\/pt\/wp-json\/wp\/v2\/product\/40022\/revisions\/40098"}],"wp:featuredmedia":[{"embeddable":true,"href":"https:\/\/racefinder.pt\/pt\/wp-json\/wp\/v2\/media\/40081"}],"wp:attachment":[{"href":"https:\/\/racefinder.pt\/pt\/wp-json\/wp\/v2\/media?parent=40022"}],"wp:term":[{"taxonomy":"product_brand","embeddable":true,"href":"https:\/\/racefinder.pt\/pt\/wp-json\/wp\/v2\/product_brand?post=40022"},{"taxonomy":"product_cat","embeddable":true,"href":"https:\/\/racefinder.pt\/pt\/wp-json\/wp\/v2\/product_cat?post=40022"},{"taxonomy":"product_tag","embeddable":true,"href":"https:\/\/racefinder.pt\/pt\/wp-json\/wp\/v2\/product_tag?post=40022"}],"curies":[{"name":"wp","href":"https:\/\/api.w.org\/{rel}","templated":true}]}}