{"id":40004,"date":"2026-03-26T23:28:08","date_gmt":"2026-03-26T23:28:08","guid":{"rendered":"https:\/\/racefinder.pt\/?post_type=product&#038;p=40004"},"modified":"2026-03-27T11:44:02","modified_gmt":"2026-03-27T11:44:02","slug":"vitalis-kids-challenge-by-hyundai-2a-etapa","status":"publish","type":"product","link":"https:\/\/racefinder.pt\/pt\/event\/vitalis-kids-challenge-by-hyundai-2a-etapa\/","title":{"rendered":"Vitalis Kids Challenge By Hyundai 2\u00aa Etapa"},"content":{"rendered":"","protected":false},"excerpt":{"rendered":"","protected":false},"featured_media":40083,"comment_status":"open","ping_status":"closed","template":"","meta":{"_acf_changed":false,"footnotes":""},"product_brand":[],"product_cat":[129,2697,161],"product_tag":[],"class_list":{"0":"post-40004","1":"product","2":"type-product","3":"status-publish","4":"has-post-thumbnail","6":"product_cat-corrida","7":"product_cat-jovens","8":"product_cat-kids-pt","10":"first","11":"instock","12":"shipping-taxable","13":"purchasable","14":"product-type-variable"},"acf":{"event_location_text":"Porto","event_short_description":"<p>O Vitalis Kids Challenge by Hyundai 2\u00aa Etapa \u00e9 uma prova gratuita de atletismo para crian\u00e7as nascidas entre 2009 e 2023, que promove a pr\u00e1tica desportiva e h\u00e1bitos de vida saud\u00e1veis desde cedo. Realiza-se no dia 3 de maio de 2026, a partir das 9h30, na pista de atletismo do Inatel Parque de Jogos Ramalde.<\/p>\n<p>O evento apresenta v\u00e1rias dist\u00e2ncias de corrida conforme as categorias et\u00e1rias, desde 600 metros at\u00e9 3000 metros, todas realizadas na pista de atletismo. A participa\u00e7\u00e3o est\u00e1 aberta a todas as crian\u00e7as dentro das faixas et\u00e1rias indicadas, independentemente da filia\u00e7\u00e3o a clubes.<\/p>\n<p>Todos os participantes recebem medalha e t-shirt do evento, com classifica\u00e7\u00f5es individuais para os tr\u00eas primeiros de cada escal\u00e3o. A prova promove um ambiente familiar e inclusivo, incentivando o envolvimento dos jovens no atletismo.<\/p>\n","organizer_description":"<p><strong><a class=\"\" href=\"https:\/\/runporto.com\/pt\/eventos\/vitalis-kids-challenge\/2026\/vitalis-kids-challenge-hyundai-2-etapa\/regulamento\/\" target=\"_new\" rel=\"noopener\">Regulamento \u2197<\/a><\/strong><\/p>\n<p><strong>Locais de partida\/chegada:<\/strong> Pista de atletismo do Inatel Parque de Jogos Ramalde<\/p>\n<p><strong>Hor\u00e1rios de partida por categoria\/dist\u00e2ncia:<\/strong><br \/>\n\u2022 9h30 Juvenis Masc\/Fem (2009\/2010) 3000 m (7,5 voltas)<br \/>\n\u2022 9h50 Iniciados Feminino (2011\/2012) 2000 m (5 voltas)<br \/>\n\u2022 10h05 Iniciados Masculino (2011\/2012) 2000 m (5 voltas)<br \/>\n\u2022 10h20 Infantis Feminino (2013\/2014) 1400 m (3,5 voltas)<br \/>\n\u2022 10h30 Infantis Masculino (2013\/2014) 1400 m (3,5 voltas)<br \/>\n\u2022 10h40 Benjamins B Feminino (2015\/2016) 800 m (2 voltas)<br \/>\n\u2022 10h50 Benjamins B Masculino (2015\/2016) 800 m (2 voltas)<br \/>\n\u2022 11h00 Benjamins A Feminino (2017 a 2023) 600 m (1,5 voltas)<br \/>\n\u2022 11h10 Benjamins A Masculino (2017 a 2023) 600 m (1,5 voltas)<\/p>\n<p><strong>Levantamento de dorsais (data\/hora e local):<\/strong> No dia do evento, das 8h30 at\u00e9 30 minutos antes da respetiva prova, na pista de atletismo do Inatel Parque de Jogos Ramalde<\/p>\n<p><strong>Prazo de inscri\u00e7\u00e3o:<\/strong> 30 de abril de 2026 ou at\u00e9 atingir o limite de inscri\u00e7\u00f5es<\/p>\n<p><strong>Limite de participantes:<\/strong> Inscri\u00e7\u00f5es gratuitas e limitadas<\/p>\n<p><strong>Tipos de piso:<\/strong> Pista de atletismo<\/p>\n<p><strong>Pr\u00e9mios:<\/strong> Medalhas e t-shirts para todos os participantes; classifica\u00e7\u00f5es individuais para os 3 primeiros de cada escal\u00e3o<\/p>\n","race_benefits":"<p>\ud83c\udfbd Kit do atleta: dorsal, t-shirt do evento<br \/>\n\ud83c\udfc5 Pr\u00e9mio de finalista: medalha e t-shirt do evento<br \/>\n\ud83d\udee1\ufe0f Seguro: seguro desportivo nominal para todos os participantes<br \/>\n\ud83c\udfc6 Pr\u00e9mios: classifica\u00e7\u00f5es individuais para os 3 primeiros de cada escal\u00e3o<\/p>\n","event_faq_headline":"FAQ","event_faq_items":[{"item_title":"Como posso inscrever-me no evento?","item_description":"As inscri\u00e7\u00f5es s\u00e3o gratuitas e podem ser feitas online em www.runporto.com, na Loja do Corredor ou por telefone\/fax. O prazo termina a 30 de abril de 2026 ou at\u00e9 ao limite de inscri\u00e7\u00f5es."},{"item_title":"As crian\u00e7as podem participar?","item_description":"Sim, o evento \u00e9 aberto a crian\u00e7as nascidas entre 2009 e 2023, com provas conforme as categorias et\u00e1rias."},{"item_title":"Como fa\u00e7o para levantar o dorsal?","item_description":"Os dorsais podem ser levantados no dia do evento, das 8h30 at\u00e9 30 minutos antes da respetiva prova, na pista de atletismo do Inatel Parque de Jogos Ramalde."},{"item_title":"Existe cobertura de seguro?","item_description":"Sim, a organiza\u00e7\u00e3o assegura seguro desportivo nominal para todos os participantes."},{"item_title":"\u00c9 permitido acompanhar os atletas durante a prova?","item_description":"N\u00e3o, atletas acompanhados por t\u00e9cnicos, dirigentes ou encarregados de educa\u00e7\u00e3o durante a prova ser\u00e3o desclassificados."}],"event_date_start":"20260503","event_date_end":"20260503","event_start_time":"","event_country":"portugal","event_ticket_url":"https:\/\/runporto.com\/pt\/eventos\/vitalis-kids-challenge\/2026\/vitalis-kids-challenge-hyundai-2-etapa\/","event_rating":"","is_hot_event":false,"event_participants_count":"0","organizer_avatar":false,"event_gallery":false,"purchasing_all_variations_through_woocommerce":false,"optional_extras":false,"event_latitude":"41.1680","event_longitude":"-8.6565","organizer_website":{"title":"","url":"","target":"","0":""}},"_links":{"self":[{"href":"https:\/\/racefinder.pt\/pt\/wp-json\/wp\/v2\/product\/40004","targetHints":{"allow":["GET"]}}],"collection":[{"href":"https:\/\/racefinder.pt\/pt\/wp-json\/wp\/v2\/product"}],"about":[{"href":"https:\/\/racefinder.pt\/pt\/wp-json\/wp\/v2\/types\/product"}],"replies":[{"embeddable":true,"href":"https:\/\/racefinder.pt\/pt\/wp-json\/wp\/v2\/comments?post=40004"}],"version-history":[{"count":1,"href":"https:\/\/racefinder.pt\/pt\/wp-json\/wp\/v2\/product\/40004\/revisions"}],"predecessor-version":[{"id":40005,"href":"https:\/\/racefinder.pt\/pt\/wp-json\/wp\/v2\/product\/40004\/revisions\/40005"}],"wp:featuredmedia":[{"embeddable":true,"href":"https:\/\/racefinder.pt\/pt\/wp-json\/wp\/v2\/media\/40083"}],"wp:attachment":[{"href":"https:\/\/racefinder.pt\/pt\/wp-json\/wp\/v2\/media?parent=40004"}],"wp:term":[{"taxonomy":"product_brand","embeddable":true,"href":"https:\/\/racefinder.pt\/pt\/wp-json\/wp\/v2\/product_brand?post=40004"},{"taxonomy":"product_cat","embeddable":true,"href":"https:\/\/racefinder.pt\/pt\/wp-json\/wp\/v2\/product_cat?post=40004"},{"taxonomy":"product_tag","embeddable":true,"href":"https:\/\/racefinder.pt\/pt\/wp-json\/wp\/v2\/product_tag?post=40004"}],"curies":[{"name":"wp","href":"https:\/\/api.w.org\/{rel}","templated":true}]}}