{"id":39897,"date":"2026-03-26T23:03:33","date_gmt":"2026-03-26T23:03:33","guid":{"rendered":"https:\/\/racefinder.pt\/?post_type=product&#038;p=39897"},"modified":"2026-03-27T09:54:34","modified_gmt":"2026-03-27T09:54:34","slug":"corrida-de-belem","status":"publish","type":"product","link":"https:\/\/racefinder.pt\/pt\/event\/corrida-de-belem\/","title":{"rendered":"Corrida de Bel\u00e9m"},"content":{"rendered":"","protected":false},"excerpt":{"rendered":"","protected":false},"featured_media":39721,"comment_status":"open","ping_status":"closed","template":"","meta":{"_acf_changed":false,"footnotes":""},"product_brand":[],"product_cat":[140,129,225,2697,161],"product_tag":[],"class_list":{"0":"post-39897","1":"product","2":"type-product","3":"status-publish","4":"has-post-thumbnail","6":"product_cat-caminhada","7":"product_cat-corrida","8":"product_cat-10-km-pt","9":"product_cat-jovens","10":"product_cat-kids-pt","12":"first","13":"instock","14":"shipping-taxable","15":"purchasable","16":"product-type-variable"},"acf":{"event_location_text":"Lisboa","event_short_description":"<p>A Corrida de Bel\u00e9m 2026 realiza-se a 10 de maio de 2026 no Est\u00e1dio do Restelo, em Bel\u00e9m, Lisboa. Inclui uma corrida de 10 km, uma caminhada de 5 km e uma Corrida Kids com dist\u00e2ncias entre 400 m e 1.000 m para crian\u00e7as at\u00e9 13 anos.<\/p>\n<p>A corrida de 10 km \u00e9 destinada a atletas com 18 anos ou mais, enquanto a caminhada de 5 km \u00e9 aberta a todas as idades. A Corrida Kids \u00e9 para crian\u00e7as at\u00e9 13 anos. O percurso passa por monumentos hist\u00f3ricos de Lisboa, proporcionando uma experi\u00eancia cultural e paisag\u00edstica \u00fanica.<\/p>\n<p>O dia da prova tem partidas escalonadas para as diferentes categorias da Corrida Kids, seguidas pela corrida principal de 10 km e pela caminhada de 5 km, criando um ambiente familiar e inclusivo.<\/p>\n","organizer_description":"<p><strong><a class=\"\" href=\"https:\/\/corridadebelem.pt\/index.php\/informacoes\/\" target=\"_new\" rel=\"noopener\">Regulamento \u2197<\/a><\/strong><\/p>\n<p><strong>Locais de partida\/chegada:<\/strong> Est\u00e1dio do Restelo, Bel\u00e9m, Lisboa<\/p>\n<p><strong>Hor\u00e1rios de partida por categoria\/dist\u00e2ncia:<\/strong><br \/>\n\u2022 Bambis (at\u00e9 7 anos) 400m: 09:00<br \/>\n\u2022 Benjamins A (8-9 anos) 400m: 09:05<br \/>\n\u2022 Benjamins B (10-11 anos) 800m: 09:10<br \/>\n\u2022 Infantis (12-13 anos) 1000m: 09:15<br \/>\n\u2022 Corrida 10km: 09:45<br \/>\n\u2022 Caminhada 5km: 09:50<\/p>\n<p><strong>Levantamento de dorsais (data\/hora e local):<\/strong><br \/>\n\u2022 8 de maio de 2026, 10:00\u201320:00 na Decathlon Amadora<br \/>\n\u2022 9 de maio de 2026, 10:00\u201318:30 na Decathlon Amadora<br \/>\n\u2022 10 de maio de 2026, 08:00\u201309:00 no Est\u00e1dio do Restelo (custo extra aplic\u00e1vel)<\/p>\n<p><strong>Escal\u00f5es\/categorias:<\/strong><br \/>\n\u2022 Juniores e Seniores (18-34 anos)<br \/>\n\u2022 Vet 1 (35-39 anos)<br \/>\n\u2022 Vet 2 (40-44 anos)<br \/>\n\u2022 Vet 3 (45-49 anos)<br \/>\n\u2022 Vet 4 (50-54 anos)<br \/>\n\u2022 Vet 5 (55-59 anos)<br \/>\n\u2022 Vet 6 (60-64 anos)<br \/>\n\u2022 Vet 7 (65-69 anos)<br \/>\n\u2022 Vet 8 (70+ anos)<\/p>\n<p><strong>Pr\u00e9mios:<\/strong><br \/>\n\u2022 Trof\u00e9us para os 3 primeiros masculinos e femininos na corrida de 10 km<br \/>\n\u2022 Trof\u00e9us para os 3 primeiros de cada escal\u00e3o<br \/>\n\u2022 Diplomas dispon\u00edveis online<\/p>\n<p><strong>Percursos da prova:<\/strong><br \/>\n\u2022 Corrida Kids: dentro do Est\u00e1dio do Restelo<br \/>\n\u2022 Corrida 10km e Caminhada 5km: partida e chegada no Est\u00e1dio do Restelo<\/p>\n<p><strong>WC e localiza\u00e7\u00e3o dos abastecimentos:<\/strong><br \/>\n\u2022 Abastecimentos com \u00e1gua aos 5 km e na meta para a corrida de 10 km<br \/>\n\u2022 \u00c1gua na meta para Corrida Kids e Caminhada 5 km<\/p>\n<p><strong>M\u00e9todo de cronometragem:<\/strong> Dorsal com chip para a corrida de 10 km<\/p>\n<p><strong>Prazo de inscri\u00e7\u00e3o:<\/strong> At\u00e9 7 de maio de 2026, com inscri\u00e7\u00f5es de \u00faltima hora nos dias de levantamento do kit<\/p>\n","race_benefits":"<p>\ud83c\udfbd Kit do atleta: t-shirt t\u00e9cnica, dorsal, mochila, chip (corrida 10 km), medalha de finisher, outras ofertas de patrocinadores<br \/>\n\ud83c\udfc5 Pr\u00e9mio de finalista: medalha para todos os que terminam<br \/>\n\ud83e\udd64 Abastecimentos: \u00e1gua aos 5 km e na meta para a corrida de 10 km; \u00e1gua na meta para Corrida Kids e Caminhada 5 km<br \/>\n\ud83d\udee1\ufe0f Seguro: seguro de acidentes pessoais inclu\u00eddo para participantes inscritos<br \/>\n\ud83c\udfc6 Pr\u00e9mios: trof\u00e9us para os 3 primeiros masculinos e femininos na geral e por escal\u00e3o na corrida de 10 km<br \/>\n\ud83e\uddf3 Servi\u00e7o de bengaleiro dispon\u00edvel no dia da prova<\/p>\n","event_faq_headline":"FAQ","event_faq_items":[{"item_title":"Como chegar ao evento?","item_description":"O evento realiza-se no Est\u00e1dio do Restelo, em Bel\u00e9m, Lisboa. Detalhes espec\u00edficos de transporte n\u00e3o est\u00e3o dispon\u00edveis no regulamento."},{"item_title":"As crian\u00e7as podem participar?","item_description":"Sim, a Corrida Kids \u00e9 para crian\u00e7as at\u00e9 13 anos, com dist\u00e2ncias entre 400 m e 1.000 m."},{"item_title":"Como fa\u00e7o a inscri\u00e7\u00e3o?","item_description":"A inscri\u00e7\u00e3o \u00e9 online com prazo at\u00e9 7 de maio de 2026, com possibilidade de inscri\u00e7\u00e3o de \u00faltima hora nos dias de levantamento do kit."},{"item_title":"Existe chip de cronometragem?","item_description":"Sim, o dorsal da corrida de 10 km inclui chip de cronometragem."},{"item_title":"H\u00e1 custo para levantar o dorsal no dia da prova?","item_description":"Sim, h\u00e1 um custo extra de \u20ac3,00 ou \u20ac5,00 se n\u00e3o for comprado online com a inscri\u00e7\u00e3o."}],"event_date_start":"20260510","event_date_end":"20260510","event_start_time":"","event_country":"portugal","event_ticket_url":"https:\/\/xistarca.pt\/eventos\/corrida-de-belem-2026","event_latitude":"38.7025","event_longitude":"-9.2079","event_rating":"","is_hot_event":false,"event_participants_count":"0","organizer_avatar":false,"event_gallery":false,"purchasing_all_variations_through_woocommerce":false,"optional_extras":false,"organizer_website":{"title":"","url":"","target":"","0":""}},"_links":{"self":[{"href":"https:\/\/racefinder.pt\/pt\/wp-json\/wp\/v2\/product\/39897","targetHints":{"allow":["GET"]}}],"collection":[{"href":"https:\/\/racefinder.pt\/pt\/wp-json\/wp\/v2\/product"}],"about":[{"href":"https:\/\/racefinder.pt\/pt\/wp-json\/wp\/v2\/types\/product"}],"replies":[{"embeddable":true,"href":"https:\/\/racefinder.pt\/pt\/wp-json\/wp\/v2\/comments?post=39897"}],"version-history":[{"count":1,"href":"https:\/\/racefinder.pt\/pt\/wp-json\/wp\/v2\/product\/39897\/revisions"}],"predecessor-version":[{"id":39898,"href":"https:\/\/racefinder.pt\/pt\/wp-json\/wp\/v2\/product\/39897\/revisions\/39898"}],"wp:featuredmedia":[{"embeddable":true,"href":"https:\/\/racefinder.pt\/pt\/wp-json\/wp\/v2\/media\/39721"}],"wp:attachment":[{"href":"https:\/\/racefinder.pt\/pt\/wp-json\/wp\/v2\/media?parent=39897"}],"wp:term":[{"taxonomy":"product_brand","embeddable":true,"href":"https:\/\/racefinder.pt\/pt\/wp-json\/wp\/v2\/product_brand?post=39897"},{"taxonomy":"product_cat","embeddable":true,"href":"https:\/\/racefinder.pt\/pt\/wp-json\/wp\/v2\/product_cat?post=39897"},{"taxonomy":"product_tag","embeddable":true,"href":"https:\/\/racefinder.pt\/pt\/wp-json\/wp\/v2\/product_tag?post=39897"}],"curies":[{"name":"wp","href":"https:\/\/api.w.org\/{rel}","templated":true}]}}