{"id":39404,"date":"2026-03-24T23:58:28","date_gmt":"2026-03-24T23:58:28","guid":{"rendered":"https:\/\/racefinder.pt\/?post_type=product&#038;p=39404"},"modified":"2026-03-26T12:23:52","modified_gmt":"2026-03-26T12:23:52","slug":"ultra-trail-vila-de-mouros-2026","status":"publish","type":"product","link":"https:\/\/racefinder.pt\/pt\/event\/ultra-trail-vila-de-mouros-2026\/","title":{"rendered":"ULTRA TRAIL VILA DE MOUROS 2026"},"content":{"rendered":"","protected":false},"excerpt":{"rendered":"","protected":false},"featured_media":39651,"comment_status":"open","ping_status":"closed","template":"","meta":{"_acf_changed":false,"footnotes":""},"product_brand":[],"product_cat":[140,129,2697,139,247],"product_tag":[],"class_list":{"0":"post-39404","1":"product","2":"type-product","3":"status-publish","4":"has-post-thumbnail","6":"product_cat-caminhada","7":"product_cat-corrida","8":"product_cat-jovens","9":"product_cat-trail-run-pt","10":"product_cat-ultra-maratonas","12":"first","13":"instock","14":"shipping-taxable","15":"purchasable","16":"product-type-variable"},"acf":{"event_location_text":"Covilh\u00e3, Castelo Branco","event_short_description":"<p>O Ultra Trail Vila de Mouros 2026 \u00e9 uma prova de trail running que se realiza a 21 de junho de 2026, em Vila do Carvalho, Covilh\u00e3, na regi\u00e3o da Serra da Estrela. Oferece v\u00e1rias dist\u00e2ncias, incluindo Ultra Trail 45 km, Trail 30 km, Sprint 17 km, Jovem 12 km, Caminhada 9 km e Trail Kids de 400 m a 3 km.<\/p>\n<p>O evento \u00e9 aberto a v\u00e1rias faixas et\u00e1rias com idades m\u00ednimas espec\u00edficas para cada dist\u00e2ncia, integrando circuitos nacionais de trail running como ATRP e CTRBB. Os percursos atravessam trilhos naturais da Serra da Estrela, com desn\u00edveis positivos at\u00e9 2200 metros.<\/p>\n<p>A prova promove \u00e9tica, responsabilidade social e ambiental, com um programa familiar Trail Kids e uma Fun Zone para crian\u00e7as, tornando-a adequada para todas as idades e n\u00edveis.<\/p>\n","organizer_description":"<p><strong><a class=\"\" href=\"https:\/\/stopandgo.com.pt\/files\/ultra-trail-vila-de-mouros-2026\/69b3535ea6e3b_Regulamento%20Ultra%20Trail%20Vila%20de%20Mouros%20v3%20%202026.pdf\" target=\"_new\" rel=\"noopener\">Regulamento \u2197<\/a><\/strong><\/p>\n<p><strong>Escal\u00f5es\/categorias:<\/strong><br \/>\n\u2022 Ultra Trail 45K: 20 anos ou mais<br \/>\n\u2022 Trail 30K: 20 anos ou mais<br \/>\n\u2022 Sprint 17K: 18 anos ou mais<br \/>\n\u2022 Jovem 12K: 16 anos ou mais (menores de 18 anos com autoriza\u00e7\u00e3o parental)<br \/>\n\u2022 Caminhada 9K: at\u00e9 18 anos ou 8 anos com autoriza\u00e7\u00e3o parental<br \/>\n\u2022 Trail Kids: Sub 10 (at\u00e9 9 anos, 500 m), Sub 12 (10-11 anos, 1000 m), Sub 14 (12-13 anos, 2000 m), Sub 16 (14-15 anos, 3000 m)<\/p>\n<p><strong>Locais de partida\/chegada:<\/strong> Vila do Carvalho, Covilh\u00e3, Serra da Estrela<\/p>\n<p><strong>Hor\u00e1rios de partida por categoria\/dist\u00e2ncia:<\/strong><br \/>\n\u2022 Trail Kids: 20 de junho, 18:00<br \/>\n\u2022 Ultra Trail 45K: 21 de junho, 07:00<br \/>\n\u2022 Trail 30K: 21 de junho, 08:00<br \/>\n\u2022 Jovem 12K e Sprint 16K: 21 de junho, 08:45<br \/>\n\u2022 Caminhada 9K: 21 de junho, 09:00<\/p>\n<p><strong>Tempos limite:<\/strong><br \/>\n\u2022 Ultra Trail 45K: chegada at\u00e9 15:30<br \/>\n\u2022 Trail 30K: chegada at\u00e9 14:30<br \/>\n\u2022 Sprint 17K e Jovem 12K: chegada at\u00e9 13:30<br \/>\n\u2022 Caminhada 9K: sem limite de tempo<\/p>\n<p><strong>Limite de participantes:<\/strong><br \/>\n\u2022 Ultra Trail: 100<br \/>\n\u2022 Trail: 200<br \/>\n\u2022 Sprint: 200<br \/>\n\u2022 Jovem: 200<br \/>\n\u2022 Trail Kids: 100<br \/>\n\u2022 Caminhada: 200<\/p>\n<p><strong>Tipos de piso:<\/strong> Trilhos e caminhos de montanha na Serra da Estrela<\/p>\n<p><strong>Formato do percurso:<\/strong> Percursos de montanha com desn\u00edveis significativos<\/p>\n<p><strong>Percursos da prova:<\/strong><br \/>\n\u2022 Ultra Trail 45 km com 2200 m de desn\u00edvel positivo<br \/>\n\u2022 Trail 30 km com 1700 m de desn\u00edvel positivo<br \/>\n\u2022 Sprint 17 km com 800 m de desn\u00edvel positivo<br \/>\n\u2022 Jovem 12 km com 500 m de desn\u00edvel positivo<br \/>\n\u2022 Caminhada 9 km com 400 m de desn\u00edvel positivo<br \/>\n\u2022 Trail Kids com dist\u00e2ncias de 400 m a 3 km conforme escal\u00e3o<\/p>\n<p><strong>M\u00e9todo de cronometragem:<\/strong> Cronometragem eletr\u00f3nica por chip<\/p>\n<p><strong>WC e localiza\u00e7\u00e3o dos abastecimentos:<\/strong> Abastecimentos l\u00edquidos e s\u00f3lidos durante o percurso<\/p>\n<p><strong>Pr\u00e9mios:<\/strong> Medalhas para finishers, pr\u00e9mios para os tr\u00eas primeiros de cada categoria, pr\u00e9mios por equipas e pr\u00e9mio para a equipa mais numerosa<\/p>\n","race_benefits":"<p>\ud83c\udfbd Kit do atleta: dorsal com n\u00famero do atleta<br \/>\n\ud83c\udfc5 Pr\u00e9mio de finisher: medalha met\u00e1lica<br \/>\n\u23f1\ufe0f Cronometragem + resultados ao vivo por categoria<br \/>\n\ud83d\udedf Apoio de seguran\u00e7a: equipa m\u00e9dica com enfermeiros especializados, viatura de socorro com desfibrilhador<br \/>\n\ud83d\udee1\ufe0f Seguro: seguro de acidentes pessoais inclu\u00eddo na inscri\u00e7\u00e3o<br \/>\n\ud83e\udd64 Abastecimentos: l\u00edquidos e s\u00f3lidos dispon\u00edveis durante a prova<br \/>\n\ud83d\udebf Duches e balne\u00e1rios dispon\u00edveis<br \/>\n\ud83c\udfc6 Pr\u00e9mios para os melhores classificados e equipas<\/p>\n","event_faq_headline":"FAQ","event_faq_items":false,"event_date_start":"20260621","event_date_end":"20260621","event_start_time":"","event_country":"portugal","event_ticket_url":"https:\/\/stopandgo.net\/events\/ultra-trail-vila-de-mouros-2026","event_latitude":"40.286","event_longitude":"-7.5039","event_rating":"","is_hot_event":false,"event_participants_count":"0","organizer_avatar":false,"event_gallery":false,"purchasing_all_variations_through_woocommerce":false,"optional_extras":false,"organizer_website":{"title":"","url":"","target":"","0":""}},"_links":{"self":[{"href":"https:\/\/racefinder.pt\/pt\/wp-json\/wp\/v2\/product\/39404","targetHints":{"allow":["GET"]}}],"collection":[{"href":"https:\/\/racefinder.pt\/pt\/wp-json\/wp\/v2\/product"}],"about":[{"href":"https:\/\/racefinder.pt\/pt\/wp-json\/wp\/v2\/types\/product"}],"replies":[{"embeddable":true,"href":"https:\/\/racefinder.pt\/pt\/wp-json\/wp\/v2\/comments?post=39404"}],"version-history":[{"count":1,"href":"https:\/\/racefinder.pt\/pt\/wp-json\/wp\/v2\/product\/39404\/revisions"}],"predecessor-version":[{"id":39405,"href":"https:\/\/racefinder.pt\/pt\/wp-json\/wp\/v2\/product\/39404\/revisions\/39405"}],"wp:featuredmedia":[{"embeddable":true,"href":"https:\/\/racefinder.pt\/pt\/wp-json\/wp\/v2\/media\/39651"}],"wp:attachment":[{"href":"https:\/\/racefinder.pt\/pt\/wp-json\/wp\/v2\/media?parent=39404"}],"wp:term":[{"taxonomy":"product_brand","embeddable":true,"href":"https:\/\/racefinder.pt\/pt\/wp-json\/wp\/v2\/product_brand?post=39404"},{"taxonomy":"product_cat","embeddable":true,"href":"https:\/\/racefinder.pt\/pt\/wp-json\/wp\/v2\/product_cat?post=39404"},{"taxonomy":"product_tag","embeddable":true,"href":"https:\/\/racefinder.pt\/pt\/wp-json\/wp\/v2\/product_tag?post=39404"}],"curies":[{"name":"wp","href":"https:\/\/api.w.org\/{rel}","templated":true}]}}