{"id":39276,"date":"2026-03-24T23:40:58","date_gmt":"2026-03-24T23:40:58","guid":{"rendered":"https:\/\/racefinder.pt\/?post_type=product&#038;p=39276"},"modified":"2026-03-26T12:01:52","modified_gmt":"2026-03-26T12:01:52","slug":"trail-rota-dos-penedos-dos-mouros","status":"publish","type":"product","link":"https:\/\/racefinder.pt\/pt\/event\/trail-rota-dos-penedos-dos-mouros\/","title":{"rendered":"TRAIL ROTA DOS PENEDOS DOS MOUROS"},"content":{"rendered":"","protected":false},"excerpt":{"rendered":"","protected":false},"featured_media":39782,"comment_status":"open","ping_status":"closed","template":"","meta":{"_acf_changed":false,"footnotes":""},"product_brand":[],"product_cat":[140,129,139],"product_tag":[],"class_list":{"0":"post-39276","1":"product","2":"type-product","3":"status-publish","4":"has-post-thumbnail","6":"product_cat-caminhada","7":"product_cat-corrida","8":"product_cat-trail-run-pt","10":"first","11":"instock","12":"shipping-taxable","13":"purchasable","14":"product-type-variable"},"acf":{"event_location_text":"Gouveia, Guarda","event_short_description":"<p>O Trail Rota dos Penedos dos Mouros \u00e9 um evento de trail running e caminhada que se realizar\u00e1 a 19 de abril de 2026 em Arcozelo da Serra, Guarda. O evento oferece uma prova de trail de 15 km e uma caminhada de 9 km, destinada \u00e0 popula\u00e7\u00e3o em geral.<\/p>\n<p>Os participantes devem estar preparados f\u00edsica e mentalmente para as dist\u00e2ncias e desafios do trail e da caminhada. A prova tem partida na Avenida Dr. Aureliano Dias Gon\u00e7alves e chegada no Campo de Futebol Santo Cristo, com almo\u00e7o opcional pago ap\u00f3s a prova.<\/p>\n<p>A atmosfera da prova \u00e9 comunit\u00e1ria, apoiada por volunt\u00e1rios, e enfatiza o respeito pelo ambiente e a conduta desportiva. Ser\u00e3o entregues trof\u00e9us aos tr\u00eas primeiros classificados masculinos e femininos do trail.<\/p>\n","organizer_description":"<p><strong><a class=\"\" href=\"https:\/\/assets.acorrer.pt\/media\/8964\/69a9af9bd9ff0_Regulamento.pdf\" target=\"_new\" rel=\"noopener\">Regulamento \u2197<\/a><\/strong><\/p>\n<p><strong>Locais de partida\/chegada:<\/strong> Partida na Avenida Dr. Aureliano Dias Gon\u00e7alves (junto \u00e0 Igreja Matriz), chegada no Campo de Futebol Santo Cristo<\/p>\n<p><strong>Hor\u00e1rios de partida por categoria\/dist\u00e2ncia:<\/strong><br \/>\n\u2022 Trail 15 km: 09:00<br \/>\n\u2022 Caminhada 9 km: 09:15<\/p>\n<p><strong>Tempos limite:<\/strong> 3 horas<\/p>\n<p><strong>Levantamento de dorsais (data\/hora e local):<\/strong><br \/>\n\u2022 19 de abril, 08:15 no Sal\u00e3o da Junta de freguesia<\/p>\n<p><strong>Prazo de inscri\u00e7\u00e3o:<\/strong> 13 de abril de 2026, 23:59<\/p>\n<p><strong>Tipos de piso:<\/strong> Terreno de trail com algumas passagens em estrada<\/p>\n<p><strong>Formato do percurso:<\/strong> Percurso \u00fanico com possibilidade de altera\u00e7\u00e3o de dist\u00e2ncia pela organiza\u00e7\u00e3o<\/p>\n<p><strong>WC e localiza\u00e7\u00e3o dos abastecimentos:<\/strong> Balne\u00e1rios no Campo de Futebol Santo Cristo; detalhes dos abastecimentos a anunciar<\/p>\n<p><strong>Pr\u00e9mios:<\/strong> Trof\u00e9us para os 3 primeiros masculinos e femininos do trail, entregues \u00e0s 14:00 no Campo de Futebol Santo Cristo<\/p>\n","race_benefits":"","event_faq_headline":"FAQ","event_faq_items":false,"event_date_start":"20260419","event_date_end":"20260419","event_start_time":"","event_country":"portugal","event_ticket_url":"https:\/\/acorrer.pt\/eventos\/4261\/info","event_latitude":"40.494","event_longitude":"-7.5917","event_rating":"","is_hot_event":false,"event_participants_count":"0","organizer_avatar":false,"event_gallery":false,"purchasing_all_variations_through_woocommerce":false,"optional_extras":false,"organizer_website":{"title":"","url":"","target":"","0":""}},"_links":{"self":[{"href":"https:\/\/racefinder.pt\/pt\/wp-json\/wp\/v2\/product\/39276","targetHints":{"allow":["GET"]}}],"collection":[{"href":"https:\/\/racefinder.pt\/pt\/wp-json\/wp\/v2\/product"}],"about":[{"href":"https:\/\/racefinder.pt\/pt\/wp-json\/wp\/v2\/types\/product"}],"replies":[{"embeddable":true,"href":"https:\/\/racefinder.pt\/pt\/wp-json\/wp\/v2\/comments?post=39276"}],"version-history":[{"count":1,"href":"https:\/\/racefinder.pt\/pt\/wp-json\/wp\/v2\/product\/39276\/revisions"}],"predecessor-version":[{"id":39277,"href":"https:\/\/racefinder.pt\/pt\/wp-json\/wp\/v2\/product\/39276\/revisions\/39277"}],"wp:featuredmedia":[{"embeddable":true,"href":"https:\/\/racefinder.pt\/pt\/wp-json\/wp\/v2\/media\/39782"}],"wp:attachment":[{"href":"https:\/\/racefinder.pt\/pt\/wp-json\/wp\/v2\/media?parent=39276"}],"wp:term":[{"taxonomy":"product_brand","embeddable":true,"href":"https:\/\/racefinder.pt\/pt\/wp-json\/wp\/v2\/product_brand?post=39276"},{"taxonomy":"product_cat","embeddable":true,"href":"https:\/\/racefinder.pt\/pt\/wp-json\/wp\/v2\/product_cat?post=39276"},{"taxonomy":"product_tag","embeddable":true,"href":"https:\/\/racefinder.pt\/pt\/wp-json\/wp\/v2\/product_tag?post=39276"}],"curies":[{"name":"wp","href":"https:\/\/api.w.org\/{rel}","templated":true}]}}