{"id":39142,"date":"2026-03-24T23:22:13","date_gmt":"2026-03-24T23:22:13","guid":{"rendered":"https:\/\/racefinder.pt\/?post_type=product&#038;p=39142"},"modified":"2026-03-26T11:33:37","modified_gmt":"2026-03-26T11:33:37","slug":"vii-salinas-sunset-corrida-e-caminhada","status":"publish","type":"product","link":"https:\/\/racefinder.pt\/pt\/event\/vii-salinas-sunset-corrida-e-caminhada\/","title":{"rendered":"VII Salinas Sunset &#8211; Corrida e Caminhada"},"content":{"rendered":"","protected":false},"excerpt":{"rendered":"","protected":false},"featured_media":39727,"comment_status":"open","ping_status":"closed","template":"","meta":{"_acf_changed":false,"footnotes":""},"product_brand":[],"product_cat":[140,129,246],"product_tag":[],"class_list":{"0":"post-39142","1":"product","2":"type-product","3":"status-publish","4":"has-post-thumbnail","6":"product_cat-caminhada","7":"product_cat-corrida","8":"product_cat-corrida-de-rua","10":"first","11":"instock","12":"shipping-taxable","13":"purchasable","14":"product-type-variable"},"acf":{"event_location_text":"Set\u00fabal, Lisboa","event_short_description":"<p>A VII Salinas Sunset Run \u00e9 um evento de corrida e caminhada que se realiza no s\u00e1bado, 23 de maio de 2026, em Alcochete, Set\u00fabal. O evento oferece tr\u00eas dist\u00e2ncias: caminhada de 7 km e corridas de 8 km e 13 km.<\/p>\n<p>A participa\u00e7\u00e3o est\u00e1 aberta a caminhantes a partir dos 8 anos e corredores a partir dos 16 anos, sendo necess\u00e1ria autoriza\u00e7\u00e3o dos encarregados de educa\u00e7\u00e3o para menores de 18 anos. A prova tem um ambiente festivo com partida ao p\u00f4r do sol \u00e0s 20:00, incluindo aquecimento e briefing antes da largada.<\/p>\n<p>O evento \u00e9 organizado pelo Sector do Desporto do Munic\u00edpio de Alcochete e inclui trof\u00e9us para os melhores classificados em v\u00e1rias categorias et\u00e1rias na corrida de 13 km e trof\u00e9us gerais para a corrida de 8 km.<\/p>\n","organizer_description":"<p><strong><a class=\"\" href=\"https:\/\/assets.acorrer.pt\/media\/9090\/69ba9a0186ead_Regulamento.pdf\" target=\"_new\" rel=\"noopener\">Regulamento \u2197<\/a><\/strong><\/p>\n<p><strong>Escal\u00f5es\/categorias:<\/strong><br \/>\n\u2022 Masculinos Sub 23 (18-22 anos)<br \/>\n\u2022 Masculinos Seniores (23-39 anos)<br \/>\n\u2022 Masculinos 40 (40-49 anos)<br \/>\n\u2022 Masculinos 50 (50-59 anos)<br \/>\n\u2022 Masculinos 60 (60+ anos)<br \/>\n\u2022 Femininos Sub 23 (18-22 anos)<br \/>\n\u2022 Femininos Seniores (23-39 anos)<br \/>\n\u2022 Femininos 40 (40-49 anos)<br \/>\n\u2022 Femininos 50 (50-59 anos)<br \/>\n\u2022 Femininos 60 (60+ anos)<\/p>\n<p><strong>Locais de partida\/chegada:<\/strong> F\u00f3rum Cultural de Alcochete<\/p>\n<p><strong>Hor\u00e1rios de partida por categoria\/dist\u00e2ncia:<\/strong><br \/>\n\u2022 20:00 \u2013 Corrida 8km e 13km<br \/>\n\u2022 20:01 \u2013 Caminhada 7km<\/p>\n<p><strong>Levantamento de dorsais (data\/hora e local):<\/strong> 23 de maio, 9:00\u201312:30 no Sector do Desporto, C\u00e2mara Municipal de Alcochete, antiga Escola Conde Ferreira, Largo Bar\u00e3o Samora Correia, Alcochete<\/p>\n<p><strong>Tempos limite:<\/strong> Encerramento do evento \u00e0 meia-noite, podendo encerrar antes se todos os atletas terminarem<\/p>\n<p><strong>Limite de participantes:<\/strong> 500 no total<\/p>\n<p><strong>Tipos de piso:<\/strong> Propriedade privada e estradas abertas com poss\u00edvel tr\u00e1fego espor\u00e1dico<\/p>\n<p><strong>Formato do percurso:<\/strong> Percursos marcados com fita e\/ou placas; passagem obrigat\u00f3ria por postos de controlo para valida\u00e7\u00e3o do tempo<\/p>\n<p><strong>Percursos:<\/strong><br \/>\n\u2022 Caminhada: 7 km<br \/>\n\u2022 Corrida: 8 km e 13 km<\/p>\n<p><strong>M\u00e9todo de cronometragem:<\/strong> Cronometragem eletr\u00f3nica com postos de controlo<\/p>\n<p><strong>WC e localiza\u00e7\u00e3o dos abastecimentos:<\/strong> Um posto de abastecimento nos percursos de 8 km e 13 km e outro na zona de meta comum \u00e0 corrida e caminhada<\/p>\n<p><strong>Pr\u00e9mios:<\/strong> Trof\u00e9us para os 3 primeiros classificados gerais masculino e feminino na corrida de 8 km; trof\u00e9us para os 3 primeiros classificados de cada escal\u00e3o masculino e feminino e gerais na corrida de 13 km<\/p>\n","race_benefits":"<p>\ud83c\udfbd Kit do atleta: dorsal, T-shirt t\u00e9cnica<br \/>\n\ud83c\udfc5 Pr\u00e9mio de finalista: medalha de participa\u00e7\u00e3o, sopa no final<br \/>\n\u23f1\ufe0f Cronometragem eletr\u00f3nica com postos de controlo e resultados publicados<br \/>\n\ud83d\udee1\ufe0f Seguro: cobertura de acidentes pessoais inclu\u00edda<br \/>\n\ud83e\udd64 Abastecimentos: s\u00f3lidos e l\u00edquidos para os corredores<br \/>\n\ud83c\udfc6 Trof\u00e9us para os melhores classificados nas categorias indicadas<\/p>\n","event_faq_headline":"FAQ","event_faq_items":[{"item_title":"As crian\u00e7as podem participar?","item_description":"Crian\u00e7as a partir dos 8 anos podem participar na caminhada de 7 km. Para correr \u00e9 necess\u00e1rio ter pelo menos 16 anos, e menores de 18 anos precisam de autoriza\u00e7\u00e3o dos encarregados de educa\u00e7\u00e3o."},{"item_title":"Como fa\u00e7o a inscri\u00e7\u00e3o?","item_description":"As inscri\u00e7\u00f5es s\u00e3o feitas online em www.acorrer.pt, selecionando o evento e seguindo os passos. O prazo termina a 20 de maio de 2026 \u00e0s 23:59."},{"item_title":"Onde e quando posso levantar o dorsal?","item_description":"O dorsal pode ser levantado a 23 de maio, das 9:00 \u00e0s 12:30, no Sector do Desporto, C\u00e2mara Municipal de Alcochete, antiga Escola Conde Ferreira."},{"item_title":"Que equipamento \u00e9 recomendado?","item_description":"Recomenda-se cal\u00e7ado e vestu\u00e1rio adequados para corrida ou caminhada, telem\u00f3vel, repelente, lanterna frontal, \u00e1gua (para caminhada) e alimentos energ\u00e9ticos."},{"item_title":"Existem tempos limite?","item_description":"O evento encerra \u00e0 meia-noite, podendo encerrar antes se todos os participantes terminarem."}],"event_date_start":"20260523","event_date_end":"20260523","event_start_time":"","event_country":"portugal","event_ticket_url":"https:\/\/acorrer.pt\/eventos\/4279\/info","event_latitude":"38.7461","event_longitude":"-8.9722","event_rating":"","is_hot_event":false,"event_participants_count":"0","organizer_avatar":false,"event_gallery":false,"purchasing_all_variations_through_woocommerce":false,"optional_extras":false,"organizer_website":{"title":"","url":"","target":"","0":""}},"_links":{"self":[{"href":"https:\/\/racefinder.pt\/pt\/wp-json\/wp\/v2\/product\/39142","targetHints":{"allow":["GET"]}}],"collection":[{"href":"https:\/\/racefinder.pt\/pt\/wp-json\/wp\/v2\/product"}],"about":[{"href":"https:\/\/racefinder.pt\/pt\/wp-json\/wp\/v2\/types\/product"}],"replies":[{"embeddable":true,"href":"https:\/\/racefinder.pt\/pt\/wp-json\/wp\/v2\/comments?post=39142"}],"version-history":[{"count":1,"href":"https:\/\/racefinder.pt\/pt\/wp-json\/wp\/v2\/product\/39142\/revisions"}],"predecessor-version":[{"id":39143,"href":"https:\/\/racefinder.pt\/pt\/wp-json\/wp\/v2\/product\/39142\/revisions\/39143"}],"wp:featuredmedia":[{"embeddable":true,"href":"https:\/\/racefinder.pt\/pt\/wp-json\/wp\/v2\/media\/39727"}],"wp:attachment":[{"href":"https:\/\/racefinder.pt\/pt\/wp-json\/wp\/v2\/media?parent=39142"}],"wp:term":[{"taxonomy":"product_brand","embeddable":true,"href":"https:\/\/racefinder.pt\/pt\/wp-json\/wp\/v2\/product_brand?post=39142"},{"taxonomy":"product_cat","embeddable":true,"href":"https:\/\/racefinder.pt\/pt\/wp-json\/wp\/v2\/product_cat?post=39142"},{"taxonomy":"product_tag","embeddable":true,"href":"https:\/\/racefinder.pt\/pt\/wp-json\/wp\/v2\/product_tag?post=39142"}],"curies":[{"name":"wp","href":"https:\/\/api.w.org\/{rel}","templated":true}]}}