{"id":39038,"date":"2026-03-24T23:04:23","date_gmt":"2026-03-24T23:04:23","guid":{"rendered":"https:\/\/racefinder.pt\/?post_type=product&#038;p=39038"},"modified":"2026-03-25T18:09:08","modified_gmt":"2026-03-25T18:09:08","slug":"trail-monges-de-cister-2026","status":"publish","type":"product","link":"https:\/\/racefinder.pt\/pt\/event\/trail-monges-de-cister-2026\/","title":{"rendered":"Trail Monges de Cister 2026"},"content":{"rendered":"","protected":false},"excerpt":{"rendered":"","protected":false},"featured_media":38516,"comment_status":"open","ping_status":"closed","template":"","meta":{"_acf_changed":false,"footnotes":""},"product_brand":[],"product_cat":[129,139],"product_tag":[],"class_list":{"0":"post-39038","1":"product","2":"type-product","3":"status-publish","4":"has-post-thumbnail","6":"product_cat-corrida","7":"product_cat-trail-run-pt","9":"first","10":"instock","11":"shipping-taxable","12":"product-type-variable"},"acf":{"event_location_text":"Alcoba\u00e7a, Leiria","event_short_description":"<p>O Trail Monges de Cister 2026 \u00e9 uma prova de trail marcada para o dia 18 de outubro de 2026, em Alcoba\u00e7a, Portugal. A partida est\u00e1 prevista para as 09h00.<\/p>\n<p>Mais informa\u00e7\u00f5es sobre dist\u00e2ncias, perfil dos participantes e caracter\u00edsticas da prova ser\u00e3o divulgadas em breve.<\/p>\n","organizer_description":"","race_benefits":"","event_faq_headline":"FAQ","event_faq_items":false,"event_date_start":"20261018","event_date_end":"20261018","event_start_time":"","event_country":"portugal","event_ticket_url":"https:\/\/www.recordepessoal.pt\/evento\/trailmongesdecister2026","event_latitude":"39.5519","event_longitude":"-8.9763","event_rating":"","is_hot_event":false,"event_participants_count":"0","organizer_avatar":false,"event_gallery":false,"purchasing_all_variations_through_woocommerce":false,"optional_extras":false,"organizer_website":{"title":"","url":"","target":"","0":""}},"_links":{"self":[{"href":"https:\/\/racefinder.pt\/pt\/wp-json\/wp\/v2\/product\/39038","targetHints":{"allow":["GET"]}}],"collection":[{"href":"https:\/\/racefinder.pt\/pt\/wp-json\/wp\/v2\/product"}],"about":[{"href":"https:\/\/racefinder.pt\/pt\/wp-json\/wp\/v2\/types\/product"}],"replies":[{"embeddable":true,"href":"https:\/\/racefinder.pt\/pt\/wp-json\/wp\/v2\/comments?post=39038"}],"version-history":[{"count":1,"href":"https:\/\/racefinder.pt\/pt\/wp-json\/wp\/v2\/product\/39038\/revisions"}],"predecessor-version":[{"id":39039,"href":"https:\/\/racefinder.pt\/pt\/wp-json\/wp\/v2\/product\/39038\/revisions\/39039"}],"wp:featuredmedia":[{"embeddable":true,"href":"https:\/\/racefinder.pt\/pt\/wp-json\/wp\/v2\/media\/38516"}],"wp:attachment":[{"href":"https:\/\/racefinder.pt\/pt\/wp-json\/wp\/v2\/media?parent=39038"}],"wp:term":[{"taxonomy":"product_brand","embeddable":true,"href":"https:\/\/racefinder.pt\/pt\/wp-json\/wp\/v2\/product_brand?post=39038"},{"taxonomy":"product_cat","embeddable":true,"href":"https:\/\/racefinder.pt\/pt\/wp-json\/wp\/v2\/product_cat?post=39038"},{"taxonomy":"product_tag","embeddable":true,"href":"https:\/\/racefinder.pt\/pt\/wp-json\/wp\/v2\/product_tag?post=39038"}],"curies":[{"name":"wp","href":"https:\/\/api.w.org\/{rel}","templated":true}]}}