{"id":39032,"date":"2026-03-24T23:03:15","date_gmt":"2026-03-24T23:03:15","guid":{"rendered":"https:\/\/racefinder.pt\/?post_type=product&#038;p=39032"},"modified":"2026-03-25T18:09:47","modified_gmt":"2026-03-25T18:09:47","slug":"1o-crp-resistencia-trail","status":"publish","type":"product","link":"https:\/\/racefinder.pt\/pt\/event\/1o-crp-resistencia-trail\/","title":{"rendered":"1\u00ba CRP Resist\u00eancia Trail"},"content":{"rendered":"","protected":false},"excerpt":{"rendered":"","protected":false},"featured_media":38535,"comment_status":"open","ping_status":"closed","template":"","meta":{"_acf_changed":false,"footnotes":""},"product_brand":[],"product_cat":[129,139],"product_tag":[],"class_list":{"0":"post-39032","1":"product","2":"type-product","3":"status-publish","4":"has-post-thumbnail","6":"product_cat-corrida","7":"product_cat-trail-run-pt","9":"first","10":"instock","11":"shipping-taxable","12":"product-type-variable"},"acf":{"event_location_text":"Alcoba\u00e7a, Leiria","event_short_description":"<p>A 1\u00aa CRP Resist\u00eancia Trail \u00e9 uma prova de trail running marcada para 31 de outubro de 2026, em Benedita, Alcoba\u00e7a. Esta corrida oferece um desafio para os praticantes de trail.<\/p>\n","organizer_description":"","race_benefits":"","event_faq_headline":"FAQ","event_faq_items":false,"event_date_start":"20261031","event_date_end":"20261031","event_start_time":"","event_country":"portugal","event_ticket_url":"https:\/\/www.recordepessoal.pt\/evento\/1crpresistenciatrail","event_latitude":"39.4257","event_longitude":"-8.98","event_rating":"","is_hot_event":false,"event_participants_count":"0","organizer_avatar":false,"event_gallery":false,"purchasing_all_variations_through_woocommerce":false,"optional_extras":false,"organizer_website":{"title":"","url":"","target":"","0":""}},"_links":{"self":[{"href":"https:\/\/racefinder.pt\/pt\/wp-json\/wp\/v2\/product\/39032","targetHints":{"allow":["GET"]}}],"collection":[{"href":"https:\/\/racefinder.pt\/pt\/wp-json\/wp\/v2\/product"}],"about":[{"href":"https:\/\/racefinder.pt\/pt\/wp-json\/wp\/v2\/types\/product"}],"replies":[{"embeddable":true,"href":"https:\/\/racefinder.pt\/pt\/wp-json\/wp\/v2\/comments?post=39032"}],"version-history":[{"count":1,"href":"https:\/\/racefinder.pt\/pt\/wp-json\/wp\/v2\/product\/39032\/revisions"}],"predecessor-version":[{"id":39033,"href":"https:\/\/racefinder.pt\/pt\/wp-json\/wp\/v2\/product\/39032\/revisions\/39033"}],"wp:featuredmedia":[{"embeddable":true,"href":"https:\/\/racefinder.pt\/pt\/wp-json\/wp\/v2\/media\/38535"}],"wp:attachment":[{"href":"https:\/\/racefinder.pt\/pt\/wp-json\/wp\/v2\/media?parent=39032"}],"wp:term":[{"taxonomy":"product_brand","embeddable":true,"href":"https:\/\/racefinder.pt\/pt\/wp-json\/wp\/v2\/product_brand?post=39032"},{"taxonomy":"product_cat","embeddable":true,"href":"https:\/\/racefinder.pt\/pt\/wp-json\/wp\/v2\/product_cat?post=39032"},{"taxonomy":"product_tag","embeddable":true,"href":"https:\/\/racefinder.pt\/pt\/wp-json\/wp\/v2\/product_tag?post=39032"}],"curies":[{"name":"wp","href":"https:\/\/api.w.org\/{rel}","templated":true}]}}