{"id":38861,"date":"2026-03-23T23:08:27","date_gmt":"2026-03-23T23:08:27","guid":{"rendered":"https:\/\/racefinder.pt\/?post_type=product&#038;p=38861"},"modified":"2026-03-24T11:26:37","modified_gmt":"2026-03-24T11:26:37","slug":"corrida-de-sao-joao-de-braga-2026","status":"publish","type":"product","link":"https:\/\/racefinder.pt\/pt\/event\/corrida-de-sao-joao-de-braga-2026\/","title":{"rendered":"Corrida de S\u00e3o Jo\u00e3o de Braga 2026"},"content":{"rendered":"","protected":false},"excerpt":{"rendered":"","protected":false},"featured_media":38992,"comment_status":"open","ping_status":"closed","template":"","meta":{"_acf_changed":false,"footnotes":""},"product_brand":[],"product_cat":[140,129,246],"product_tag":[],"class_list":{"0":"post-38861","1":"product","2":"type-product","3":"status-publish","4":"has-post-thumbnail","6":"product_cat-caminhada","7":"product_cat-corrida","8":"product_cat-corrida-de-rua","10":"first","11":"instock","12":"shipping-taxable","13":"purchasable","14":"product-type-variable"},"acf":{"event_location_text":"Braga","event_short_description":"<p>A Corrida de S\u00e3o Jo\u00e3o de Braga 2026 realiza-se a 21 de junho de 2026, na cidade de Braga, Portugal, com partida e chegada na Av. Jo\u00e3o Paulo II. Inclui uma corrida competitiva de 12 km para atletas nascidos em 2008 ou antes e uma caminhada de 5 km sem car\u00e1ter competitivo, aberta a todas as idades.<\/p>\n<p>A prova aceita atletas federados e n\u00e3o federados, proporcionando um ambiente festivo para celebrar as festas de S\u00e3o Jo\u00e3o de forma ativa com amigos e fam\u00edlia. O percurso de 12 km atravessa v\u00e1rias avenidas e ruas da cidade, oferecendo um trajeto urbano din\u00e2mico.<\/p>\n","organizer_description":"<p><strong><a class=\"\" href=\"https:\/\/runporto.com\/pt\/eventos\/corrida-de-sao-joao-de-braga\/corrida-de-sao-joao-de-braga-2026\/regulamento\/\" target=\"_new\" rel=\"noopener\">Regulamento \u2197<\/a><\/strong><\/p>\n<p><strong>Locais de partida\/chegada:<\/strong> Partida e chegada na Av. Jo\u00e3o Paulo II, Braga<\/p>\n<p><strong>Hor\u00e1rios de partida por categoria\/dist\u00e2ncia:<\/strong><br \/>\n\u2022 Corrida 12 km: 09:30<br \/>\n\u2022 Caminhada 5 km: 09:30<\/p>\n<p><strong>Escal\u00f5es\/categorias:<\/strong><br \/>\n\u2022 Corrida 12 km: nascidos em 2008 ou antes<br \/>\n\u2022 Caminhada 5 km: todas as idades<\/p>\n<p><strong>Prazo de inscri\u00e7\u00e3o:<\/strong> Inscri\u00e7\u00f5es limitadas; inscri\u00e7\u00f5es de \u00faltima hora nos dias 20 e 21 de junho na Av. Mestre Jos\u00e9 Veiga<\/p>\n<p><strong>Levantamento de dorsais (data\/hora e local):<\/strong><br \/>\n\u2022 20 de junho, 10:00\u201319:00<br \/>\n\u2022 21 de junho, 08:00\u201309:00<br \/>\n\u2022 Local: Av. Mestre Jos\u00e9 Veiga<\/p>\n<p><strong>Tipos de piso:<\/strong> Vias urbanas e ruas de Braga<\/p>\n<p><strong>Percursos da prova:<\/strong><br \/>\n\u2022 Corrida 12 km: Av. Jo\u00e3o Paulo II, Av. dos Lus\u00edadas, Av. Dom Jo\u00e3o II, Av. Robert Smith, Rua Sim\u00f5es de Almeida, Rua do Espadanido, Rua Padre Francisco de Almeida, Av. Dr. Porf\u00edrio da Silva, Av. 31 de Janeiro, Largo da Senhora-a-Branca, Av. Central, Rua dos Ch\u00e3os, Pra\u00e7a Alexandre Herculano, Rua Gabriel Pereira de Castro, Rua do Carmo, Rua Conde de Agrolongo, Rua Alferes Alfredo Ferreira, Pra\u00e7a Conselheiro Torres de Almeida, Rua dos Biscainhos, Largo da Porta Nova, Rua D. Diogo de Sousa, Rua do Souto, Largo Bar\u00e3o de S. Martinho, Rua de S. Marcos, Rua de S. L\u00e1zaro, Rua do Raio, Av. da Liberdade, Av. Imaculada Concei\u00e7\u00e3o, Pra\u00e7a do Santo Condest\u00e1vel, Av. Imaculada Concei\u00e7\u00e3o, Av. Jo\u00e3o XXI, Av. Jo\u00e3o Paulo II<br \/>\n\u2022 Caminhada 5 km: Av. Jo\u00e3o Paulo II, Av. dos Lus\u00edadas, Av. Dom Jo\u00e3o II, Av. Robert Smith, Rua Sim\u00f5es de Almeida, Rua do Espadanido, Rua Padre Francisco de Almeida, Av. Dr. Porf\u00edrio da Silva, Av. 31 de Janeiro, Av. Jo\u00e3o XXI, Av. Jo\u00e3o Paulo II<\/p>\n<p><strong>M\u00e9todo de cronometragem:<\/strong> Sistema eletr\u00f3nico de chip MyLaps-Runporto.com<\/p>\n<p><strong>WC e localiza\u00e7\u00e3o dos abastecimentos:<\/strong> Abastecimentos a partir do km 5 e a cada 5 km com \u00e1gua e esponjas; poder\u00e3o ser adicionados mais conforme a temperatura<\/p>\n<p><strong>Limite de participantes:<\/strong> Inscri\u00e7\u00f5es limitadas<\/p>\n<p><strong>Pr\u00e9mios:<\/strong> Brindes comemorativos e t-shirts distribu\u00eddos na chegada, sujeitos a stock<\/p>\n<p><strong>Pol\u00edtica de saco de atleta (drop bag):<\/strong> Servi\u00e7o dispon\u00edvel na zona de chegada para sacos identificados com o n\u00famero do dorsal; sem responsabilidade por objetos perdidos<\/p>\n<p><strong>Tempos limite:<\/strong> Dura\u00e7\u00e3o m\u00e1xima de 2 horas para corrida e caminhada<\/p>\n","race_benefits":"<p>\ud83c\udfbd Kit do atleta: dorsal, chip eletr\u00f3nico de cronometragem, t-shirt comemorativa (sujeita a disponibilidade)<br \/>\n\ud83c\udfc5 Pr\u00e9mio de finalista: brindes comemorativos e t-shirts na chegada (dependente de stock)<br \/>\n\u23f1\ufe0f Cronometragem + resultados ao vivo via sistema eletr\u00f3nico MyLaps-Runporto.com<br \/>\n\ud83d\udedf Apoio de seguran\u00e7a: assist\u00eancia m\u00e9dica dispon\u00edvel durante o evento<br \/>\n\ud83e\udd64 Abastecimentos: \u00e1gua e esponjas a partir do km 5 e a cada 5 km, com possibilidade de esta\u00e7\u00f5es adicionais conforme a temperatura<br \/>\n\ud83e\uddf3 Transporte de drop-bag\/equipamento: servi\u00e7o de guarda-roupa na zona de chegada para sacos identificados com o dorsal<\/p>\n","event_faq_headline":"FAQ","event_faq_items":[{"item_title":"Como posso inscrever-me no evento?","item_description":"As inscri\u00e7\u00f5es est\u00e3o dispon\u00edveis online em www.runporto.com e na Loja do Corredor no Porto. Inscri\u00e7\u00f5es de \u00faltima hora s\u00e3o poss\u00edveis nos dias 20 e 21 de junho na Av. Mestre Jos\u00e9 Veiga, sujeitas a disponibilidade."},{"item_title":"As crian\u00e7as podem participar?","item_description":"A caminhada de 5 km \u00e9 aberta a todas as idades sem car\u00e1ter competitivo. A corrida de 12 km \u00e9 para atletas nascidos em 2008 ou antes."},{"item_title":"Como fa\u00e7o para levantar o kit de participa\u00e7\u00e3o?","item_description":"Os kits podem ser levantados no dia 20 de junho das 10:00 \u00e0s 19:00 e no dia 21 de junho das 08:00 \u00e0s 09:00 na Av. Mestre Jos\u00e9 Veiga. \u00c9 necess\u00e1ria identifica\u00e7\u00e3o e confirma\u00e7\u00e3o da inscri\u00e7\u00e3o."},{"item_title":"Qual \u00e9 a dura\u00e7\u00e3o m\u00e1xima da prova?","item_description":"Tanto a corrida de 12 km como a caminhada de 5 km t\u00eam dura\u00e7\u00e3o m\u00e1xima de 2 horas."},{"item_title":"Existe apoio m\u00e9dico durante a prova?","item_description":"Sim, h\u00e1 assist\u00eancia m\u00e9dica dispon\u00edvel durante a prova, na partida e na chegada."}],"event_date_start":"20260621","event_date_end":"20260621","event_start_time":"","event_country":"portugal","event_ticket_url":"https:\/\/runporto.com\/pt\/eventos\/corrida-de-sao-joao-de-braga\/corrida-de-sao-joao-de-braga-2026\/","event_latitude":"41.5514","event_longitude":"-8.4098","event_rating":"","is_hot_event":false,"event_participants_count":"0","organizer_avatar":false,"event_gallery":false,"purchasing_all_variations_through_woocommerce":false,"organizer_website":{"title":"","url":"","target":"","0":""}},"_links":{"self":[{"href":"https:\/\/racefinder.pt\/pt\/wp-json\/wp\/v2\/product\/38861","targetHints":{"allow":["GET"]}}],"collection":[{"href":"https:\/\/racefinder.pt\/pt\/wp-json\/wp\/v2\/product"}],"about":[{"href":"https:\/\/racefinder.pt\/pt\/wp-json\/wp\/v2\/types\/product"}],"replies":[{"embeddable":true,"href":"https:\/\/racefinder.pt\/pt\/wp-json\/wp\/v2\/comments?post=38861"}],"version-history":[{"count":1,"href":"https:\/\/racefinder.pt\/pt\/wp-json\/wp\/v2\/product\/38861\/revisions"}],"predecessor-version":[{"id":38862,"href":"https:\/\/racefinder.pt\/pt\/wp-json\/wp\/v2\/product\/38861\/revisions\/38862"}],"wp:featuredmedia":[{"embeddable":true,"href":"https:\/\/racefinder.pt\/pt\/wp-json\/wp\/v2\/media\/38992"}],"wp:attachment":[{"href":"https:\/\/racefinder.pt\/pt\/wp-json\/wp\/v2\/media?parent=38861"}],"wp:term":[{"taxonomy":"product_brand","embeddable":true,"href":"https:\/\/racefinder.pt\/pt\/wp-json\/wp\/v2\/product_brand?post=38861"},{"taxonomy":"product_cat","embeddable":true,"href":"https:\/\/racefinder.pt\/pt\/wp-json\/wp\/v2\/product_cat?post=38861"},{"taxonomy":"product_tag","embeddable":true,"href":"https:\/\/racefinder.pt\/pt\/wp-json\/wp\/v2\/product_tag?post=38861"}],"curies":[{"name":"wp","href":"https:\/\/api.w.org\/{rel}","templated":true}]}}