{"id":38383,"date":"2026-03-19T23:10:10","date_gmt":"2026-03-19T23:10:10","guid":{"rendered":"https:\/\/racefinder.pt\/?post_type=product&#038;p=38383"},"modified":"2026-03-20T07:47:03","modified_gmt":"2026-03-20T07:47:03","slug":"gp-sao-paio-de-oleiros","status":"publish","type":"product","link":"https:\/\/racefinder.pt\/pt\/event\/gp-sao-paio-de-oleiros\/","title":{"rendered":"GP S\u00e3o Paio de Oleiros"},"content":{"rendered":"","protected":false},"excerpt":{"rendered":"","protected":false},"featured_media":38502,"comment_status":"open","ping_status":"closed","template":"","meta":{"_acf_changed":false,"footnotes":""},"product_brand":[],"product_cat":[129,246,2697,161],"product_tag":[],"class_list":{"0":"post-38383","1":"product","2":"type-product","3":"status-publish","4":"has-post-thumbnail","6":"product_cat-corrida","7":"product_cat-corrida-de-rua","8":"product_cat-jovens","9":"product_cat-kids-pt","11":"first","12":"instock","13":"shipping-taxable","14":"purchasable","15":"product-type-variable"},"acf":{"event_location_text":"Santa Maria da Feira, Aveiro","event_short_description":"<p>A 36\u00aa edi\u00e7\u00e3o do GP S\u00e3o Paio de Oleiros, uma prova de corrida de estrada, realizar-se-\u00e1 a 5 de julho de 2026 em S\u00e3o Paio de Oleiros, Santa Maria da Feira. Este evento \u00e9 uma das provas mais antigas da regi\u00e3o, organizado pelo GD S\u00e3o Paio de Oleiros em parceria com a c\u00e2mara municipal local.<\/p>\n<p>A corrida inclui categorias para v\u00e1rias faixas et\u00e1rias, incluindo juniores, seniores, veteranos e categorias jovens, com participa\u00e7\u00e3o gratuita para os mais jovens e taxa de inscri\u00e7\u00e3o para as categorias adultas. Faz parte do calend\u00e1rio local de corridas de estrada, atraindo um grupo diversificado de corredores.<\/p>\n","organizer_description":"<p><strong><a class=\"\" href=\"https:\/\/lap2go.com\/pt\/event\/gp-paio-oleiros-2026\/regulamento.html\" target=\"_new\" rel=\"noopener\">Regulamento \u2197<\/a><\/strong><\/p>\n<p><strong>Locais de partida\/chegada:<\/strong> S\u00e3o Paio de Oleiros, Santa Maria da Feira<\/p>\n<p><strong>Prazo de inscri\u00e7\u00e3o:<\/strong> 1 de julho de 2026<\/p>\n<p><strong>Escal\u00f5es\/categorias:<\/strong><br \/>\n\u2022 Infantil F., Infantil M., Iniciado F., Iniciado M., Juvenil F., Juvenil M., Benjamim A F., Benjamim A M., Benjamim B F., Benjamim B M.<br \/>\n\u2022 Junior F., Junior M., Senior F., Senior M., Vet. M40, Vet. M45, Vet. M50, Vet. M55, Vet. M60, Vet. F40, Vet. F50<\/p>\n<p><strong>Tipos de piso:<\/strong> Corrida de estrada<\/p>\n<p><strong>M\u00e9todo de cronometragem:<\/strong> Cronometragem eletr\u00f3nica<\/p>\n","race_benefits":"<p>\ud83c\udfbd Oferta de toalha para todos os participantes da prova principal que terminem<br data-start=\"488\" data-end=\"491\" \/>\ud83c\udfc5 Medalh\u00e3o para todos os participantes jovens que terminem<br data-start=\"550\" data-end=\"553\" \/>\ud83c\udfc6 Trof\u00e9us para os 3 primeiros classificados de cada escal\u00e3o<br data-start=\"613\" data-end=\"616\" \/>\ud83c\udfc6 Trof\u00e9us para as 10 primeiras equipas (classifica\u00e7\u00e3o jovem e prova principal)<br data-start=\"695\" data-end=\"698\" data-is-only-node=\"\" \/>\ud83c\udf81 Pr\u00e9mios utilit\u00e1rios para os melhores classificados<br data-start=\"751\" data-end=\"754\" \/>\u23f1 Cronometragem eletr\u00f3nica com chip<br data-start=\"789\" data-end=\"792\" \/>\ud83d\udee1 Seguro de acidentes pessoais inclu\u00eddo<\/p>\n","event_faq_headline":"FAQ","event_faq_items":false,"event_date_start":"20260705","event_date_end":"20260705","event_start_time":"","event_country":"portugal","event_ticket_url":"https:\/\/lap2go.com\/pt\/event\/gp-paio-oleiros-2026","event_latitude":"40.9254","event_longitude":"-8.5426","event_rating":"","is_hot_event":false,"event_participants_count":"0","organizer_avatar":false,"event_gallery":false,"purchasing_all_variations_through_woocommerce":false,"organizer_website":{"title":"","url":"","target":"","0":""}},"_links":{"self":[{"href":"https:\/\/racefinder.pt\/pt\/wp-json\/wp\/v2\/product\/38383","targetHints":{"allow":["GET"]}}],"collection":[{"href":"https:\/\/racefinder.pt\/pt\/wp-json\/wp\/v2\/product"}],"about":[{"href":"https:\/\/racefinder.pt\/pt\/wp-json\/wp\/v2\/types\/product"}],"replies":[{"embeddable":true,"href":"https:\/\/racefinder.pt\/pt\/wp-json\/wp\/v2\/comments?post=38383"}],"version-history":[{"count":2,"href":"https:\/\/racefinder.pt\/pt\/wp-json\/wp\/v2\/product\/38383\/revisions"}],"predecessor-version":[{"id":38507,"href":"https:\/\/racefinder.pt\/pt\/wp-json\/wp\/v2\/product\/38383\/revisions\/38507"}],"wp:featuredmedia":[{"embeddable":true,"href":"https:\/\/racefinder.pt\/pt\/wp-json\/wp\/v2\/media\/38502"}],"wp:attachment":[{"href":"https:\/\/racefinder.pt\/pt\/wp-json\/wp\/v2\/media?parent=38383"}],"wp:term":[{"taxonomy":"product_brand","embeddable":true,"href":"https:\/\/racefinder.pt\/pt\/wp-json\/wp\/v2\/product_brand?post=38383"},{"taxonomy":"product_cat","embeddable":true,"href":"https:\/\/racefinder.pt\/pt\/wp-json\/wp\/v2\/product_cat?post=38383"},{"taxonomy":"product_tag","embeddable":true,"href":"https:\/\/racefinder.pt\/pt\/wp-json\/wp\/v2\/product_tag?post=38383"}],"curies":[{"name":"wp","href":"https:\/\/api.w.org\/{rel}","templated":true}]}}