{"id":3836,"date":"2025-07-03T10:39:52","date_gmt":"2025-07-03T09:39:52","guid":{"rendered":"https:\/\/www.racefinder.pt\/event\/cebola-run\/"},"modified":"2025-09-03T15:38:29","modified_gmt":"2025-09-03T14:38:29","slug":"cebola-run","status":"publish","type":"product","link":"https:\/\/racefinder.pt\/pt\/event\/cebola-run\/","title":{"rendered":"Cebola Run"},"content":{"rendered":"","protected":false},"excerpt":{"rendered":"","protected":false},"featured_media":7493,"comment_status":"open","ping_status":"closed","template":"","meta":{"_acf_changed":false,"footnotes":""},"product_brand":[],"product_cat":[129,246,161],"product_tag":[],"class_list":{"0":"post-3836","1":"product","2":"type-product","3":"status-publish","4":"has-post-thumbnail","6":"product_cat-corrida","7":"product_cat-corrida-de-rua","8":"product_cat-kids-pt","10":"first","11":"instock","12":"shipping-taxable","13":"purchasable","14":"product-type-variable"},"acf":{"event_date_start":"20250906","event_date_end":"","event_start_time":"","event_country":"portugal","event_ticket_url":"https:\/\/lap2go.com\/pt\/event\/cebola-run-2025","event_latitude":"39.3428","event_longitude":"-8.9380","event_rating":"","is_hot_event":false,"event_participants_count":"0","organizer_avatar":false,"event_gallery":false,"event_location_text":"Rio Maior","event_full_address":"","event_short_description":"<div id=\"model-response-message-contentr_ecd9eed052d96689\" class=\"markdown markdown-main-panel stronger enable-updated-hr-color\" dir=\"ltr\">\n<p>A &#8220;Cebola Run&#8221; regressa a Rio Maior no dia 6 de setembro de 2025 para uma celebra\u00e7\u00e3o festiva e familiar do desporto e da identidade local. Com uma corrida de estrada de 10 km e a intergeracional &#8220;Corrida das Cebolinhas&#8221; para crian\u00e7as e adultos, este evento promove a divers\u00e3o, a sa\u00fade e o esp\u00edrito de comunidade. Com partida e chegada no Pavilh\u00e3o Multiusos de Rio Maior, o evento oferece entretenimento ao vivo, brindes para os finishers e um ambiente animado. A prova inclui tamb\u00e9m um b\u00f3nus especial: os primeiros 500 inscritos na corrida de 10 km recebem um bilhete gratuito para o concerto de Nininho Vaz Maia.<\/p>\n<\/div>\n","organizer_name":"","organizer_description":"<p><a href=\"https:\/\/lap2go.com\/pt\/event\/cebola-run-2025\/regulamento.html\">Link do regulamento<\/a><\/p>\n<div id=\"model-response-message-contentr_74dbd6b112d8d3a7\" class=\"markdown markdown-main-panel stronger enable-updated-hr-color\" dir=\"ltr\">\n<p>&nbsp;<\/p>\n<h3><b>Detalhes e Regulamento da Prova<\/b><\/h3>\n<p>&nbsp;<\/p>\n<ul>\n<li><b>Data e local:<\/b>\n<ul>\n<li>6 de setembro de 2025 \u2013 Pavilh\u00e3o Multiusos de Rio Maior<\/li>\n<\/ul>\n<\/li>\n<li><b>Dist\u00e2ncias:<\/b>\n<ul>\n<li>10 km (Cebola Run)<\/li>\n<li>300\u2013500 m (Corrida das Cebolinhas)<\/li>\n<\/ul>\n<\/li>\n<li><b>Hor\u00e1rios de Partida:<\/b>\n<ul>\n<li>Corrida das Cebolinhas: 16:00<\/li>\n<li>Corrida de 10 km: 18:00<\/li>\n<\/ul>\n<\/li>\n<li><b>Local e hor\u00e1rios de levantamento dos dorsais:<\/b>\n<ul>\n<li>4 e 5 de setembro: 18:00\u201323:00<\/li>\n<li>6 de setembro: 09:00\u201316:00<\/li>\n<li><b>Local:<\/b> Pavilh\u00e3o Multiusos de Rio Maior<\/li>\n<\/ul>\n<\/li>\n<li><b>Local de partida\/chegada:<\/b>\n<ul>\n<li>Pavilh\u00e3o Multiusos de Rio Maior<\/li>\n<\/ul>\n<\/li>\n<li><b>M\u00e9todo de cronometragem:<\/b>\n<ul>\n<li>Cronometragem eletr\u00f3nica com chip embutido no dorsal (a corrida das Cebolinhas n\u00e3o \u00e9 cronometrada)<\/li>\n<\/ul>\n<\/li>\n<li><b>Tempo limite:<\/b>\n<ul>\n<li>10 km: 2 horas (o evento termina \u00e0s 20:00)<\/li>\n<\/ul>\n<\/li>\n<li><b>Prazo de inscri\u00e7\u00e3o:<\/b>\n<ul>\n<li>5 de setembro de 2025 ou at\u00e9 esgotarem os lugares<\/li>\n<\/ul>\n<\/li>\n<li><b>Taxas de inscri\u00e7\u00e3o:<\/b>\n<ul>\n<li>10 km: 15 \u20ac<\/li>\n<li>Cebolinhas: Gratuito<\/li>\n<\/ul>\n<\/li>\n<li><b>Categorias et\u00e1rias:<\/b>\n<ul>\n<li>10 km: Maiores de 16 anos (Juvenis a V90+)<\/li>\n<li>Cebolinhas: Nascidos entre 2010 e 2019<\/li>\n<\/ul>\n<\/li>\n<li><b>Formato do percurso:<\/b>\n<ul>\n<li>Corrida de estrada (percurso oficialmente aprovado); barreiras de seguran\u00e7a instaladas<\/li>\n<\/ul>\n<\/li>\n<li><b>Localiza\u00e7\u00e3o dos postos de abastecimento:<\/b>\n<ul>\n<li>10 km: ao km 5 (l\u00edquidos) e na meta (l\u00edquidos + s\u00f3lidos)<\/li>\n<li>Cebolinhas: na meta<\/li>\n<\/ul>\n<\/li>\n<li><b>Documentos para levantamento do kit:<\/b>\n<ul>\n<li>\u00c9 necess\u00e1rio e-mail de confirma\u00e7\u00e3o (documento de identifica\u00e7\u00e3o exigido se for levantar para outro participante)<\/li>\n<\/ul>\n<\/li>\n<li><b>Seguro:<\/b>\n<ul>\n<li>Inclui seguro de acidentes pessoais (conforme exigido pela lei portuguesa)<\/li>\n<\/ul>\n<\/li>\n<li><b>Seguran\u00e7a:<\/b>\n<ul>\n<li>Pol\u00edcia e equipa m\u00e9dica com ambul\u00e2ncias no percurso<\/li>\n<\/ul>\n<\/li>\n<li><b>Regras de participa\u00e7\u00e3o:<\/b>\n<ul>\n<li>A &#8220;Corrida das Cebolinhas&#8221; exige uma equipa de um jovem (6\u201315 anos) + um adulto (maior de 16 anos)<\/li>\n<\/ul>\n<\/li>\n<li><b>Motivos de desclassifica\u00e7\u00e3o:<\/b>\n<ul>\n<li>Uso de dorsal\/chip incorreto, cortar o percurso ou comportamento inseguro<\/li>\n<\/ul>\n<\/li>\n<\/ul>\n<\/div>\n","race_benefits":"<div id=\"model-response-message-contentr_474759e6bb954a0e\" class=\"markdown markdown-main-panel stronger enable-updated-hr-color\" dir=\"ltr\">\n<p>\ud83c\udfbd <b>Kit do Atleta: <\/b>T-shirt t\u00e9cnica, dorsal e chip (2 t-shirts por equipa nas Cebolinhas)<\/p>\n<p>\ud83c\udfc5 Medalha de finisher para todos os que terminarem a prova de 10 km; brinde para os participantes da \u201cCorrida das Cebolinhas\u201d<\/p>\n<p>\u23f1\ufe0f Cronometragem com chip para os 10 km (chip descart\u00e1vel)<\/p>\n<p>\ud83d\udedf Apoio m\u00e9dico no percurso e ambul\u00e2ncias<\/p>\n<p>\ud83d\udee1\ufe0f Seguro: cobertura de acidentes pessoais de acordo com a legisla\u00e7\u00e3o portuguesa<\/p>\n<p>\ud83e\udd64 Abastecimento: l\u00edquidos no km 5 e na meta; snacks s\u00f3lidos na meta (10 km)<\/p>\n<p>\ud83c\udfc6 Trof\u00e9us e pr\u00e9mios em dinheiro: (\u20ac500\/\u20ac300\/\u20ac200) para os 3 primeiros homens e mulheres da classifica\u00e7\u00e3o geral<\/p>\n<\/div>\n","organizer_website":{"title":"","url":"","target":"","0":""}},"_links":{"self":[{"href":"https:\/\/racefinder.pt\/pt\/wp-json\/wp\/v2\/product\/3836","targetHints":{"allow":["GET"]}}],"collection":[{"href":"https:\/\/racefinder.pt\/pt\/wp-json\/wp\/v2\/product"}],"about":[{"href":"https:\/\/racefinder.pt\/pt\/wp-json\/wp\/v2\/types\/product"}],"replies":[{"embeddable":true,"href":"https:\/\/racefinder.pt\/pt\/wp-json\/wp\/v2\/comments?post=3836"}],"version-history":[{"count":0,"href":"https:\/\/racefinder.pt\/pt\/wp-json\/wp\/v2\/product\/3836\/revisions"}],"wp:featuredmedia":[{"embeddable":true,"href":"https:\/\/racefinder.pt\/pt\/wp-json\/wp\/v2\/media\/7493"}],"wp:attachment":[{"href":"https:\/\/racefinder.pt\/pt\/wp-json\/wp\/v2\/media?parent=3836"}],"wp:term":[{"taxonomy":"product_brand","embeddable":true,"href":"https:\/\/racefinder.pt\/pt\/wp-json\/wp\/v2\/product_brand?post=3836"},{"taxonomy":"product_cat","embeddable":true,"href":"https:\/\/racefinder.pt\/pt\/wp-json\/wp\/v2\/product_cat?post=3836"},{"taxonomy":"product_tag","embeddable":true,"href":"https:\/\/racefinder.pt\/pt\/wp-json\/wp\/v2\/product_tag?post=3836"}],"curies":[{"name":"wp","href":"https:\/\/api.w.org\/{rel}","templated":true}]}}