{"id":37693,"date":"2026-03-13T23:25:52","date_gmt":"2026-03-13T23:25:52","guid":{"rendered":"https:\/\/racefinder.pt\/?post_type=product&#038;p=37693"},"modified":"2026-03-17T10:43:08","modified_gmt":"2026-03-17T10:43:08","slug":"batalha-do-vimeiro-2","status":"publish","type":"product","link":"https:\/\/racefinder.pt\/pt\/event\/batalha-do-vimeiro-2\/","title":{"rendered":"BATALHA DO VIMEIRO"},"content":{"rendered":"","protected":false},"excerpt":{"rendered":"","protected":false},"featured_media":37150,"comment_status":"open","ping_status":"closed","template":"","meta":{"_acf_changed":false,"footnotes":""},"product_brand":[],"product_cat":[193,130],"product_tag":[],"class_list":{"0":"post-37693","1":"product","2":"type-product","3":"status-publish","4":"has-post-thumbnail","6":"product_cat-btt-pt-2","7":"product_cat-ciclismo","9":"first","10":"instock","11":"shipping-taxable","12":"purchasable","13":"product-type-variable"},"acf":{"event_location_text":"Lourinh\u00e3, Lisboa","event_short_description":"<p>A Ta\u00e7a Oeste XCM BTT 2026 \u00e9 uma s\u00e9rie amadora de maratonas de mountain bike organizada pela MR3eventus, realizada em Vimeiro-Lourinh\u00e3, Lisboa, com a primeira etapa a 4 de outubro de 2026, com in\u00edcio \u00e0s 09:00. O evento oferece duas dist\u00e2ncias: Maratona de aproximadamente 60 km e Meia Maratona de aproximadamente 40 km, em estradas rurais e trilhos.<\/p>\n<p>Aberto a todos os participantes com 18 anos ou mais, com autoriza\u00e7\u00e3o dos pais para menores de 18 anos. \u00c9 permitida a participa\u00e7\u00e3o com E-Bikes, mas apenas classificadas na Maratona. A competi\u00e7\u00e3o inclui v\u00e1rias categorias et\u00e1rias para homens e mulheres, com sistema de pontos em quatro etapas para classifica\u00e7\u00e3o geral.<\/p>\n<p>Os percursos s\u00e3o marcados com cal e setas vermelhas, e os participantes devem cumprir as regras de tr\u00e2nsito, pois os percursos est\u00e3o abertos a outros ve\u00edculos. O evento enfatiza a seguran\u00e7a, uso obrigat\u00f3rio de capacete e cumprimento do regulamento, criando uma atmosfera competitiva e amadora.<\/p>\n","organizer_description":"<p><strong><a class=\"\" href=\"https:\/\/assets.apedalar.pt\/media\/8328\/692994cf2afff_regulamento.pdf\" target=\"_new\" rel=\"noopener\">Regulamento \u2197<\/a><\/strong><\/p>\n<p><strong>Escal\u00f5es\/categorias:<\/strong><br \/>\n\u2022 Sub-23 (at\u00e9 23 anos) Masculino Maratona e Meia Maratona<br \/>\n\u2022 Elites (24-29 anos) Masculino Maratona e Meia Maratona<br \/>\n\u2022 Masters 30 (30-39 anos) Masculino Maratona e Meia Maratona<br \/>\n\u2022 Masters 40 (40-49 anos) Masculino Maratona e Meia Maratona<br \/>\n\u2022 Masters 50 (50-59 anos) Masculino Maratona e Meia Maratona<br \/>\n\u2022 Masters 60 (60+ anos) Masculino Maratona e Meia Maratona (m\u00ednimo 5 atletas por prova)<br \/>\n\u2022 Elites Feminino (at\u00e9 39 anos) Meia Maratona (m\u00ednimo 3 atletas por prova)<br \/>\n\u2022 Masters Feminino (40+ anos) Meia Maratona (m\u00ednimo 3 atletas por prova)<\/p>\n<p><strong>Locais de partida\/chegada:<\/strong> Vimeiro-Lourinh\u00e3, Lisboa<\/p>\n<p><strong>Hor\u00e1rios de partida por categoria\/dist\u00e2ncia:<\/strong> Partida \u00e0s 09:00 para todas as categorias no dia da prova<\/p>\n<p><strong>Tempos limite:<\/strong> Participantes da Maratona devem passar no ponto de divis\u00e3o at\u00e9 \u00e0 hora indicada pela organiza\u00e7\u00e3o antes do in\u00edcio da prova, sob pena de desqualifica\u00e7\u00e3o.<\/p>\n<p><strong>Levantamento de dorsais (data\/hora e local):<\/strong> Secretariado abre no dia anterior \u00e0 etapa das 17:00 \u00e0s 19:00 e no dia da prova das 07:30 \u00e0s 09:30 no local da partida<\/p>\n<p><strong>Prazo de inscri\u00e7\u00e3o:<\/strong> At\u00e9 ter\u00e7a-feira antes de cada evento<\/p>\n<p><strong>Tipos de piso:<\/strong> Estradas rurais e trilhos, abertos a outros ve\u00edculos; os participantes devem cumprir as regras de tr\u00e2nsito<\/p>\n<p><strong>Formato do percurso:<\/strong> Aproximadamente 40 km (Meia Maratona) e 60 km (Maratona), marcados com cal e setas vermelhas em fundo branco, com ficheiros GPX disponibilizados<\/p>\n<p><strong>Percursos da prova:<\/strong> Percursos marcados com placas adicionais para zonas perigosas e paragens obrigat\u00f3rias; sujeitos a altera\u00e7\u00f5es por motivos de for\u00e7a maior<\/p>\n<p><strong>M\u00e9todo de cronometragem:<\/strong> Controlo de tempos por controladores do evento e empresa Apedalar com postos de controlo ao longo do percurso<\/p>\n<p><strong>Pr\u00e9mios:<\/strong> Presen\u00e7a obrigat\u00f3ria dos 3 primeiros classificados de cada escal\u00e3o nas cerim\u00f3nias de entrega; pr\u00e9mios finais entregues em data e local a comunicar pela organiza\u00e7\u00e3o<\/p>\n","race_benefits":"<p>\ud83c\udfbd Kit do atleta: dorsal e bra\u00e7adeiras<br \/>\n\ud83c\udfc5 Pr\u00e9mio de finalista: brindes e lembran\u00e7as<br \/>\n\u23f1\ufe0f Cronometragem + controlo de tempos com postos de controlo ao longo do percurso<br \/>\n\ud83d\udedf Apoio de seguran\u00e7a: elementos da organiza\u00e7\u00e3o nos postos de controlo<br \/>\n\ud83d\udee1\ufe0f Seguro: seguro de acidentes pessoais inclu\u00eddo na inscri\u00e7\u00e3o<br \/>\n\ud83e\udd64 Abastecimentos: l\u00edquidos e s\u00f3lidos, incluindo abastecimento final<br \/>\n\ud83d\udebf Duches dispon\u00edveis<br \/>\n\ud83d\udcf8 Fotos de cada atleta dispon\u00edveis na p\u00e1gina oficial do Facebook<\/p>\n","event_faq_headline":"FAQ","event_faq_items":false,"event_date_start":"20261004","event_date_end":"20261004","event_start_time":"","event_country":"portugal","event_ticket_url":"https:\/\/apedalar.pt\/eventos\/4073\/info","event_latitude":"39.1769","event_longitude":"-9.3168","event_rating":"","is_hot_event":false,"event_participants_count":"0","organizer_avatar":false,"event_gallery":false,"purchasing_all_variations_through_woocommerce":false,"organizer_website":{"title":"","url":"","target":"","0":""}},"_links":{"self":[{"href":"https:\/\/racefinder.pt\/pt\/wp-json\/wp\/v2\/product\/37693","targetHints":{"allow":["GET"]}}],"collection":[{"href":"https:\/\/racefinder.pt\/pt\/wp-json\/wp\/v2\/product"}],"about":[{"href":"https:\/\/racefinder.pt\/pt\/wp-json\/wp\/v2\/types\/product"}],"replies":[{"embeddable":true,"href":"https:\/\/racefinder.pt\/pt\/wp-json\/wp\/v2\/comments?post=37693"}],"version-history":[{"count":1,"href":"https:\/\/racefinder.pt\/pt\/wp-json\/wp\/v2\/product\/37693\/revisions"}],"predecessor-version":[{"id":37694,"href":"https:\/\/racefinder.pt\/pt\/wp-json\/wp\/v2\/product\/37693\/revisions\/37694"}],"wp:featuredmedia":[{"embeddable":true,"href":"https:\/\/racefinder.pt\/pt\/wp-json\/wp\/v2\/media\/37150"}],"wp:attachment":[{"href":"https:\/\/racefinder.pt\/pt\/wp-json\/wp\/v2\/media?parent=37693"}],"wp:term":[{"taxonomy":"product_brand","embeddable":true,"href":"https:\/\/racefinder.pt\/pt\/wp-json\/wp\/v2\/product_brand?post=37693"},{"taxonomy":"product_cat","embeddable":true,"href":"https:\/\/racefinder.pt\/pt\/wp-json\/wp\/v2\/product_cat?post=37693"},{"taxonomy":"product_tag","embeddable":true,"href":"https:\/\/racefinder.pt\/pt\/wp-json\/wp\/v2\/product_tag?post=37693"}],"curies":[{"name":"wp","href":"https:\/\/api.w.org\/{rel}","templated":true}]}}