{"id":37632,"date":"2026-03-13T23:12:19","date_gmt":"2026-03-13T23:12:19","guid":{"rendered":"https:\/\/racefinder.pt\/?post_type=product&#038;p=37632"},"modified":"2026-03-17T09:49:02","modified_gmt":"2026-03-17T09:49:02","slug":"sines-triathlon-3","status":"publish","type":"product","link":"https:\/\/racefinder.pt\/pt\/event\/sines-triathlon-3\/","title":{"rendered":"Sines Triathlon"},"content":{"rendered":"","protected":false},"excerpt":{"rendered":"","protected":false},"featured_media":37921,"comment_status":"open","ping_status":"closed","template":"","meta":{"_acf_changed":false,"footnotes":""},"product_brand":[],"product_cat":[132,251],"product_tag":[],"class_list":{"0":"post-37632","1":"product","2":"type-product","3":"status-publish","4":"has-post-thumbnail","6":"product_cat-triatlo","7":"product_cat-triatlo-de-media-distancia","9":"first","10":"instock","11":"shipping-taxable","12":"purchasable","13":"product-type-variable"},"acf":{"event_location_text":"Sines, Set\u00fabal","event_short_description":"<p>O Sines Triathlon 2026 \u00e9 um evento de triatlo que se realiza a 27 de setembro de 2026, em Sines, Portugal. Apresenta um percurso desafiante de 100 km, composto por 2 km de nata\u00e7\u00e3o na Ba\u00eda de Sines, 80 km de ciclismo em tr\u00eas voltas e 18 km de corrida divididos em tr\u00eas voltas de 6 km.<\/p>\n<p>Aberto a atletas com 18 anos ou mais, integra a HMS Triathlon Series, que inclui tamb\u00e9m o Set\u00fabal Triathlon. A prova oferece uma experi\u00eancia \u00fanica com o seu cen\u00e1rio costeiro e um sistema de partida em rolling start para maior seguran\u00e7a e melhor desempenho na nata\u00e7\u00e3o.<\/p>\n<p>Al\u00e9m da competi\u00e7\u00e3o individual, existe a categoria de estafetas, permitindo equipas de dois ou tr\u00eas elementos, tornando o evento inclusivo e din\u00e2mico. A atmosfera da prova combina esp\u00edrito competitivo com envolvimento comunit\u00e1rio, apoiada pela C\u00e2mara Municipal e organizada pela HMS Sports.<\/p>\n","organizer_description":"<p><strong><a class=\"\" href=\"https:\/\/sinestriathlon.pt\/site\/?local=regulations\" target=\"_new\" rel=\"noopener\">Regulamento \u2197<\/a><\/strong><\/p>\n<p><strong>Locais de partida\/chegada:<\/strong> Partida e chegada da nata\u00e7\u00e3o na Praia Vasco da Gama, parque de transi\u00e7\u00e3o e partida\/chegada do ciclismo e corrida no Passeio Vasco da Gama, Sines<\/p>\n<p><strong>Hor\u00e1rios de partida por categoria\/dist\u00e2ncia:<\/strong> 8:00 in\u00edcio Elite com rolling start a cada 5 segundos para grupos de seis atletas<\/p>\n<p><strong>Tempos limite:<\/strong><br \/>\n\u2022 Nata\u00e7\u00e3o: 1 hora a contar do in\u00edcio individual<br \/>\n\u2022 In\u00edcio do \u00faltimo tro\u00e7o de ciclismo: 11:20<br \/>\n\u2022 In\u00edcio do segmento de corrida: 12:20<br \/>\n\u2022 Conclus\u00e3o da prova: 14:50<\/p>\n<p><strong>Levantamento de dorsais (data\/hora e local):<\/strong><br \/>\n\u2022 25 de setembro, 14:00\u201318:00 e 26 de setembro, 10:00\u201317:00 no Hotel Sines Sea View<\/p>\n<p><strong>Limite de participantes:<\/strong> Estafetas limitadas a 50 inscri\u00e7\u00f5es<\/p>\n<p><strong>Tipos de piso:<\/strong><br \/>\n\u2022 Nata\u00e7\u00e3o: \u00e1guas abertas na Ba\u00eda de Sines<br \/>\n\u2022 Ciclismo: estradas asfaltadas<br \/>\n\u2022 Corrida: asfalto, cal\u00e7ada e ciclovia com 107 m de desn\u00edvel<\/p>\n<p><strong>Formato do percurso:<\/strong> Nata\u00e7\u00e3o 1 volta (2 km), ciclismo 3 voltas (~27 km cada), corrida 3 voltas (6 km cada)<\/p>\n<p><strong>Percursos:<\/strong><br \/>\n\u2022 Nata\u00e7\u00e3o: volta \u00fanica na Ba\u00eda de Sines<br \/>\n\u2022 Ciclismo: tr\u00eas voltas com partida e chegada no Passeio Vasco da Gama<br \/>\n\u2022 Corrida: tr\u00eas voltas com partida e chegada no Passeio Vasco da Gama<\/p>\n<p><strong>M\u00e9todo de cronometragem:<\/strong> Cronometragem eletr\u00f3nica com chip para classifica\u00e7\u00f5es individuais e por estafetas<\/p>\n<p><strong>WC e localiza\u00e7\u00e3o dos abastecimentos:<\/strong><br \/>\n\u2022 Abastecimentos no ciclismo nos km 20,4, 33,4, 46,8, 60 e 73,2 com l\u00edquidos e s\u00f3lidos<br \/>\n\u2022 Abastecimentos na corrida a cada 3 km com l\u00edquidos e s\u00f3lidos<br \/>\n\u2022 Zona de meta com hidrata\u00e7\u00e3o e refor\u00e7o alimentar<\/p>\n<p><strong>Pr\u00e9mios:<\/strong> Medalhas e kits finisher para todos os que conclu\u00edrem; trof\u00e9us para os 3 primeiros absolutos masculino e feminino, 3 primeiros age groups, 3 primeiras equipas e 3 primeiras estafetas<\/p>\n","race_benefits":"<p>\ud83c\udfbd Kit do atleta: mochila, bidon, cinto porta dorsal, chip, pulseira de chip, touca de nata\u00e7\u00e3o<br \/>\n\ud83c\udfc5 Pr\u00e9mio de finalista: medalha e kit finisher para todos os atletas que conclu\u00edrem a prova<br \/>\n\u23f1\ufe0f Cronometragem + resultados ao vivo com sistema eletr\u00f3nico de chip<br \/>\n\ud83d\udedf Apoio de seguran\u00e7a: verifica\u00e7\u00e3o t\u00e9cnica, oficiais de prova e medidas de seguran\u00e7a incluindo partida em rolling start<br \/>\n\ud83d\udee1\ufe0f Seguro: seguro de acidentes pessoais e responsabilidade civil inclu\u00eddo na inscri\u00e7\u00e3o<br \/>\n\ud83e\udd64 Abastecimentos: hidrata\u00e7\u00e3o e alimenta\u00e7\u00e3o s\u00f3lida no ciclismo, corrida e na meta<br \/>\n\ud83d\udcf8 Direitos de fotografia e v\u00eddeo autorizados para promo\u00e7\u00e3o do evento<br \/>\n\ud83c\udfc6 Trof\u00e9us para os melhores classificados individuais, por escal\u00f5es, equipas e estafetas<\/p>\n","event_faq_headline":"FAQ","event_faq_items":[{"item_title":"Como fa\u00e7o a inscri\u00e7\u00e3o no Sines Triathlon?","item_description":"A inscri\u00e7\u00e3o \u00e9 feita no site oficial sinestriathlon.pt. Ap\u00f3s a inscri\u00e7\u00e3o, o pagamento deve ser efetuado em at\u00e9 72 horas por refer\u00eancia multibanco, VISA ou MB Way."},{"item_title":"Posso participar em estafeta?","item_description":"Sim, estafetas de 2 ou 3 elementos s\u00e3o permitidas, com limite de 50 equipas. Cada segmento deve ser cumprido por um membro diferente."},{"item_title":"Qual o tempo limite para o segmento de nata\u00e7\u00e3o?","item_description":"O tempo limite para a nata\u00e7\u00e3o \u00e9 de 1 hora a contar do in\u00edcio individual de cada atleta."},{"item_title":"Qual a idade m\u00ednima para participar?","item_description":"A participa\u00e7\u00e3o \u00e9 permitida a partir dos 18 anos, conforme o ano civil."},{"item_title":"Onde e quando posso levantar o kit de prova?","item_description":"O kit pode ser levantado nos dias 25 de setembro das 14:00 \u00e0s 18:00 e 26 de setembro das 10:00 \u00e0s 17:00 no Hotel Sines Sea View."}],"event_date_start":"20260927","event_date_end":"20260927","event_start_time":"","event_country":"portugal","event_ticket_url":"https:\/\/sinestriathlon.pt\/site\/","event_latitude":"37.9528","event_longitude":"-8.8648","event_rating":"","is_hot_event":false,"event_participants_count":"0","organizer_avatar":false,"event_gallery":false,"purchasing_all_variations_through_woocommerce":false,"organizer_website":{"title":"","url":"","target":"","0":""}},"_links":{"self":[{"href":"https:\/\/racefinder.pt\/pt\/wp-json\/wp\/v2\/product\/37632","targetHints":{"allow":["GET"]}}],"collection":[{"href":"https:\/\/racefinder.pt\/pt\/wp-json\/wp\/v2\/product"}],"about":[{"href":"https:\/\/racefinder.pt\/pt\/wp-json\/wp\/v2\/types\/product"}],"replies":[{"embeddable":true,"href":"https:\/\/racefinder.pt\/pt\/wp-json\/wp\/v2\/comments?post=37632"}],"version-history":[{"count":2,"href":"https:\/\/racefinder.pt\/pt\/wp-json\/wp\/v2\/product\/37632\/revisions"}],"predecessor-version":[{"id":37926,"href":"https:\/\/racefinder.pt\/pt\/wp-json\/wp\/v2\/product\/37632\/revisions\/37926"}],"wp:featuredmedia":[{"embeddable":true,"href":"https:\/\/racefinder.pt\/pt\/wp-json\/wp\/v2\/media\/37921"}],"wp:attachment":[{"href":"https:\/\/racefinder.pt\/pt\/wp-json\/wp\/v2\/media?parent=37632"}],"wp:term":[{"taxonomy":"product_brand","embeddable":true,"href":"https:\/\/racefinder.pt\/pt\/wp-json\/wp\/v2\/product_brand?post=37632"},{"taxonomy":"product_cat","embeddable":true,"href":"https:\/\/racefinder.pt\/pt\/wp-json\/wp\/v2\/product_cat?post=37632"},{"taxonomy":"product_tag","embeddable":true,"href":"https:\/\/racefinder.pt\/pt\/wp-json\/wp\/v2\/product_tag?post=37632"}],"curies":[{"name":"wp","href":"https:\/\/api.w.org\/{rel}","templated":true}]}}