{"id":37378,"date":"2026-03-11T23:22:45","date_gmt":"2026-03-11T23:22:45","guid":{"rendered":"https:\/\/racefinder.pt\/?post_type=product&#038;p=37378"},"modified":"2026-03-30T15:51:18","modified_gmt":"2026-03-30T14:51:18","slug":"hygoes-2026","status":"publish","type":"product","link":"https:\/\/racefinder.pt\/pt\/event\/hygoes-2026\/","title":{"rendered":"HYGOES 2026"},"content":{"rendered":"","protected":false},"excerpt":{"rendered":"","protected":false},"featured_media":36579,"comment_status":"open","ping_status":"closed","template":"","meta":{"_acf_changed":false,"footnotes":""},"product_brand":[],"product_cat":[129,3579],"product_tag":[],"class_list":{"0":"post-37378","1":"product","2":"type-product","3":"status-publish","4":"has-post-thumbnail","6":"product_cat-corrida","7":"product_cat-hibrido-pt","9":"first","10":"instock","11":"shipping-taxable","12":"purchasable","13":"product-type-variable"},"acf":{"event_location_text":"G\u00f3is, Coimbra","event_short_description":"<p>HYGOES 2026 \u00e9 uma prova competitiva de fitness inspirada no modelo Hyrox, que se realiza a 12 de setembro de 2026, em Vila de G\u00f3is. A prova consiste em 8 km de corrida divididos em oito voltas de 1 km, intercalados com oito esta\u00e7\u00f5es funcionais.<\/p>\n<p>A competi\u00e7\u00e3o \u00e9 exclusivamente para equipas Open Duplas, masculinas, femininas ou mistas. As duplas devem completar toda a corrida e esta\u00e7\u00f5es funcionais em conjunto, podendo dividir livremente o trabalho nas esta\u00e7\u00f5es entre os atletas.<\/p>\n<p>Os participantes enfrentar\u00e3o uma competi\u00e7\u00e3o din\u00e2mica que combina corrida e exerc\u00edcios de for\u00e7a, promovendo o trabalho em equipa e resist\u00eancia num formato \u00fanico.<\/p>\n","organizer_description":"<p><strong><a class=\"\" href=\"https:\/\/drive.google.com\/file\/d\/12_5zIxmFOkTh3Nw6yPKR3DCCd6fKI_RB\/view\" target=\"_new\" rel=\"noopener\">Regulamento \u2197<\/a><\/strong><\/p>\n<p><strong>Hor\u00e1rios de partida por categoria\/dist\u00e2ncia:<\/strong> As sa\u00eddas ser\u00e3o realizadas com intervalos de 15 em 15 minutos.<\/p>\n<p><strong>Prazo de inscri\u00e7\u00e3o:<\/strong> 31 de agosto de 2026<\/p>\n<p><strong>Limite de participantes:<\/strong> Exclusivamente equipas Open Duplas (masculinas, femininas ou mistas)<\/p>\n<p><strong>Pr\u00e9mios:<\/strong><br \/>\n\u2022 Fins de semana em Aldeias do Xisto<br \/>\n\u2022 Produtos regionais<br \/>\n\u2022 Lembran\u00e7as de participa\u00e7\u00e3o<\/p>\n","race_benefits":"<p>\ud83d\udee1\ufe0f Seguro: a participa\u00e7\u00e3o inclui seguro<br \/>\n\ud83c\udfc6 Pr\u00e9mios: fins de semana em Aldeias do Xisto, produtos regionais, lembran\u00e7as de participa\u00e7\u00e3o<\/p>\n","event_faq_headline":"FAQ","event_faq_items":false,"event_date_start":"20260912","event_date_end":"20260912","event_start_time":"","event_country":"portugal","event_ticket_url":"https:\/\/www.portimer.pt\/eventos\/hygoes_2026\/inscritos","event_latitude":"40.1793","event_longitude":"-8.1476","event_rating":"","is_hot_event":false,"event_participants_count":"0","organizer_avatar":false,"event_gallery":false,"purchasing_all_variations_through_woocommerce":false,"optional_extras":false,"event_full_address":"","organizer_name":"","organizer_website":{"title":"","url":"","target":"","0":""}},"_links":{"self":[{"href":"https:\/\/racefinder.pt\/pt\/wp-json\/wp\/v2\/product\/37378","targetHints":{"allow":["GET"]}}],"collection":[{"href":"https:\/\/racefinder.pt\/pt\/wp-json\/wp\/v2\/product"}],"about":[{"href":"https:\/\/racefinder.pt\/pt\/wp-json\/wp\/v2\/types\/product"}],"replies":[{"embeddable":true,"href":"https:\/\/racefinder.pt\/pt\/wp-json\/wp\/v2\/comments?post=37378"}],"version-history":[{"count":1,"href":"https:\/\/racefinder.pt\/pt\/wp-json\/wp\/v2\/product\/37378\/revisions"}],"predecessor-version":[{"id":37379,"href":"https:\/\/racefinder.pt\/pt\/wp-json\/wp\/v2\/product\/37378\/revisions\/37379"}],"wp:featuredmedia":[{"embeddable":true,"href":"https:\/\/racefinder.pt\/pt\/wp-json\/wp\/v2\/media\/36579"}],"wp:attachment":[{"href":"https:\/\/racefinder.pt\/pt\/wp-json\/wp\/v2\/media?parent=37378"}],"wp:term":[{"taxonomy":"product_brand","embeddable":true,"href":"https:\/\/racefinder.pt\/pt\/wp-json\/wp\/v2\/product_brand?post=37378"},{"taxonomy":"product_cat","embeddable":true,"href":"https:\/\/racefinder.pt\/pt\/wp-json\/wp\/v2\/product_cat?post=37378"},{"taxonomy":"product_tag","embeddable":true,"href":"https:\/\/racefinder.pt\/pt\/wp-json\/wp\/v2\/product_tag?post=37378"}],"curies":[{"name":"wp","href":"https:\/\/api.w.org\/{rel}","templated":true}]}}