{"id":37122,"date":"2026-03-10T23:29:30","date_gmt":"2026-03-10T23:29:30","guid":{"rendered":"https:\/\/racefinder.pt\/?post_type=product&#038;p=37122"},"modified":"2026-03-11T11:27:50","modified_gmt":"2026-03-11T11:27:50","slug":"taca-intermunicipal-3h-resistencia-btt-2026-alenquer","status":"publish","type":"product","link":"https:\/\/racefinder.pt\/pt\/event\/taca-intermunicipal-3h-resistencia-btt-2026-alenquer\/","title":{"rendered":"TA\u00c7A INTERMUNICIPAL 3H RESIST\u00caNCIA BTT 2026 &#8211; ALENQUER"},"content":{"rendered":"","protected":false},"excerpt":{"rendered":"","protected":false},"featured_media":37170,"comment_status":"open","ping_status":"closed","template":"","meta":{"_acf_changed":false,"footnotes":""},"product_brand":[],"product_cat":[193,130,214,2905,1966],"product_tag":[],"class_list":{"0":"post-37122","1":"product","2":"type-product","3":"status-publish","4":"has-post-thumbnail","6":"product_cat-btt-pt-2","7":"product_cat-ciclismo","8":"product_cat-e-bike-pt","9":"product_cat-jovens-pt-3","10":"product_cat-kids-pt-3","12":"first","13":"instock","14":"shipping-taxable","15":"purchasable","16":"product-type-variable"},"acf":{"event_location_text":"Alenquer, Lisboa","event_short_description":"<p>A Ta\u00e7a Intermunicipal 3H Resist\u00eancia BTT \u00e9 uma prova de resist\u00eancia em bicicleta de montanha realizada em v\u00e1rios locais, incluindo Alenquer, Loures, Mafra, Oeiras, Amadora e Lisboa. A edi\u00e7\u00e3o de 2026 compreende seis provas, com o primeiro evento marcado para 31 de maio de 2026 em Alenquer.<\/p>\n<p>A prova apresenta um formato de resist\u00eancia de 3 horas com percursos de aproximadamente 4 a 7 km, juntamente com provas juvenis de BTT com circuitos mais curtos de 500 metros a 3 km, conforme as categorias et\u00e1rias. Participam atletas federados e n\u00e3o federados com idade igual ou superior a 5 anos.<\/p>\n<p>O evento integra uma s\u00e9rie com classifica\u00e7\u00f5es por pontos e pr\u00e9mios para os melhores classificados em v\u00e1rias categorias, incluindo bicicletas el\u00e9tricas. O ambiente \u00e9 competitivo amador, com participa\u00e7\u00e3o organizada em equipas e individual, apoiado por v\u00e1rios clubes de ciclismo e munic\u00edpios.<\/p>\n","organizer_description":"<p><strong><a class=\"\" href=\"https:\/\/assets.apedalar.pt\/media\/9013\/69aefc8bd8be2_regulamento_taca.pdf\" target=\"_new\" rel=\"noopener\">Regulamento \u2197<\/a><\/strong><\/p>\n<p><strong>Escal\u00f5es\/categorias:<\/strong><br \/>\n\u2022 Prova Juvenil BTT: Sub-7 (Pupilos), Sub-9 (Benjamins), Sub-11 (Iniciados), Sub-13 (Infantis), Sub-15 (Juvenis) masculinos e femininos<br \/>\n\u2022 Ta\u00e7a Intermunicipal 3H Resist\u00eancia BTT: Sub-17 (Cadetes), Sub-19 (Juniores), Sub-23, Elites, Master 30, Master 40, Master 50, Master 60 masculinos e femininos<br \/>\n\u2022 E-Bikes: categoria \u00fanica para masculinos e femininos nascidos at\u00e9 2007 inclusive<\/p>\n<p><strong>Locais de partida\/chegada:<\/strong> Alenquer, Loures, Mafra, Jamor (Oeiras), Amadora, Monsanto (Lisboa)<\/p>\n<p><strong>Hor\u00e1rios de partida por categoria\/dist\u00e2ncia:<\/strong><br \/>\n\u2022 Alenquer \u2013 31 de maio de 2026 \u00e0s 09:00<br \/>\n\u2022 Loures \u2013 11 de julho de 2026 \u00e0s 15:00<br \/>\n\u2022 Mafra \u2013 12 de setembro de 2025 \u00e0s 15:00<br \/>\n\u2022 Jamor (Oeiras) \u2013 19 de setembro de 2025 \u00e0s 19:00<br \/>\n\u2022 Amadora \u2013 11 de outubro de 2025 \u00e0s 09:00<br \/>\n\u2022 Monsanto (Lisboa) \u2013 25 de outubro de 2025 \u00e0s 09:00<\/p>\n<p><strong>Tempos limite:<\/strong> Tempo m\u00e1ximo para \u00faltima volta \u00e9 30 minutos ap\u00f3s o t\u00e9rmino da prova de 3 horas (ajust\u00e1vel pela organiza\u00e7\u00e3o)<\/p>\n<p><strong>Levantamento de dorsais (data\/hora e local):<\/strong> Duas horas antes do in\u00edcio de cada prova, mediante apresenta\u00e7\u00e3o de documento de identifica\u00e7\u00e3o<\/p>\n<p><strong>Limite de participantes:<\/strong> 500 atletas por prova<\/p>\n<p><strong>Tipos de piso:<\/strong> Terreno de BTT com circuitos de aproximadamente 4 a 7 km para resist\u00eancia e 0,5 a 3 km para provas juvenis<\/p>\n<p><strong>Formato do percurso:<\/strong> Provas em circuito com marca\u00e7\u00e3o por placas e fitas<\/p>\n<p><strong>Percursos:<\/strong> Resist\u00eancia 3H BTT: voltas de 4 a 7 km; provas juvenis: 0,5 km (Sub7\/Sub9) a 3 km com dura\u00e7\u00e3o m\u00e1xima de 20 a 40 minutos conforme escal\u00e3o<\/p>\n<p><strong>M\u00e9todo de cronometragem:<\/strong> Cronometragem eletr\u00f3nica por chip<\/p>\n<p><strong>WC e localiza\u00e7\u00e3o dos abastecimentos:<\/strong> Zonas designadas para abastecimento e apoio t\u00e9cnico; apoio fora destas zonas implica desclassifica\u00e7\u00e3o<\/p>\n<p><strong>Pr\u00e9mios:<\/strong> Trof\u00e9us para os 3 primeiros da geral e por escal\u00e3o em cada prova; entrega final em 14 de novembro de 2026 em Mafra para vencedores gerais e por escal\u00e3o, incluindo E-Bikes<\/p>\n","race_benefits":"<p>\ud83c\udfbd Kit do atleta: dorsal<br \/>\n\ud83c\udfc5 Pr\u00e9mio de finalista: trof\u00e9us para os 3 primeiros de cada categoria e geral<br \/>\n\u23f1\ufe0f Cronometragem + resultados ao vivo por chip eletr\u00f3nico<br \/>\n\ud83d\udedf Apoio de seguran\u00e7a: primeiros socorros e assist\u00eancia m\u00e9dica inclu\u00eddos<br \/>\n\ud83d\udee1\ufe0f Seguro: acidentes pessoais e responsabilidade civil inclu\u00eddos<br \/>\n\ud83e\udd64 Abastecimentos: zonas designadas para apoio e abastecimento t\u00e9cnico<br \/>\n\ud83d\udcf8 Cobertura fotogr\u00e1fica\/v\u00eddeo: imagens autorizadas para promo\u00e7\u00e3o do evento<\/p>\n","event_faq_headline":"FAQ","event_faq_items":false,"event_date_start":"20260531","event_date_end":"20260531","event_start_time":"","event_country":"portugal","event_ticket_url":"https:\/\/apedalar.pt\/eventos\/4246\/info","event_latitude":"39.0566","event_longitude":"-9.0076","event_rating":"","is_hot_event":false,"event_participants_count":"0","organizer_avatar":false,"event_gallery":false,"purchasing_all_variations_through_woocommerce":false,"organizer_website":{"title":"","url":"","target":"","0":""}},"_links":{"self":[{"href":"https:\/\/racefinder.pt\/pt\/wp-json\/wp\/v2\/product\/37122","targetHints":{"allow":["GET"]}}],"collection":[{"href":"https:\/\/racefinder.pt\/pt\/wp-json\/wp\/v2\/product"}],"about":[{"href":"https:\/\/racefinder.pt\/pt\/wp-json\/wp\/v2\/types\/product"}],"replies":[{"embeddable":true,"href":"https:\/\/racefinder.pt\/pt\/wp-json\/wp\/v2\/comments?post=37122"}],"version-history":[{"count":1,"href":"https:\/\/racefinder.pt\/pt\/wp-json\/wp\/v2\/product\/37122\/revisions"}],"predecessor-version":[{"id":37123,"href":"https:\/\/racefinder.pt\/pt\/wp-json\/wp\/v2\/product\/37122\/revisions\/37123"}],"wp:featuredmedia":[{"embeddable":true,"href":"https:\/\/racefinder.pt\/pt\/wp-json\/wp\/v2\/media\/37170"}],"wp:attachment":[{"href":"https:\/\/racefinder.pt\/pt\/wp-json\/wp\/v2\/media?parent=37122"}],"wp:term":[{"taxonomy":"product_brand","embeddable":true,"href":"https:\/\/racefinder.pt\/pt\/wp-json\/wp\/v2\/product_brand?post=37122"},{"taxonomy":"product_cat","embeddable":true,"href":"https:\/\/racefinder.pt\/pt\/wp-json\/wp\/v2\/product_cat?post=37122"},{"taxonomy":"product_tag","embeddable":true,"href":"https:\/\/racefinder.pt\/pt\/wp-json\/wp\/v2\/product_tag?post=37122"}],"curies":[{"name":"wp","href":"https:\/\/api.w.org\/{rel}","templated":true}]}}